{"id":39,"date":"2020-01-09T12:44:11","date_gmt":"2020-01-09T11:44:11","guid":{"rendered":"http:\/\/blogsaverroes.juntadeandalucia.es\/pre\/nuevoceip2v2\/?page_id=39"},"modified":"2023-02-13T15:22:37","modified_gmt":"2023-02-13T14:22:37","slug":"comedor-escolar","status":"publish","type":"page","link":"https:\/\/blogsaverroes.juntadeandalucia.es\/escuelainfantilalborada\/comedor-escolar\/","title":{"rendered":"Comedor escolar"},"content":{"rendered":"<h2>Comedor escolar<\/h2>\n<div class=\"dslc-modules-area dslc-col dslc-6-col dslc-first-col dslc-valign- \" data-size=\"6\" data-valign=\"\">\n<div id=\"dslc-module-a8f289d24d2\" class=\"dslc-module-front dslc-module-DSLC_Text_Simple dslc-in-viewport-check dslc-in-viewport-anim-none dslc-col dslc-12-col dslc-last-col dslc-module-handle-like-regular dslc-in-viewport\" data-module-id=\"a8f289d24d2\" data-module=\"DSLC_Text_Simple\" data-dslc-module-size=\"12\" data-dslc-anim=\"none\" data-dslc-anim-delay=\"\" data-dslc-anim-duration=\"650\" data-dslc-anim-easing=\"ease\" data-dslc-preset=\"none\">\n<div class=\"dslc-text-module-content\">\n<p>En nuestra escuela consideramos que <strong>la alimentaci\u00f3n es crucial en el desarrollo infantil<\/strong>, por ello disponemos de cocina propia en la que diariamente elaboramos los men\u00fas de los peques.<\/p>\n<p>Apoyamos la&nbsp;<strong>lactancia materna y facilitamos la prolongaci\u00f3n<\/strong>&nbsp;de la lactancia hasta que la familia lo desea. Tan s\u00f3lo deben traer la leche conservada en un recipiente isotermo con una temperatura entre 0 y 5 grados cent\u00edgrados y nosotras nos encargamos de todo.<\/p>\n<p>Nuestro nutricionista es quien ha realizado los men\u00fas bas\u00e1ndose en una&nbsp;<strong>rica dieta mediterr\u00e1nea, equilibrada, variada, saludable y men\u00fa Halal.<\/strong><\/p>\n<p>Estamos al d\u00eda en&nbsp;<b>nuevas t\u00e9cnicas de alimentaci\u00f3n, como Baby Led Weaning (BLW), o m\u00e9todo de autorregulaci\u00f3n,<\/b> y&nbsp; os ayudamos para que vuestro\/a hijo\/a pueda seguir ese m\u00e9todo adapt\u00e1ndolo en la escuela.<\/p>\n<\/div>\n<\/div>\n<\/div>\n<div class=\"dslc-modules-area dslc-col dslc-6-col dslc-last-col dslc-valign- \" data-size=\"6\" data-valign=\"\">\n<div id=\"dslc-module-22ljg18m3v\" class=\"dslc-module-front dslc-module-DSLC_Image dslc-in-viewport-check dslc-in-viewport-anim-none dslc-col dslc-12-col dslc-last-col dslc-module-handle-like-regular dslc-in-viewport\" data-module-id=\"22ljg18m3v\" data-module=\"DSLC_Image\" data-dslc-module-size=\"12\" data-dslc-anim=\"none\" data-dslc-anim-delay=\"\" data-dslc-anim-duration=\"650\" data-dslc-anim-easing=\"ease\" data-dslc-preset=\"none\">\n<div class=\"dslc-image-container\">\n<div class=\"dslc-image\">Adquirir de manera temprana un buen h\u00e1bito de alimentaci\u00f3n es important\u00edsimo para las sucesivas etapas de su vida. Para ello introducimos de manera gradual un <strong>amplio abanico de alimentos en esta etapa preescolar<\/strong>.<\/div>\n<\/div>\n<\/div>\n<\/div>\n<div class=\"dslc-modules-area dslc-col dslc-12-col dslc-last-col dslc-valign- \" data-size=\"12\" data-valign=\"\">\n<div id=\"dslc-module-5285441bb5c\" class=\"dslc-module-front dslc-module-DSLC_Text_Simple dslc-in-viewport-check dslc-in-viewport-anim-none dslc-col dslc-12-col dslc-last-col dslc-module-handle-like-regular dslc-in-viewport\" data-module-id=\"5285441bb5c\" data-module=\"DSLC_Text_Simple\" data-dslc-module-size=\"12\" data-dslc-anim=\"none\" data-dslc-anim-delay=\"\" data-dslc-anim-duration=\"650\" data-dslc-anim-easing=\"ease\" data-dslc-preset=\"none\">\n<div class=\"dslc-text-module-content\">\n<p>En nuestra escuela<strong> ense\u00f1amos a los ni\u00f1os y ni\u00f1as la importancia de tener una dieta variada<\/strong>&nbsp;para que coman de todo en cualquier situaci\u00f3n.<\/p>\n<p>Asimismo, atiende las necesidades de cada ni\u00f1o y ni\u00f1a contemplando la existencia de <strong>alergias e intolerancias<\/strong>&nbsp;y, propone a su vez alternativas que suplan los nutrientes aportados por dichos alimentos prohibidos.<\/p>\n<p>Por ser una<b> Escuela infantil de la Junta de Andaluc\u00eda<\/b>&nbsp;estamos sujetos a controles peri\u00f3dicos de sanidad y calidad que garantizan vuestra tranquilidad y avalan nuestro servicio.<\/p>\n<\/div>\n<\/div>\n<\/div>\n","protected":false},"excerpt":{"rendered":"<p>Comedor escolar En nuestra escuela consideramos que la alimentaci\u00f3n es crucial en el desarrollo infantil, por ello disponemos de cocina propia en la que diariamente elaboramos los men\u00fas de los peques. Apoyamos la&nbsp;lactancia materna y facilitamos la prolongaci\u00f3n&nbsp;de la lactancia hasta que la familia lo desea. Tan s\u00f3lo deben traer la leche conservada en un &hellip; <\/p>\n<p class=\"link-more\"><a href=\"https:\/\/blogsaverroes.juntadeandalucia.es\/escuelainfantilalborada\/comedor-escolar\/\" class=\"more-link\">Continuar leyendo<span class=\"screen-reader-text\"> &#8220;Comedor escolar&#8221;<\/span><\/a><\/p>\n","protected":false},"author":7051,"featured_media":0,"parent":0,"menu_order":0,"comment_status":"closed","ping_status":"closed","template":"","meta":{"ngg_post_thumbnail":0,"footnotes":""},"aioseo_notices":[],"_links":{"self":[{"href":"https:\/\/blogsaverroes.juntadeandalucia.es\/escuelainfantilalborada\/wp-json\/wp\/v2\/pages\/39"}],"collection":[{"href":"https:\/\/blogsaverroes.juntadeandalucia.es\/escuelainfantilalborada\/wp-json\/wp\/v2\/pages"}],"about":[{"href":"https:\/\/blogsaverroes.juntadeandalucia.es\/escuelainfantilalborada\/wp-json\/wp\/v2\/types\/page"}],"author":[{"embeddable":true,"href":"https:\/\/blogsaverroes.juntadeandalucia.es\/escuelainfantilalborada\/wp-json\/wp\/v2\/users\/7051"}],"replies":[{"embeddable":true,"href":"https:\/\/blogsaverroes.juntadeandalucia.es\/escuelainfantilalborada\/wp-json\/wp\/v2\/comments?post=39"}],"version-history":[{"count":3,"href":"https:\/\/blogsaverroes.juntadeandalucia.es\/escuelainfantilalborada\/wp-json\/wp\/v2\/pages\/39\/revisions"}],"predecessor-version":[{"id":576,"href":"https:\/\/blogsaverroes.juntadeandalucia.es\/escuelainfantilalborada\/wp-json\/wp\/v2\/pages\/39\/revisions\/576"}],"wp:attachment":[{"href":"https:\/\/blogsaverroes.juntadeandalucia.es\/escuelainfantilalborada\/wp-json\/wp\/v2\/media?parent=39"}],"curies":[{"name":"wp","href":"https:\/\/api.w.org\/{rel}","templated":true}]}}