{"id":2,"date":"2014-08-25T11:09:05","date_gmt":"2014-08-25T11:09:05","guid":{"rendered":"http:\/\/blogsaverroes.juntadeandalucia.es\/igge\/?page_id=2"},"modified":"2025-11-18T20:20:47","modified_gmt":"2025-11-18T19:20:47","slug":"consejo-escolar","status":"publish","type":"page","link":"https:\/\/blogsaverroes.juntadeandalucia.es\/escuelainfantilelcastellon\/consejo-escolar\/","title":{"rendered":"Consejo Escolar"},"content":{"rendered":"<p><a href=\"https:\/\/blogsaverroes.juntadeandalucia.es\/escuelainfantilelcastellon\/files\/2020\/11\/consejo-escolar-slider_1-1.png\"><img fetchpriority=\"high\" decoding=\"async\" class=\"size-large wp-image-2413 aligncenter\" src=\"https:\/\/blogsaverroes.juntadeandalucia.es\/escuelainfantilelcastellon\/files\/2020\/11\/consejo-escolar-slider_1-1-1024x461.png\" alt=\"\" width=\"1024\" height=\"461\" srcset=\"https:\/\/blogsaverroes.juntadeandalucia.es\/escuelainfantilelcastellon\/files\/2020\/11\/consejo-escolar-slider_1-1-1024x461.png 1024w, https:\/\/blogsaverroes.juntadeandalucia.es\/escuelainfantilelcastellon\/files\/2020\/11\/consejo-escolar-slider_1-1-300x135.png 300w, https:\/\/blogsaverroes.juntadeandalucia.es\/escuelainfantilelcastellon\/files\/2020\/11\/consejo-escolar-slider_1-1-768x346.png 768w, https:\/\/blogsaverroes.juntadeandalucia.es\/escuelainfantilelcastellon\/files\/2020\/11\/consejo-escolar-slider_1-1-1536x691.png 1536w, https:\/\/blogsaverroes.juntadeandalucia.es\/escuelainfantilelcastellon\/files\/2020\/11\/consejo-escolar-slider_1-1-24x11.png 24w, https:\/\/blogsaverroes.juntadeandalucia.es\/escuelainfantilelcastellon\/files\/2020\/11\/consejo-escolar-slider_1-1-36x16.png 36w, https:\/\/blogsaverroes.juntadeandalucia.es\/escuelainfantilelcastellon\/files\/2020\/11\/consejo-escolar-slider_1-1-48x22.png 48w, https:\/\/blogsaverroes.juntadeandalucia.es\/escuelainfantilelcastellon\/files\/2020\/11\/consejo-escolar-slider_1-1.png 1600w\" sizes=\"(max-width: 1024px) 100vw, 1024px\" \/><\/a><\/p>\n<p style=\"text-align: left\">El consejo escolar es el \u00f3rgano de participaci\u00f3n de los diferentes sectores de la comunidad educativa en el gobierno de los centros escolares. Est\u00e1 presidido por nuestra directora y el n\u00famero de plazas var\u00eda en funci\u00f3n de las caracter\u00edsticas del centro el curso escolar en el que se convocan las elecciones al consejo escolar (cada dos a\u00f1os). Este curso escolar con car\u00e1cter excepcional los miembros del consejo escolar desarrollar\u00e1n sus funciones durante un a\u00f1o.<\/p>\n<p>Est\u00e1 constituido por:<\/p>\n<ul>\n<li>Directora: M\u00aa Dolores G\u00f3mez Mart\u00ednez<\/li>\n<li>Representante AMPA Castell\u00f3n: Alfonso P\u00e9rez Ruzafa<\/li>\n<li>Representante sector familias: Luis Mart\u00ednez Reina<\/li>\n<li>Representante sector familias: Raquel S\u00e1nchez Conejero<\/li>\n<li>Representante sector profesorado: M\u00aa Carmen Mart\u00ednez Teruel<\/li>\n<li>Representante sector profesorado: Josefina P\u00e9rez Mart\u00ednez<\/li>\n<li>Representante del ayuntamiento: Conce P\u00e9rez Morales<\/li>\n<li>Secretaria: Juani Mart\u00ednez Montero<\/li>\n<\/ul>\n<p>En el siguiente enlace pod\u00e9is encontrar la informaci\u00f3n relativa al procedimiento para cubrir las vacantes en los Consejos Escolares, si se da el caso.<\/p>\n<p style=\"text-align: center\"><a href=\"https:\/\/blogsaverroes.juntadeandalucia.es\/escuelainfantilelcastellon\/files\/2020\/11\/Circular-Consejer\u00eda-Educaci\u00f3n-sobre-Consejos-Escolares.pdf\">Circular Consejer\u00eda Educaci\u00f3n sobre Consejos Escolares<\/a><\/p>\n<p>&nbsp;<\/p>\n","protected":false},"excerpt":{"rendered":"<p>El consejo escolar es el \u00f3rgano de participaci\u00f3n de los diferentes sectores de la comunidad educativa en el gobierno de los centros escolares. Est\u00e1 presidido por nuestra directora y el n\u00famero de plazas var\u00eda&#46;&#46;&#46;<\/p>\n","protected":false},"author":1,"featured_media":0,"parent":0,"menu_order":0,"comment_status":"closed","ping_status":"open","template":"","meta":{"ngg_post_thumbnail":0,"footnotes":"","_mc_calendar":[]},"aioseo_notices":[],"_links":{"self":[{"href":"https:\/\/blogsaverroes.juntadeandalucia.es\/escuelainfantilelcastellon\/wp-json\/wp\/v2\/pages\/2"}],"collection":[{"href":"https:\/\/blogsaverroes.juntadeandalucia.es\/escuelainfantilelcastellon\/wp-json\/wp\/v2\/pages"}],"about":[{"href":"https:\/\/blogsaverroes.juntadeandalucia.es\/escuelainfantilelcastellon\/wp-json\/wp\/v2\/types\/page"}],"author":[{"embeddable":true,"href":"https:\/\/blogsaverroes.juntadeandalucia.es\/escuelainfantilelcastellon\/wp-json\/wp\/v2\/users\/1"}],"replies":[{"embeddable":true,"href":"https:\/\/blogsaverroes.juntadeandalucia.es\/escuelainfantilelcastellon\/wp-json\/wp\/v2\/comments?post=2"}],"version-history":[{"count":10,"href":"https:\/\/blogsaverroes.juntadeandalucia.es\/escuelainfantilelcastellon\/wp-json\/wp\/v2\/pages\/2\/revisions"}],"predecessor-version":[{"id":3007,"href":"https:\/\/blogsaverroes.juntadeandalucia.es\/escuelainfantilelcastellon\/wp-json\/wp\/v2\/pages\/2\/revisions\/3007"}],"wp:attachment":[{"href":"https:\/\/blogsaverroes.juntadeandalucia.es\/escuelainfantilelcastellon\/wp-json\/wp\/v2\/media?parent=2"}],"curies":[{"name":"wp","href":"https:\/\/api.w.org\/{rel}","templated":true}]}}