{"id":44,"date":"2015-03-13T08:42:15","date_gmt":"2015-03-13T08:42:15","guid":{"rendered":"http:\/\/blogsaverroes.juntadeandalucia.es\/pre\/ceip\/?page_id=44"},"modified":"2025-11-20T16:17:00","modified_gmt":"2025-11-20T15:17:00","slug":"planes-y-programas","status":"publish","type":"page","link":"https:\/\/blogsaverroes.juntadeandalucia.es\/escuelainfantilelcastellon\/planes-y-programas\/","title":{"rendered":"Planes y Programas"},"content":{"rendered":"<p><img decoding=\"async\" class=\"size-medium wp-image-1667 aligncenter\" src=\"http:\/\/blogsaverroes.juntadeandalucia.es\/temahueman\/files\/2015\/03\/planes-300x150.png\" alt=\"planes\" width=\"300\" height=\"150\" srcset=\"https:\/\/blogsaverroes.juntadeandalucia.es\/escuelainfantilelcastellon\/files\/2015\/03\/planes-300x150.png 300w, https:\/\/blogsaverroes.juntadeandalucia.es\/escuelainfantilelcastellon\/files\/2015\/03\/planes.png 640w\" sizes=\"(max-width: 300px) 100vw, 300px\" \/><\/p>\n<p style=\"text-align: center\">Cada centro personaliza y adapta su Proyecto Educativo adhiri\u00e9ndose a diferentes <strong>Planes y Programas<\/strong> promovidos desde la Consejer\u00eda de Educaci\u00f3n y Deporte.<\/p>\n<p style=\"text-align: center\">Los planes y programas de nuestra escuela infantil son los siguientes:<\/p>\n<ul>\n<li><strong>Bibliotecas escolares<\/strong><strong>:&nbsp;<\/strong>Coordinado por Mari Carmen y encaminado a fomentar el gusto por la lectura desde edades muy tempranas. Algunas de las actividades que se llevan a cabo en la biblioteca son la formaci\u00f3n b\u00e1sica de los usuarios\/as, cuentacuentos familiares, visitas de escritoras y escritores, tertulias familiares, talleres de creatividad, cuentos musicales, padrinos lectores y, por supuesto, pr\u00e9stamo de libros.<\/li>\n<\/ul>\n<p><a href=\"https:\/\/blogsaverroes.juntadeandalucia.es\/escuelainfantilelcastellon\/files\/2024\/12\/5.jpg\"><img fetchpriority=\"high\" decoding=\"async\" class=\"aligncenter size-medium wp-image-2983\" src=\"https:\/\/blogsaverroes.juntadeandalucia.es\/escuelainfantilelcastellon\/files\/2024\/12\/5-300x224.jpg\" alt=\"\" width=\"300\" height=\"224\" srcset=\"https:\/\/blogsaverroes.juntadeandalucia.es\/escuelainfantilelcastellon\/files\/2024\/12\/5-300x224.jpg 300w, https:\/\/blogsaverroes.juntadeandalucia.es\/escuelainfantilelcastellon\/files\/2024\/12\/5-1024x766.jpg 1024w, https:\/\/blogsaverroes.juntadeandalucia.es\/escuelainfantilelcastellon\/files\/2024\/12\/5-768x575.jpg 768w, https:\/\/blogsaverroes.juntadeandalucia.es\/escuelainfantilelcastellon\/files\/2024\/12\/5-1536x1149.jpg 1536w, https:\/\/blogsaverroes.juntadeandalucia.es\/escuelainfantilelcastellon\/files\/2024\/12\/5.jpg 1600w\" sizes=\"(max-width: 300px) 100vw, 300px\" \/><\/a><\/p>\n<ul>\n<li><strong>H\u00e1bitos de visa saludable: <\/strong>Coordinado por Eli y orientado a crear en nuestro alumnado h\u00e1bitos de vida saludable trabajando, tambi\u00e9n, la educaci\u00f3n emocional. Contamos para ello con un huerto en el que son los propios ni\u00f1os y ni\u00f1as quienes plantan, riegan y recogen la cosecha con ayuda de la coordinadora, se hacen tambi\u00e9n otras actividades como la visita del dentista al colegio, desayunos saludables, seguimiento en clase del consumo de fruta semanal&#8230;<a href=\"https:\/\/blogsaverroes.juntadeandalucia.es\/escuelainfantilelcastellon\/files\/2024\/12\/5eaba35c-68c2-4b1b-b223-a41dd50245c3.jpg\"><img decoding=\"async\" class=\"aligncenter size-medium wp-image-2985\" src=\"https:\/\/blogsaverroes.juntadeandalucia.es\/escuelainfantilelcastellon\/files\/2024\/12\/5eaba35c-68c2-4b1b-b223-a41dd50245c3-300x225.jpg\" alt=\"\" width=\"300\" height=\"225\" srcset=\"https:\/\/blogsaverroes.juntadeandalucia.es\/escuelainfantilelcastellon\/files\/2024\/12\/5eaba35c-68c2-4b1b-b223-a41dd50245c3-300x225.jpg 300w, https:\/\/blogsaverroes.juntadeandalucia.es\/escuelainfantilelcastellon\/files\/2024\/12\/5eaba35c-68c2-4b1b-b223-a41dd50245c3-1024x768.jpg 1024w, https:\/\/blogsaverroes.juntadeandalucia.es\/escuelainfantilelcastellon\/files\/2024\/12\/5eaba35c-68c2-4b1b-b223-a41dd50245c3-768x576.jpg 768w, https:\/\/blogsaverroes.juntadeandalucia.es\/escuelainfantilelcastellon\/files\/2024\/12\/5eaba35c-68c2-4b1b-b223-a41dd50245c3-1536x1152.jpg 1536w, https:\/\/blogsaverroes.juntadeandalucia.es\/escuelainfantilelcastellon\/files\/2024\/12\/5eaba35c-68c2-4b1b-b223-a41dd50245c3.jpg 1600w\" sizes=\"(max-width: 300px) 100vw, 300px\" \/><\/a><\/li>\n<\/ul>\n<p>&nbsp;<\/p>\n<ul>\n<li><strong>Escuela espacio de paz: <\/strong>Coordinado por Josefina, tiene como prop\u00f3sito fundamental contribuir a la consecuci\u00f3n de una convivencia justa, solidaria y en paz dentro del centro escolar. Para ello se llevan a cabo diferentes actividades como por ejemplo la celebraci\u00f3n del d\u00eda internacional de los derechos del ni\u00f1o, d\u00eda de la paz, los guerreros de la paz (los alumnos\/as de 5 a\u00f1os se encargan de resolver conflictos que puedan surgir en el patio).<\/li>\n<\/ul>\n<p><a href=\"https:\/\/blogsaverroes.juntadeandalucia.es\/escuelainfantilelcastellon\/files\/2020\/11\/paz1.jpg\"><img loading=\"lazy\" decoding=\"async\" class=\"aligncenter size-medium wp-image-2638\" src=\"https:\/\/blogsaverroes.juntadeandalucia.es\/escuelainfantilelcastellon\/files\/2020\/11\/paz1-300x225.jpg\" alt=\"\" width=\"300\" height=\"225\" srcset=\"https:\/\/blogsaverroes.juntadeandalucia.es\/escuelainfantilelcastellon\/files\/2020\/11\/paz1-300x225.jpg 300w, https:\/\/blogsaverroes.juntadeandalucia.es\/escuelainfantilelcastellon\/files\/2020\/11\/paz1-1024x768.jpg 1024w, https:\/\/blogsaverroes.juntadeandalucia.es\/escuelainfantilelcastellon\/files\/2020\/11\/paz1-768x576.jpg 768w, https:\/\/blogsaverroes.juntadeandalucia.es\/escuelainfantilelcastellon\/files\/2020\/11\/paz1-1536x1152.jpg 1536w, https:\/\/blogsaverroes.juntadeandalucia.es\/escuelainfantilelcastellon\/files\/2020\/11\/paz1-24x18.jpg 24w, https:\/\/blogsaverroes.juntadeandalucia.es\/escuelainfantilelcastellon\/files\/2020\/11\/paz1-36x27.jpg 36w, https:\/\/blogsaverroes.juntadeandalucia.es\/escuelainfantilelcastellon\/files\/2020\/11\/paz1-48x36.jpg 48w, https:\/\/blogsaverroes.juntadeandalucia.es\/escuelainfantilelcastellon\/files\/2020\/11\/paz1.jpg 1600w\" sizes=\"(max-width: 300px) 100vw, 300px\" \/><\/a><\/p>\n<ul>\n<li><strong>Plan de igualdad:&nbsp;<\/strong>Coordinado por Mamen y dirigido a conseguir una ense\u00f1anza realmente coeducativa, as\u00ed como una mayor valoraci\u00f3n de las actitudes y capacidades devaluadas hasta ahora. En este plan es de suma importancia la colaboraci\u00f3n con el centro de la mujer, desarrollando de manera conjunta diversas actividades, como por ejemplo la plantaci\u00f3n de pensamientos el d\u00eda 25 de noviembre, cuentacuentos, montajes audiovisuales, reuniones con el equipo docente, etc.<\/li>\n<\/ul>\n<p><a href=\"https:\/\/blogsaverroes.juntadeandalucia.es\/escuelainfantilelcastellon\/files\/2024\/12\/1-2.jpg\"><img loading=\"lazy\" decoding=\"async\" class=\"aligncenter size-medium wp-image-2986\" src=\"https:\/\/blogsaverroes.juntadeandalucia.es\/escuelainfantilelcastellon\/files\/2024\/12\/1-2-300x224.jpg\" alt=\"\" width=\"300\" height=\"224\" srcset=\"https:\/\/blogsaverroes.juntadeandalucia.es\/escuelainfantilelcastellon\/files\/2024\/12\/1-2-300x224.jpg 300w, https:\/\/blogsaverroes.juntadeandalucia.es\/escuelainfantilelcastellon\/files\/2024\/12\/1-2-1024x766.jpg 1024w, https:\/\/blogsaverroes.juntadeandalucia.es\/escuelainfantilelcastellon\/files\/2024\/12\/1-2-768x575.jpg 768w, https:\/\/blogsaverroes.juntadeandalucia.es\/escuelainfantilelcastellon\/files\/2024\/12\/1-2-1536x1149.jpg 1536w, https:\/\/blogsaverroes.juntadeandalucia.es\/escuelainfantilelcastellon\/files\/2024\/12\/1-2.jpg 1600w\" sizes=\"(max-width: 300px) 100vw, 300px\" \/><\/a><\/p>\n<ul>\n<li><strong>Plan de autoprotecci\u00f3n:&nbsp;<\/strong>Coordinado por Loli, consiste en establecer protocolos para prevenir los distintos riesgos que pueden presentarse. Tambi\u00e9n se llevan a cabo, con la inestimable colaboraci\u00f3n de protecci\u00f3n civil de V\u00e9lez-Rubio y del ayuntamiento de V\u00e9lez-Rubio, simulacros de evacuaci\u00f3n del centro y charlas.<\/li>\n<\/ul>\n<p><img loading=\"lazy\" decoding=\"async\" class=\"aligncenter size-medium wp-image-2984\" src=\"https:\/\/blogsaverroes.juntadeandalucia.es\/escuelainfantilelcastellon\/files\/2024\/12\/1-1-300x224.jpg\" alt=\"\" width=\"300\" height=\"224\" srcset=\"https:\/\/blogsaverroes.juntadeandalucia.es\/escuelainfantilelcastellon\/files\/2024\/12\/1-1-300x224.jpg 300w, https:\/\/blogsaverroes.juntadeandalucia.es\/escuelainfantilelcastellon\/files\/2024\/12\/1-1-1024x766.jpg 1024w, https:\/\/blogsaverroes.juntadeandalucia.es\/escuelainfantilelcastellon\/files\/2024\/12\/1-1-768x575.jpg 768w, https:\/\/blogsaverroes.juntadeandalucia.es\/escuelainfantilelcastellon\/files\/2024\/12\/1-1-1536x1149.jpg 1536w, https:\/\/blogsaverroes.juntadeandalucia.es\/escuelainfantilelcastellon\/files\/2024\/12\/1-1.jpg 1600w\" sizes=\"(max-width: 300px) 100vw, 300px\" \/><\/p>\n<p>&nbsp;<\/p>\n<ul>\n<li><strong>Steam: <\/strong>Coordinado por M\u00f3nica, donde el objetivo principal es mejorar la formaci\u00f3n digital del claustro. Para ello se realizan diferentes cursos de formaci\u00f3n externos, ofertados por el centro de profesorado, y tambi\u00e9n tiene gran importancia la formaci\u00f3n entre iguales, que consiste en ayudarnos entre nosotras en aquellas tareas que cada una domina.<\/li>\n<\/ul>\n<p><a href=\"https:\/\/blogsaverroes.juntadeandalucia.es\/escuelainfantilelcastellon\/files\/2020\/11\/20201123_181520-scaled.jpg\"><img loading=\"lazy\" decoding=\"async\" class=\"aligncenter size-medium wp-image-2764\" src=\"https:\/\/blogsaverroes.juntadeandalucia.es\/escuelainfantilelcastellon\/files\/2020\/11\/20201123_181520-300x225.jpg\" alt=\"\" width=\"300\" height=\"225\" srcset=\"https:\/\/blogsaverroes.juntadeandalucia.es\/escuelainfantilelcastellon\/files\/2020\/11\/20201123_181520-300x225.jpg 300w, https:\/\/blogsaverroes.juntadeandalucia.es\/escuelainfantilelcastellon\/files\/2020\/11\/20201123_181520-1024x768.jpg 1024w, https:\/\/blogsaverroes.juntadeandalucia.es\/escuelainfantilelcastellon\/files\/2020\/11\/20201123_181520-768x576.jpg 768w, https:\/\/blogsaverroes.juntadeandalucia.es\/escuelainfantilelcastellon\/files\/2020\/11\/20201123_181520-1536x1152.jpg 1536w, https:\/\/blogsaverroes.juntadeandalucia.es\/escuelainfantilelcastellon\/files\/2020\/11\/20201123_181520-2048x1536.jpg 2048w, https:\/\/blogsaverroes.juntadeandalucia.es\/escuelainfantilelcastellon\/files\/2020\/11\/20201123_181520-24x18.jpg 24w, https:\/\/blogsaverroes.juntadeandalucia.es\/escuelainfantilelcastellon\/files\/2020\/11\/20201123_181520-36x27.jpg 36w, https:\/\/blogsaverroes.juntadeandalucia.es\/escuelainfantilelcastellon\/files\/2020\/11\/20201123_181520-48x36.jpg 48w, https:\/\/blogsaverroes.juntadeandalucia.es\/escuelainfantilelcastellon\/files\/2020\/11\/20201123_181520-scaled.jpg 1600w\" sizes=\"(max-width: 300px) 100vw, 300px\" \/><\/a><\/p>\n<ul>\n<li><strong>Programa Reto: <\/strong>Coordinado por Juani, donde el objetivo principal es mejorar la educaci\u00f3n emocional de nuestro alumnado a trav\u00e9s de distintas actividades que hacemos con ellos y en algunos casos tambi\u00e9n con la colaboraci\u00f3n de sus familias.<a href=\"https:\/\/blogsaverroes.juntadeandalucia.es\/escuelainfantilelcastellon\/files\/2024\/12\/1.jpg\"><img loading=\"lazy\" decoding=\"async\" class=\"aligncenter size-medium wp-image-2981\" src=\"https:\/\/blogsaverroes.juntadeandalucia.es\/escuelainfantilelcastellon\/files\/2024\/12\/1-300x300.jpg\" alt=\"\" width=\"300\" height=\"300\" srcset=\"https:\/\/blogsaverroes.juntadeandalucia.es\/escuelainfantilelcastellon\/files\/2024\/12\/1-300x300.jpg 300w, https:\/\/blogsaverroes.juntadeandalucia.es\/escuelainfantilelcastellon\/files\/2024\/12\/1-1024x1024.jpg 1024w, https:\/\/blogsaverroes.juntadeandalucia.es\/escuelainfantilelcastellon\/files\/2024\/12\/1-150x150.jpg 150w, https:\/\/blogsaverroes.juntadeandalucia.es\/escuelainfantilelcastellon\/files\/2024\/12\/1-768x768.jpg 768w, https:\/\/blogsaverroes.juntadeandalucia.es\/escuelainfantilelcastellon\/files\/2024\/12\/1-1536x1536.jpg 1536w, https:\/\/blogsaverroes.juntadeandalucia.es\/escuelainfantilelcastellon\/files\/2024\/12\/1.jpg 1600w\" sizes=\"(max-width: 300px) 100vw, 300px\" \/><\/a><\/li>\n<\/ul>\n","protected":false},"excerpt":{"rendered":"<p>Cada centro personaliza y adapta su Proyecto Educativo adhiri\u00e9ndose a diferentes Planes y Programas promovidos desde la Consejer\u00eda de Educaci\u00f3n y Deporte. Los planes y programas de nuestra escuela infantil son los siguientes: Bibliotecas&#46;&#46;&#46;<\/p>\n","protected":false},"author":1,"featured_media":0,"parent":0,"menu_order":0,"comment_status":"closed","ping_status":"closed","template":"","meta":{"ngg_post_thumbnail":0,"footnotes":"","_mc_calendar":[]},"aioseo_notices":[],"_links":{"self":[{"href":"https:\/\/blogsaverroes.juntadeandalucia.es\/escuelainfantilelcastellon\/wp-json\/wp\/v2\/pages\/44"}],"collection":[{"href":"https:\/\/blogsaverroes.juntadeandalucia.es\/escuelainfantilelcastellon\/wp-json\/wp\/v2\/pages"}],"about":[{"href":"https:\/\/blogsaverroes.juntadeandalucia.es\/escuelainfantilelcastellon\/wp-json\/wp\/v2\/types\/page"}],"author":[{"embeddable":true,"href":"https:\/\/blogsaverroes.juntadeandalucia.es\/escuelainfantilelcastellon\/wp-json\/wp\/v2\/users\/1"}],"replies":[{"embeddable":true,"href":"https:\/\/blogsaverroes.juntadeandalucia.es\/escuelainfantilelcastellon\/wp-json\/wp\/v2\/comments?post=44"}],"version-history":[{"count":12,"href":"https:\/\/blogsaverroes.juntadeandalucia.es\/escuelainfantilelcastellon\/wp-json\/wp\/v2\/pages\/44\/revisions"}],"predecessor-version":[{"id":3011,"href":"https:\/\/blogsaverroes.juntadeandalucia.es\/escuelainfantilelcastellon\/wp-json\/wp\/v2\/pages\/44\/revisions\/3011"}],"wp:attachment":[{"href":"https:\/\/blogsaverroes.juntadeandalucia.es\/escuelainfantilelcastellon\/wp-json\/wp\/v2\/media?parent=44"}],"curies":[{"name":"wp","href":"https:\/\/api.w.org\/{rel}","templated":true}]}}