{"id":35,"date":"2015-03-13T08:21:43","date_gmt":"2015-03-13T08:21:43","guid":{"rendered":"http:\/\/blogsaverroes.juntadeandalucia.es\/pre\/ceip\/?page_id=35"},"modified":"2020-10-02T09:37:18","modified_gmt":"2020-10-02T09:37:18","slug":"el-centro-2","status":"publish","type":"page","link":"https:\/\/blogsaverroes.juntadeandalucia.es\/escuelainfantillasmargaritas\/el-centro-2\/","title":{"rendered":"Datos del centro"},"content":{"rendered":"<p><iframe loading=\"lazy\" src=\"https:\/\/www.google.com\/maps\/embed?pb=!1m18!1m12!1m3!1d3196.0404619023293!2d-2.8123379847409864!3d36.769596779954895!2m3!1f0!2f0!3f0!3m2!1i1024!2i768!4f13.1!3m3!1m2!1s0xd7042dacab3e969%3A0x78ed8dfcec0015a4!2sEscuela%20Infantil%20Las%20Margaritas!5e0!3m2!1ses!2ses!4v1591648068966!5m2!1ses!2ses\" width=\"600\" height=\"450\" frameborder=\"0\"><\/iframe><\/p>\n<h1><span style=\"color: #ff0000\">Datos de contacto<\/span><\/h1>\n<p>Escuela Infantil LAS MARGARITAS<\/p>\n<p><strong>Direcci\u00f3n:<\/strong> &nbsp;Calle Arquitecto Jos\u00e9 P\u00e9rez de Arenaza, s\/n. 04700 El Ejido. Almer\u00eda<\/p>\n<p><strong>Tel\u00e9fonos: <\/strong>950 48 26 27 \/ 950 57 92 04 \/ 671 59 93 37&nbsp;<\/p>\n<p><strong>Email:<\/strong> 04008996.edu@juntadeandalucia.es<\/p>\n<p>&nbsp;<\/p>\n<h1><span style=\"color: #ff0000\">Instalaciones<\/span><\/h1>\n<p><strong>Caracter\u00edsticas del Centro e instalaciones.<\/strong><\/p>\n<p>&nbsp;<\/p>\n<p><strong>&nbsp;&nbsp;&nbsp;&nbsp;&nbsp;&nbsp;&nbsp;&nbsp;&nbsp;&nbsp;&nbsp; <\/strong>El edificio fue construido en el a\u00f1o 1980, y ha sido reformado totalmente en el a\u00f1o 2008. Posteriormente a este, se han hecho varias mejoras hasta la fecha.&nbsp; Su superficie construida es de 1.156,02m<sup>2.<\/sup><\/p>\n<p><strong>&nbsp;<\/strong><\/p>\n<p>&nbsp;&nbsp;&nbsp;&nbsp;&nbsp;&nbsp;&nbsp;&nbsp;&nbsp;&nbsp;&nbsp;&nbsp;&nbsp;&nbsp;&nbsp;&nbsp;&nbsp;&nbsp;<\/p>\n<p>&nbsp;&nbsp;&nbsp;&nbsp; Cuenta con las distintas dependencias necesarias para la ejecuci\u00f3n de las actividades que se realizan en el mismo y \u00e9stas son: cocina, comedor, comedor del personal, almacenes, despacho de direcci\u00f3n, despacho educadora, aseos, despensa, lavander\u00eda, almac\u00e9n de mantenimiento, cuarto de limpieza, 2 patios y 12 aulas, todo esto a nivel de planta baja, ya que la mencionada edificaci\u00f3n cuenta con una sola planta de altura.<\/p>\n<p><strong>&nbsp;<\/strong><\/p>\n<p>&nbsp;<\/p>\n<p>&nbsp;<\/p>\n<p><!-- default-view.php -->\n<div\n\tclass=\"ngg-galleryoverview default-view\n\t ngg-ajax-pagination-none\t\"\n\tid=\"ngg-gallery-7bd57b0a1e84a07a972d91eb4118437e-1\">\n\n\t\t<!-- Thumbnails -->\n\t\t\t\t<div id=\"ngg-image-0\" class=\"ngg-gallery-thumbnail-box\n\t\t\t\t\t\t\t\t\t\t\t\"\n\t\t\t>\n\t\t\t\t\t\t<div class=\"ngg-gallery-thumbnail\">\n\t\t\t<a href=\"https:\/\/blogsaverroes.juntadeandalucia.es\/escuelainfantillasmargaritas\/wp-content\/uploads\/sites\/797\/nggallery\/el-centro\/ENTRADA-PUERTA-A.JPG\"\n\t\t\t\ttitle=\"PUERTA  A\"\n\t\t\t\tdata-src=\"https:\/\/blogsaverroes.juntadeandalucia.es\/escuelainfantillasmargaritas\/wp-content\/uploads\/sites\/797\/nggallery\/el-centro\/ENTRADA-PUERTA-A.JPG\"\n\t\t\t\tdata-thumbnail=\"https:\/\/blogsaverroes.juntadeandalucia.es\/escuelainfantillasmargaritas\/wp-content\/uploads\/sites\/797\/nggallery\/el-centro\/thumbs\/thumbs_ENTRADA-PUERTA-A.JPG\"\n\t\t\t\tdata-image-id=\"18\"\n\t\t\t\tdata-title=\"KODAK Digital Still Camera\"\n\t\t\t\tdata-description=\"PUERTA  A\"\n\t\t\t\tdata-image-slug=\"entrada-puerta-a\"\n\t\t\t\tclass=\"ngg-fancybox\" rel=\"7bd57b0a1e84a07a972d91eb4118437e\">\n\t\t\t\t<img\n\t\t\t\t\ttitle=\"KODAK Digital Still Camera\"\n\t\t\t\t\talt=\"KODAK Digital Still Camera\"\n\t\t\t\t\tsrc=\"https:\/\/blogsaverroes.juntadeandalucia.es\/escuelainfantillasmargaritas\/wp-content\/uploads\/sites\/797\/nggallery\/el-centro\/thumbs\/thumbs_ENTRADA-PUERTA-A.JPG\"\n\t\t\t\t\twidth=\"120\"\n\t\t\t\t\theight=\"90\"\n\t\t\t\t\tstyle=\"max-width:100%;\"\n\t\t\t\t\/>\n\t\t\t<\/a>\n\t\t<\/div>\n\t\t\t\t\t\t\t<\/div>\n\t\t\t\n\t\t\t\t<div id=\"ngg-image-1\" class=\"ngg-gallery-thumbnail-box\n\t\t\t\t\t\t\t\t\t\t\t\"\n\t\t\t>\n\t\t\t\t\t\t<div class=\"ngg-gallery-thumbnail\">\n\t\t\t<a href=\"https:\/\/blogsaverroes.juntadeandalucia.es\/escuelainfantillasmargaritas\/wp-content\/uploads\/sites\/797\/nggallery\/el-centro\/PUERTA-D.JPG\"\n\t\t\t\ttitle=\"PUERTA D (ENTRADA PROVEEDORES)\"\n\t\t\t\tdata-src=\"https:\/\/blogsaverroes.juntadeandalucia.es\/escuelainfantillasmargaritas\/wp-content\/uploads\/sites\/797\/nggallery\/el-centro\/PUERTA-D.JPG\"\n\t\t\t\tdata-thumbnail=\"https:\/\/blogsaverroes.juntadeandalucia.es\/escuelainfantillasmargaritas\/wp-content\/uploads\/sites\/797\/nggallery\/el-centro\/thumbs\/thumbs_PUERTA-D.JPG\"\n\t\t\t\tdata-image-id=\"19\"\n\t\t\t\tdata-title=\"PUERTA-D\"\n\t\t\t\tdata-description=\"PUERTA D (ENTRADA PROVEEDORES)\"\n\t\t\t\tdata-image-slug=\"puerta-d\"\n\t\t\t\tclass=\"ngg-fancybox\" rel=\"7bd57b0a1e84a07a972d91eb4118437e\">\n\t\t\t\t<img\n\t\t\t\t\ttitle=\"PUERTA-D\"\n\t\t\t\t\talt=\"PUERTA-D\"\n\t\t\t\t\tsrc=\"https:\/\/blogsaverroes.juntadeandalucia.es\/escuelainfantillasmargaritas\/wp-content\/uploads\/sites\/797\/nggallery\/el-centro\/thumbs\/thumbs_PUERTA-D.JPG\"\n\t\t\t\t\twidth=\"120\"\n\t\t\t\t\theight=\"90\"\n\t\t\t\t\tstyle=\"max-width:100%;\"\n\t\t\t\t\/>\n\t\t\t<\/a>\n\t\t<\/div>\n\t\t\t\t\t\t\t<\/div>\n\t\t\t\n\t\t\t\t<div id=\"ngg-image-2\" class=\"ngg-gallery-thumbnail-box\n\t\t\t\t\t\t\t\t\t\t\t\"\n\t\t\t>\n\t\t\t\t\t\t<div class=\"ngg-gallery-thumbnail\">\n\t\t\t<a href=\"https:\/\/blogsaverroes.juntadeandalucia.es\/escuelainfantillasmargaritas\/wp-content\/uploads\/sites\/797\/nggallery\/el-centro\/PUERTA-C.JPG\"\n\t\t\t\ttitle=\"PUERTA C\"\n\t\t\t\tdata-src=\"https:\/\/blogsaverroes.juntadeandalucia.es\/escuelainfantillasmargaritas\/wp-content\/uploads\/sites\/797\/nggallery\/el-centro\/PUERTA-C.JPG\"\n\t\t\t\tdata-thumbnail=\"https:\/\/blogsaverroes.juntadeandalucia.es\/escuelainfantillasmargaritas\/wp-content\/uploads\/sites\/797\/nggallery\/el-centro\/thumbs\/thumbs_PUERTA-C.JPG\"\n\t\t\t\tdata-image-id=\"20\"\n\t\t\t\tdata-title=\"PUERTA-C\"\n\t\t\t\tdata-description=\"PUERTA C\"\n\t\t\t\tdata-image-slug=\"puerta-c\"\n\t\t\t\tclass=\"ngg-fancybox\" rel=\"7bd57b0a1e84a07a972d91eb4118437e\">\n\t\t\t\t<img\n\t\t\t\t\ttitle=\"PUERTA-C\"\n\t\t\t\t\talt=\"PUERTA-C\"\n\t\t\t\t\tsrc=\"https:\/\/blogsaverroes.juntadeandalucia.es\/escuelainfantillasmargaritas\/wp-content\/uploads\/sites\/797\/nggallery\/el-centro\/thumbs\/thumbs_PUERTA-C.JPG\"\n\t\t\t\t\twidth=\"120\"\n\t\t\t\t\theight=\"90\"\n\t\t\t\t\tstyle=\"max-width:100%;\"\n\t\t\t\t\/>\n\t\t\t<\/a>\n\t\t<\/div>\n\t\t\t\t\t\t\t<\/div>\n\t\t\t\n\t\t\t\t<div id=\"ngg-image-3\" class=\"ngg-gallery-thumbnail-box\n\t\t\t\t\t\t\t\t\t\t\t\"\n\t\t\t>\n\t\t\t\t\t\t<div class=\"ngg-gallery-thumbnail\">\n\t\t\t<a href=\"https:\/\/blogsaverroes.juntadeandalucia.es\/escuelainfantillasmargaritas\/wp-content\/uploads\/sites\/797\/nggallery\/el-centro\/PATIO.JPG\"\n\t\t\t\ttitle=\"PATIO\"\n\t\t\t\tdata-src=\"https:\/\/blogsaverroes.juntadeandalucia.es\/escuelainfantillasmargaritas\/wp-content\/uploads\/sites\/797\/nggallery\/el-centro\/PATIO.JPG\"\n\t\t\t\tdata-thumbnail=\"https:\/\/blogsaverroes.juntadeandalucia.es\/escuelainfantillasmargaritas\/wp-content\/uploads\/sites\/797\/nggallery\/el-centro\/thumbs\/thumbs_PATIO.JPG\"\n\t\t\t\tdata-image-id=\"21\"\n\t\t\t\tdata-title=\"PATIO\"\n\t\t\t\tdata-description=\"PATIO\"\n\t\t\t\tdata-image-slug=\"patio\"\n\t\t\t\tclass=\"ngg-fancybox\" rel=\"7bd57b0a1e84a07a972d91eb4118437e\">\n\t\t\t\t<img\n\t\t\t\t\ttitle=\"PATIO\"\n\t\t\t\t\talt=\"PATIO\"\n\t\t\t\t\tsrc=\"https:\/\/blogsaverroes.juntadeandalucia.es\/escuelainfantillasmargaritas\/wp-content\/uploads\/sites\/797\/nggallery\/el-centro\/thumbs\/thumbs_PATIO.JPG\"\n\t\t\t\t\twidth=\"120\"\n\t\t\t\t\theight=\"90\"\n\t\t\t\t\tstyle=\"max-width:100%;\"\n\t\t\t\t\/>\n\t\t\t<\/a>\n\t\t<\/div>\n\t\t\t\t\t\t\t<\/div>\n\t\t\t\n\t\t\t\t<div id=\"ngg-image-4\" class=\"ngg-gallery-thumbnail-box\n\t\t\t\t\t\t\t\t\t\t\t\"\n\t\t\t>\n\t\t\t\t\t\t<div class=\"ngg-gallery-thumbnail\">\n\t\t\t<a href=\"https:\/\/blogsaverroes.juntadeandalucia.es\/escuelainfantillasmargaritas\/wp-content\/uploads\/sites\/797\/nggallery\/el-centro\/BIBLIOTECA.JPG\"\n\t\t\t\ttitle=\"BIBLIOTECA\"\n\t\t\t\tdata-src=\"https:\/\/blogsaverroes.juntadeandalucia.es\/escuelainfantillasmargaritas\/wp-content\/uploads\/sites\/797\/nggallery\/el-centro\/BIBLIOTECA.JPG\"\n\t\t\t\tdata-thumbnail=\"https:\/\/blogsaverroes.juntadeandalucia.es\/escuelainfantillasmargaritas\/wp-content\/uploads\/sites\/797\/nggallery\/el-centro\/thumbs\/thumbs_BIBLIOTECA.JPG\"\n\t\t\t\tdata-image-id=\"22\"\n\t\t\t\tdata-title=\"KODAK Digital Still Camera\"\n\t\t\t\tdata-description=\"BIBLIOTECA\"\n\t\t\t\tdata-image-slug=\"biblioteca\"\n\t\t\t\tclass=\"ngg-fancybox\" rel=\"7bd57b0a1e84a07a972d91eb4118437e\">\n\t\t\t\t<img\n\t\t\t\t\ttitle=\"KODAK Digital Still Camera\"\n\t\t\t\t\talt=\"KODAK Digital Still Camera\"\n\t\t\t\t\tsrc=\"https:\/\/blogsaverroes.juntadeandalucia.es\/escuelainfantillasmargaritas\/wp-content\/uploads\/sites\/797\/nggallery\/el-centro\/thumbs\/thumbs_BIBLIOTECA.JPG\"\n\t\t\t\t\twidth=\"120\"\n\t\t\t\t\theight=\"90\"\n\t\t\t\t\tstyle=\"max-width:100%;\"\n\t\t\t\t\/>\n\t\t\t<\/a>\n\t\t<\/div>\n\t\t\t\t\t\t\t<\/div>\n\t\t\t\n\t\t\t\t<div id=\"ngg-image-5\" class=\"ngg-gallery-thumbnail-box\n\t\t\t\t\t\t\t\t\t\t\t\"\n\t\t\t>\n\t\t\t\t\t\t<div class=\"ngg-gallery-thumbnail\">\n\t\t\t<a href=\"https:\/\/blogsaverroes.juntadeandalucia.es\/escuelainfantillasmargaritas\/wp-content\/uploads\/sites\/797\/nggallery\/el-centro\/ENTRADA-PRINCIPAL.JPG\"\n\t\t\t\ttitle=\"ENTRADA PRINCIPAL\"\n\t\t\t\tdata-src=\"https:\/\/blogsaverroes.juntadeandalucia.es\/escuelainfantillasmargaritas\/wp-content\/uploads\/sites\/797\/nggallery\/el-centro\/ENTRADA-PRINCIPAL.JPG\"\n\t\t\t\tdata-thumbnail=\"https:\/\/blogsaverroes.juntadeandalucia.es\/escuelainfantillasmargaritas\/wp-content\/uploads\/sites\/797\/nggallery\/el-centro\/thumbs\/thumbs_ENTRADA-PRINCIPAL.JPG\"\n\t\t\t\tdata-image-id=\"23\"\n\t\t\t\tdata-title=\"KODAK Digital Still Camera\"\n\t\t\t\tdata-description=\"ENTRADA PRINCIPAL\"\n\t\t\t\tdata-image-slug=\"entrada-principal\"\n\t\t\t\tclass=\"ngg-fancybox\" rel=\"7bd57b0a1e84a07a972d91eb4118437e\">\n\t\t\t\t<img\n\t\t\t\t\ttitle=\"KODAK Digital Still Camera\"\n\t\t\t\t\talt=\"KODAK Digital Still Camera\"\n\t\t\t\t\tsrc=\"https:\/\/blogsaverroes.juntadeandalucia.es\/escuelainfantillasmargaritas\/wp-content\/uploads\/sites\/797\/nggallery\/el-centro\/thumbs\/thumbs_ENTRADA-PRINCIPAL.JPG\"\n\t\t\t\t\twidth=\"120\"\n\t\t\t\t\theight=\"90\"\n\t\t\t\t\tstyle=\"max-width:100%;\"\n\t\t\t\t\/>\n\t\t\t<\/a>\n\t\t<\/div>\n\t\t\t\t\t\t\t<\/div>\n\t\t\t\n\t\t\t\t<div id=\"ngg-image-6\" class=\"ngg-gallery-thumbnail-box\n\t\t\t\t\t\t\t\t\t\t\t\"\n\t\t\t>\n\t\t\t\t\t\t<div class=\"ngg-gallery-thumbnail\">\n\t\t\t<a href=\"https:\/\/blogsaverroes.juntadeandalucia.es\/escuelainfantillasmargaritas\/wp-content\/uploads\/sites\/797\/nggallery\/el-centro\/ENTRADA-PRINCIPAL.JPG\"\n\t\t\t\ttitle=\"\"\n\t\t\t\tdata-src=\"https:\/\/blogsaverroes.juntadeandalucia.es\/escuelainfantillasmargaritas\/wp-content\/uploads\/sites\/797\/nggallery\/el-centro\/ENTRADA-PRINCIPAL.JPG\"\n\t\t\t\tdata-thumbnail=\"https:\/\/blogsaverroes.juntadeandalucia.es\/escuelainfantillasmargaritas\/wp-content\/uploads\/sites\/797\/nggallery\/el-centro\/thumbs\/thumbs_ENTRADA-PRINCIPAL.JPG\"\n\t\t\t\tdata-image-id=\"29\"\n\t\t\t\tdata-title=\"KODAK Digital Still Camera\"\n\t\t\t\tdata-description=\"\"\n\t\t\t\tdata-image-slug=\"entrada-principal-1\"\n\t\t\t\tclass=\"ngg-fancybox\" rel=\"7bd57b0a1e84a07a972d91eb4118437e\">\n\t\t\t\t<img\n\t\t\t\t\ttitle=\"KODAK Digital Still Camera\"\n\t\t\t\t\talt=\"KODAK Digital Still Camera\"\n\t\t\t\t\tsrc=\"https:\/\/blogsaverroes.juntadeandalucia.es\/escuelainfantillasmargaritas\/wp-content\/uploads\/sites\/797\/nggallery\/el-centro\/thumbs\/thumbs_ENTRADA-PRINCIPAL.JPG\"\n\t\t\t\t\twidth=\"120\"\n\t\t\t\t\theight=\"90\"\n\t\t\t\t\tstyle=\"max-width:100%;\"\n\t\t\t\t\/>\n\t\t\t<\/a>\n\t\t<\/div>\n\t\t\t\t\t\t\t<\/div>\n\t\t\t\n\t\t\t\t<div id=\"ngg-image-7\" class=\"ngg-gallery-thumbnail-box\n\t\t\t\t\t\t\t\t\t\t\t\"\n\t\t\t>\n\t\t\t\t\t\t<div class=\"ngg-gallery-thumbnail\">\n\t\t\t<a href=\"https:\/\/blogsaverroes.juntadeandalucia.es\/escuelainfantillasmargaritas\/wp-content\/uploads\/sites\/797\/nggallery\/el-centro\/ENTRADA-PUERTA-A.JPG\"\n\t\t\t\ttitle=\"\"\n\t\t\t\tdata-src=\"https:\/\/blogsaverroes.juntadeandalucia.es\/escuelainfantillasmargaritas\/wp-content\/uploads\/sites\/797\/nggallery\/el-centro\/ENTRADA-PUERTA-A.JPG\"\n\t\t\t\tdata-thumbnail=\"https:\/\/blogsaverroes.juntadeandalucia.es\/escuelainfantillasmargaritas\/wp-content\/uploads\/sites\/797\/nggallery\/el-centro\/thumbs\/thumbs_ENTRADA-PUERTA-A.JPG\"\n\t\t\t\tdata-image-id=\"30\"\n\t\t\t\tdata-title=\"KODAK Digital Still Camera\"\n\t\t\t\tdata-description=\"\"\n\t\t\t\tdata-image-slug=\"entrada-puerta-a-1\"\n\t\t\t\tclass=\"ngg-fancybox\" rel=\"7bd57b0a1e84a07a972d91eb4118437e\">\n\t\t\t\t<img\n\t\t\t\t\ttitle=\"KODAK Digital Still Camera\"\n\t\t\t\t\talt=\"KODAK Digital Still Camera\"\n\t\t\t\t\tsrc=\"https:\/\/blogsaverroes.juntadeandalucia.es\/escuelainfantillasmargaritas\/wp-content\/uploads\/sites\/797\/nggallery\/el-centro\/thumbs\/thumbs_ENTRADA-PUERTA-A.JPG\"\n\t\t\t\t\twidth=\"120\"\n\t\t\t\t\theight=\"90\"\n\t\t\t\t\tstyle=\"max-width:100%;\"\n\t\t\t\t\/>\n\t\t\t<\/a>\n\t\t<\/div>\n\t\t\t\t\t\t\t<\/div>\n\t\t\t\n\t\t\t\t<div id=\"ngg-image-8\" class=\"ngg-gallery-thumbnail-box\n\t\t\t\t\t\t\t\t\t\t\t\"\n\t\t\t>\n\t\t\t\t\t\t<div class=\"ngg-gallery-thumbnail\">\n\t\t\t<a href=\"https:\/\/blogsaverroes.juntadeandalucia.es\/escuelainfantillasmargaritas\/wp-content\/uploads\/sites\/797\/nggallery\/el-centro\/PUERTA-C.JPG\"\n\t\t\t\ttitle=\"\"\n\t\t\t\tdata-src=\"https:\/\/blogsaverroes.juntadeandalucia.es\/escuelainfantillasmargaritas\/wp-content\/uploads\/sites\/797\/nggallery\/el-centro\/PUERTA-C.JPG\"\n\t\t\t\tdata-thumbnail=\"https:\/\/blogsaverroes.juntadeandalucia.es\/escuelainfantillasmargaritas\/wp-content\/uploads\/sites\/797\/nggallery\/el-centro\/thumbs\/thumbs_PUERTA-C.JPG\"\n\t\t\t\tdata-image-id=\"31\"\n\t\t\t\tdata-title=\"KODAK Digital Still Camera\"\n\t\t\t\tdata-description=\"\"\n\t\t\t\tdata-image-slug=\"puerta-c-1\"\n\t\t\t\tclass=\"ngg-fancybox\" rel=\"7bd57b0a1e84a07a972d91eb4118437e\">\n\t\t\t\t<img\n\t\t\t\t\ttitle=\"KODAK Digital Still Camera\"\n\t\t\t\t\talt=\"KODAK Digital Still Camera\"\n\t\t\t\t\tsrc=\"https:\/\/blogsaverroes.juntadeandalucia.es\/escuelainfantillasmargaritas\/wp-content\/uploads\/sites\/797\/nggallery\/el-centro\/thumbs\/thumbs_PUERTA-C.JPG\"\n\t\t\t\t\twidth=\"120\"\n\t\t\t\t\theight=\"90\"\n\t\t\t\t\tstyle=\"max-width:100%;\"\n\t\t\t\t\/>\n\t\t\t<\/a>\n\t\t<\/div>\n\t\t\t\t\t\t\t<\/div>\n\t\t\t\n\t\t\t\t<div id=\"ngg-image-9\" class=\"ngg-gallery-thumbnail-box\n\t\t\t\t\t\t\t\t\t\t\t\"\n\t\t\t>\n\t\t\t\t\t\t<div class=\"ngg-gallery-thumbnail\">\n\t\t\t<a href=\"https:\/\/blogsaverroes.juntadeandalucia.es\/escuelainfantillasmargaritas\/wp-content\/uploads\/sites\/797\/nggallery\/el-centro\/PUERTA-D.JPG\"\n\t\t\t\ttitle=\"\"\n\t\t\t\tdata-src=\"https:\/\/blogsaverroes.juntadeandalucia.es\/escuelainfantillasmargaritas\/wp-content\/uploads\/sites\/797\/nggallery\/el-centro\/PUERTA-D.JPG\"\n\t\t\t\tdata-thumbnail=\"https:\/\/blogsaverroes.juntadeandalucia.es\/escuelainfantillasmargaritas\/wp-content\/uploads\/sites\/797\/nggallery\/el-centro\/thumbs\/thumbs_PUERTA-D.JPG\"\n\t\t\t\tdata-image-id=\"32\"\n\t\t\t\tdata-title=\"KODAK Digital Still Camera\"\n\t\t\t\tdata-description=\"\"\n\t\t\t\tdata-image-slug=\"puerta-d-1\"\n\t\t\t\tclass=\"ngg-fancybox\" rel=\"7bd57b0a1e84a07a972d91eb4118437e\">\n\t\t\t\t<img\n\t\t\t\t\ttitle=\"KODAK Digital Still Camera\"\n\t\t\t\t\talt=\"KODAK Digital Still Camera\"\n\t\t\t\t\tsrc=\"https:\/\/blogsaverroes.juntadeandalucia.es\/escuelainfantillasmargaritas\/wp-content\/uploads\/sites\/797\/nggallery\/el-centro\/thumbs\/thumbs_PUERTA-D.JPG\"\n\t\t\t\t\twidth=\"120\"\n\t\t\t\t\theight=\"90\"\n\t\t\t\t\tstyle=\"max-width:100%;\"\n\t\t\t\t\/>\n\t\t\t<\/a>\n\t\t<\/div>\n\t\t\t\t\t\t\t<\/div>\n\t\t\t\n\t\t\t\t<div id=\"ngg-image-10\" class=\"ngg-gallery-thumbnail-box\n\t\t\t\t\t\t\t\t\t\t\t\"\n\t\t\t>\n\t\t\t\t\t\t<div class=\"ngg-gallery-thumbnail\">\n\t\t\t<a href=\"https:\/\/blogsaverroes.juntadeandalucia.es\/escuelainfantillasmargaritas\/wp-content\/uploads\/sites\/797\/nggallery\/el-centro\/BIBLIOTECA.JPG\"\n\t\t\t\ttitle=\"\"\n\t\t\t\tdata-src=\"https:\/\/blogsaverroes.juntadeandalucia.es\/escuelainfantillasmargaritas\/wp-content\/uploads\/sites\/797\/nggallery\/el-centro\/BIBLIOTECA.JPG\"\n\t\t\t\tdata-thumbnail=\"https:\/\/blogsaverroes.juntadeandalucia.es\/escuelainfantillasmargaritas\/wp-content\/uploads\/sites\/797\/nggallery\/el-centro\/thumbs\/thumbs_BIBLIOTECA.JPG\"\n\t\t\t\tdata-image-id=\"33\"\n\t\t\t\tdata-title=\"KODAK Digital Still Camera\"\n\t\t\t\tdata-description=\"\"\n\t\t\t\tdata-image-slug=\"biblioteca-1\"\n\t\t\t\tclass=\"ngg-fancybox\" rel=\"7bd57b0a1e84a07a972d91eb4118437e\">\n\t\t\t\t<img\n\t\t\t\t\ttitle=\"KODAK Digital Still Camera\"\n\t\t\t\t\talt=\"KODAK Digital Still Camera\"\n\t\t\t\t\tsrc=\"https:\/\/blogsaverroes.juntadeandalucia.es\/escuelainfantillasmargaritas\/wp-content\/uploads\/sites\/797\/nggallery\/el-centro\/thumbs\/thumbs_BIBLIOTECA.JPG\"\n\t\t\t\t\twidth=\"120\"\n\t\t\t\t\theight=\"90\"\n\t\t\t\t\tstyle=\"max-width:100%;\"\n\t\t\t\t\/>\n\t\t\t<\/a>\n\t\t<\/div>\n\t\t\t\t\t\t\t<\/div>\n\t\t\t\n\t\t\t\t<div id=\"ngg-image-11\" class=\"ngg-gallery-thumbnail-box\n\t\t\t\t\t\t\t\t\t\t\t\"\n\t\t\t>\n\t\t\t\t\t\t<div class=\"ngg-gallery-thumbnail\">\n\t\t\t<a href=\"https:\/\/blogsaverroes.juntadeandalucia.es\/escuelainfantillasmargaritas\/wp-content\/uploads\/sites\/797\/nggallery\/el-centro\/PATIO.JPG\"\n\t\t\t\ttitle=\"\"\n\t\t\t\tdata-src=\"https:\/\/blogsaverroes.juntadeandalucia.es\/escuelainfantillasmargaritas\/wp-content\/uploads\/sites\/797\/nggallery\/el-centro\/PATIO.JPG\"\n\t\t\t\tdata-thumbnail=\"https:\/\/blogsaverroes.juntadeandalucia.es\/escuelainfantillasmargaritas\/wp-content\/uploads\/sites\/797\/nggallery\/el-centro\/thumbs\/thumbs_PATIO.JPG\"\n\t\t\t\tdata-image-id=\"34\"\n\t\t\t\tdata-title=\"KODAK Digital Still Camera\"\n\t\t\t\tdata-description=\"\"\n\t\t\t\tdata-image-slug=\"patio-1\"\n\t\t\t\tclass=\"ngg-fancybox\" rel=\"7bd57b0a1e84a07a972d91eb4118437e\">\n\t\t\t\t<img\n\t\t\t\t\ttitle=\"KODAK Digital Still Camera\"\n\t\t\t\t\talt=\"KODAK Digital Still Camera\"\n\t\t\t\t\tsrc=\"https:\/\/blogsaverroes.juntadeandalucia.es\/escuelainfantillasmargaritas\/wp-content\/uploads\/sites\/797\/nggallery\/el-centro\/thumbs\/thumbs_PATIO.JPG\"\n\t\t\t\t\twidth=\"120\"\n\t\t\t\t\theight=\"90\"\n\t\t\t\t\tstyle=\"max-width:100%;\"\n\t\t\t\t\/>\n\t\t\t<\/a>\n\t\t<\/div>\n\t\t\t\t\t\t\t<\/div>\n\t\t\t\n\t\t\t\t<div id=\"ngg-image-12\" class=\"ngg-gallery-thumbnail-box\n\t\t\t\t\t\t\t\t\t\t\t\"\n\t\t\t>\n\t\t\t\t\t\t<div class=\"ngg-gallery-thumbnail\">\n\t\t\t<a href=\"https:\/\/blogsaverroes.juntadeandalucia.es\/escuelainfantillasmargaritas\/wp-content\/uploads\/sites\/797\/nggallery\/el-centro\/PATIOS.JPG\"\n\t\t\t\ttitle=\"\"\n\t\t\t\tdata-src=\"https:\/\/blogsaverroes.juntadeandalucia.es\/escuelainfantillasmargaritas\/wp-content\/uploads\/sites\/797\/nggallery\/el-centro\/PATIOS.JPG\"\n\t\t\t\tdata-thumbnail=\"https:\/\/blogsaverroes.juntadeandalucia.es\/escuelainfantillasmargaritas\/wp-content\/uploads\/sites\/797\/nggallery\/el-centro\/thumbs\/thumbs_PATIOS.JPG\"\n\t\t\t\tdata-image-id=\"35\"\n\t\t\t\tdata-title=\"KODAK Digital Still Camera\"\n\t\t\t\tdata-description=\"\"\n\t\t\t\tdata-image-slug=\"patios\"\n\t\t\t\tclass=\"ngg-fancybox\" rel=\"7bd57b0a1e84a07a972d91eb4118437e\">\n\t\t\t\t<img\n\t\t\t\t\ttitle=\"KODAK Digital Still Camera\"\n\t\t\t\t\talt=\"KODAK Digital Still Camera\"\n\t\t\t\t\tsrc=\"https:\/\/blogsaverroes.juntadeandalucia.es\/escuelainfantillasmargaritas\/wp-content\/uploads\/sites\/797\/nggallery\/el-centro\/thumbs\/thumbs_PATIOS.JPG\"\n\t\t\t\t\twidth=\"120\"\n\t\t\t\t\theight=\"90\"\n\t\t\t\t\tstyle=\"max-width:100%;\"\n\t\t\t\t\/>\n\t\t\t<\/a>\n\t\t<\/div>\n\t\t\t\t\t\t\t<\/div>\n\t\t\t\n\t\n\t<br style=\"clear: both\" \/>\n\n\t\t<div class=\"slideshowlink\">\n\t\t<a href='https:\/\/blogsaverroes.juntadeandalucia.es\/escuelainfantillasmargaritas\/el-centro-2\/nggallery\/slideshow'>[Mostrar presentaci\u00f3n de diapositivas]<\/a>\n\n\t<\/div>\n\t\n\t\t<!-- Pagination -->\n\t\t<div class='ngg-clear'><\/div>\t<\/div>\n<\/p>\n","protected":false},"excerpt":{"rendered":"<p>Datos de contacto Escuela Infantil LAS MARGARITAS Direcci\u00f3n: &nbsp;Calle Arquitecto Jos\u00e9 P\u00e9rez de Arenaza, s\/n. 04700 El Ejido. Almer\u00eda Tel\u00e9fonos: 950 48 26 27 \/ 950 57 92 04 \/ 671 59 93 37&nbsp;&#46;&#46;&#46;<\/p>\n","protected":false},"author":1,"featured_media":0,"parent":0,"menu_order":0,"comment_status":"closed","ping_status":"open","template":"page-cs.php","meta":{"ngg_post_thumbnail":0,"footnotes":"","_mc_calendar":[]},"aioseo_notices":[],"_links":{"self":[{"href":"https:\/\/blogsaverroes.juntadeandalucia.es\/escuelainfantillasmargaritas\/wp-json\/wp\/v2\/pages\/35"}],"collection":[{"href":"https:\/\/blogsaverroes.juntadeandalucia.es\/escuelainfantillasmargaritas\/wp-json\/wp\/v2\/pages"}],"about":[{"href":"https:\/\/blogsaverroes.juntadeandalucia.es\/escuelainfantillasmargaritas\/wp-json\/wp\/v2\/types\/page"}],"author":[{"embeddable":true,"href":"https:\/\/blogsaverroes.juntadeandalucia.es\/escuelainfantillasmargaritas\/wp-json\/wp\/v2\/users\/1"}],"replies":[{"embeddable":true,"href":"https:\/\/blogsaverroes.juntadeandalucia.es\/escuelainfantillasmargaritas\/wp-json\/wp\/v2\/comments?post=35"}],"version-history":[{"count":29,"href":"https:\/\/blogsaverroes.juntadeandalucia.es\/escuelainfantillasmargaritas\/wp-json\/wp\/v2\/pages\/35\/revisions"}],"predecessor-version":[{"id":2358,"href":"https:\/\/blogsaverroes.juntadeandalucia.es\/escuelainfantillasmargaritas\/wp-json\/wp\/v2\/pages\/35\/revisions\/2358"}],"wp:attachment":[{"href":"https:\/\/blogsaverroes.juntadeandalucia.es\/escuelainfantillasmargaritas\/wp-json\/wp\/v2\/media?parent=35"}],"curies":[{"name":"wp","href":"https:\/\/api.w.org\/{rel}","templated":true}]}}