{"id":49,"date":"2015-03-13T08:47:05","date_gmt":"2015-03-13T08:47:05","guid":{"rendered":"http:\/\/blogsaverroes.juntadeandalucia.es\/pre\/ceip\/?page_id=49"},"modified":"2020-10-02T09:45:03","modified_gmt":"2020-10-02T09:45:03","slug":"proyecto-educativo","status":"publish","type":"page","link":"https:\/\/blogsaverroes.juntadeandalucia.es\/escuelainfantillasmargaritas\/proyecto-educativo\/","title":{"rendered":"Proyecto Educativo"},"content":{"rendered":"<p>&nbsp;<\/p>\n<p><a href=\"https:\/\/blogsaverroes.juntadeandalucia.es\/escuelainfantillasmargaritas\/files\/2020\/09\/Librosinfantiles.jpg\"><img loading=\"lazy\" decoding=\"async\" class=\"aligncenter wp-image-2318\" src=\"https:\/\/blogsaverroes.juntadeandalucia.es\/escuelainfantillasmargaritas\/files\/2020\/09\/Librosinfantiles-300x251.jpg\" alt=\"\" width=\"400\" height=\"335\" data-wp-editing=\"1\" srcset=\"https:\/\/blogsaverroes.juntadeandalucia.es\/escuelainfantillasmargaritas\/files\/2020\/09\/Librosinfantiles-300x251.jpg 300w, https:\/\/blogsaverroes.juntadeandalucia.es\/escuelainfantillasmargaritas\/files\/2020\/09\/Librosinfantiles-768x642.jpg 768w, https:\/\/blogsaverroes.juntadeandalucia.es\/escuelainfantillasmargaritas\/files\/2020\/09\/Librosinfantiles-24x20.jpg 24w, https:\/\/blogsaverroes.juntadeandalucia.es\/escuelainfantillasmargaritas\/files\/2020\/09\/Librosinfantiles-36x30.jpg 36w, https:\/\/blogsaverroes.juntadeandalucia.es\/escuelainfantillasmargaritas\/files\/2020\/09\/Librosinfantiles-48x40.jpg 48w, https:\/\/blogsaverroes.juntadeandalucia.es\/escuelainfantillasmargaritas\/files\/2020\/09\/Librosinfantiles.jpg 800w\" sizes=\"(max-width: 400px) 100vw, 400px\" \/><\/a><\/p>\n<h1 style=\"text-align: center\"><span style=\"text-decoration: underline;color: #ff0000\"><em>PROYECTO EDUCATIVO<\/em><\/span><\/h1>\n<p><strong>&nbsp; &nbsp; &nbsp;Nuestro Proyecto Educativo va dirigido al Primer Ciclo de Educaci\u00f3n Infantil 0-3 a\u00f1os. Puesto que la actividad y el juego son la principal fuente de aprendizaje y desarrollo en este nivel educativo, ser\u00e1n los principios metodol\u00f3gicos en los que fundamentar nuestra actuaci\u00f3n con los peque\u00f1os, apoy\u00e1ndose en la psicolog\u00eda evolutiva de los ni\u00f1os\/as de este periodo.<\/strong><\/p>\n<p><strong>&nbsp;&nbsp;&nbsp;&nbsp;&nbsp; En este Primer Ciclo de Educaci\u00f3n, nuestra Escuela Infantil, tiene como finalidad b\u00e1sica el aprendizaje de conocimientos, destrezas y actitudes necesarias que permitan al ni\u00f1o\/a alcanzar un desarrollo personal y social acorde a su edad, formando parte del desarrollo f\u00edsico, intelectual, afectivo, social, emocional y moral de los ni\u00f1os\/as, a la vez que dando satisfacci\u00f3n a sus necesidades fisiol\u00f3gicas de descanso, higiene y alimentaci\u00f3n.<\/strong><\/p>\n<p><strong>&nbsp;&nbsp;&nbsp;&nbsp;&nbsp; <\/strong><strong>Consideramos que la asistencia a la Escuela Infantil desde edades muy tempranas permite a los ni\u00f1os\/as desarrollar su personalidad, ampliar sus experiencias y favorecer su desarrollo social. Nuestra escuela es un espacio donde el ni\u00f1o\/a crece, madura, se le quiere, se le valora por lo que es y se siente feliz.<\/strong><\/p>\n<p><strong>&nbsp;&nbsp;&nbsp;&nbsp;&nbsp; Estas experiencias deben integrarse en el proceso educativo que tiene que ser compartido y tratado por la familia y educadores con la mayor concordancia posible. En este proceso, los ni\u00f1os\/as aprenden a conocerse, a relacionarse con los dem\u00e1s (ya sean ni\u00f1os\/as o adultos) a trav\u00e9s de distintas formas de expresi\u00f3n y comunicaci\u00f3n, a explorar y observar su medio natural, social y familiar.<\/strong><\/p>\n<p><strong>&nbsp;<\/strong><strong>&nbsp;&nbsp;&nbsp;&nbsp;&nbsp; <\/strong><b>Para un mayor conocimiento de las caracter\u00edsticas de este ciclo, para que el trabajo con los ni\u00f1os\/as sea divertido, c\u00f3modo e interesante, para lograr el m\u00e1ximo rendimiento de sus potencialidades y que sean felices, se presenta este Proyecto Educativo, siendo siempre flexible y abierto. Adem\u00e1s es un proyecto comprometido con la sociedad, que defiende la igualdad entre sexos, razas y culturas, al igual que respetuoso y comprometido con el medio ambiente.<\/b><\/p>\n<p><strong>&nbsp;<\/strong><\/p>\n","protected":false},"excerpt":{"rendered":"<p>&nbsp; PROYECTO EDUCATIVO &nbsp; &nbsp; &nbsp;Nuestro Proyecto Educativo va dirigido al Primer Ciclo de Educaci\u00f3n Infantil 0-3 a\u00f1os. Puesto que la actividad y el juego son la principal fuente de aprendizaje y desarrollo en&#46;&#46;&#46;<\/p>\n","protected":false},"author":1,"featured_media":0,"parent":0,"menu_order":0,"comment_status":"closed","ping_status":"open","template":"page-cs.php","meta":{"ngg_post_thumbnail":0,"footnotes":"","_mc_calendar":[]},"aioseo_notices":[],"_links":{"self":[{"href":"https:\/\/blogsaverroes.juntadeandalucia.es\/escuelainfantillasmargaritas\/wp-json\/wp\/v2\/pages\/49"}],"collection":[{"href":"https:\/\/blogsaverroes.juntadeandalucia.es\/escuelainfantillasmargaritas\/wp-json\/wp\/v2\/pages"}],"about":[{"href":"https:\/\/blogsaverroes.juntadeandalucia.es\/escuelainfantillasmargaritas\/wp-json\/wp\/v2\/types\/page"}],"author":[{"embeddable":true,"href":"https:\/\/blogsaverroes.juntadeandalucia.es\/escuelainfantillasmargaritas\/wp-json\/wp\/v2\/users\/1"}],"replies":[{"embeddable":true,"href":"https:\/\/blogsaverroes.juntadeandalucia.es\/escuelainfantillasmargaritas\/wp-json\/wp\/v2\/comments?post=49"}],"version-history":[{"count":9,"href":"https:\/\/blogsaverroes.juntadeandalucia.es\/escuelainfantillasmargaritas\/wp-json\/wp\/v2\/pages\/49\/revisions"}],"predecessor-version":[{"id":2360,"href":"https:\/\/blogsaverroes.juntadeandalucia.es\/escuelainfantillasmargaritas\/wp-json\/wp\/v2\/pages\/49\/revisions\/2360"}],"wp:attachment":[{"href":"https:\/\/blogsaverroes.juntadeandalucia.es\/escuelainfantillasmargaritas\/wp-json\/wp\/v2\/media?parent=49"}],"curies":[{"name":"wp","href":"https:\/\/api.w.org\/{rel}","templated":true}]}}