{"id":109,"date":"2015-03-18T17:36:14","date_gmt":"2015-03-18T16:36:14","guid":{"rendered":"https:\/\/escuelamaestropadilla.wordpress.com\/?page_id=109"},"modified":"2022-03-15T12:16:48","modified_gmt":"2022-03-15T11:16:48","slug":"galeria","status":"publish","type":"page","link":"https:\/\/blogsaverroes.juntadeandalucia.es\/escuelainfantilmaestropadilla\/galeria\/","title":{"rendered":"GALER\u00cdA"},"content":{"rendered":"<p><a href=\"https:\/\/iescelia.org\/ei-maestro-padilla\/\" target=\"_blank\" rel=\"noopener noreferrer\">Visita virtual<\/a><\/p>\n<p><a title=\"NUESTRO COLE EN LOS MEDIOS DE COMUNICACI\u00d3N\" href=\"https:\/\/blogsaverroes.juntadeandalucia.es\/escuelainfantilmaestropadilla\/nuestro-cole-en-los-medios-de-comunicacion-2\/\" target=\"_blank\" rel=\"noopener noreferrer\">Nuestro cole en los medios de comunicaci\u00f3n<\/a><\/p>\n<p><a title=\"PREMIOS\" href=\"https:\/\/blogsaverroes.juntadeandalucia.es\/escuelainfantilmaestropadilla\/premios\/\" target=\"_blank\" rel=\"noopener noreferrer\">Premios<\/a><\/p>\n<p><a href=\"https:\/\/drive.google.com\/file\/d\/1-cEPPXXhKZjLPEiKfdvAPQvo_rrnFSr_\/view?usp=sharing\" target=\"_blank\" rel=\"noopener noreferrer\">\u00c1lbum de fotos del alumnado en distintos puntos de Almer\u00eda<\/a><\/p>\n","protected":false},"excerpt":{"rendered":"<p>Visita virtual Nuestro cole en los medios de comunicaci\u00f3n Premios \u00c1lbum de fotos del alumnado en distintos puntos de Almer\u00eda<\/p>\n","protected":false},"author":11410,"featured_media":0,"parent":0,"menu_order":0,"comment_status":"open","ping_status":"open","template":"","meta":{"ngg_post_thumbnail":0,"footnotes":"","_mc_calendar":[]},"aioseo_notices":[],"_links":{"self":[{"href":"https:\/\/blogsaverroes.juntadeandalucia.es\/escuelainfantilmaestropadilla\/wp-json\/wp\/v2\/pages\/109"}],"collection":[{"href":"https:\/\/blogsaverroes.juntadeandalucia.es\/escuelainfantilmaestropadilla\/wp-json\/wp\/v2\/pages"}],"about":[{"href":"https:\/\/blogsaverroes.juntadeandalucia.es\/escuelainfantilmaestropadilla\/wp-json\/wp\/v2\/types\/page"}],"author":[{"embeddable":true,"href":"https:\/\/blogsaverroes.juntadeandalucia.es\/escuelainfantilmaestropadilla\/wp-json\/wp\/v2\/users\/11410"}],"replies":[{"embeddable":true,"href":"https:\/\/blogsaverroes.juntadeandalucia.es\/escuelainfantilmaestropadilla\/wp-json\/wp\/v2\/comments?post=109"}],"version-history":[{"count":5,"href":"https:\/\/blogsaverroes.juntadeandalucia.es\/escuelainfantilmaestropadilla\/wp-json\/wp\/v2\/pages\/109\/revisions"}],"predecessor-version":[{"id":6170,"href":"https:\/\/blogsaverroes.juntadeandalucia.es\/escuelainfantilmaestropadilla\/wp-json\/wp\/v2\/pages\/109\/revisions\/6170"}],"wp:attachment":[{"href":"https:\/\/blogsaverroes.juntadeandalucia.es\/escuelainfantilmaestropadilla\/wp-json\/wp\/v2\/media?parent=109"}],"curies":[{"name":"wp","href":"https:\/\/api.w.org\/{rel}","templated":true}]}}