{"id":115,"date":"2015-03-18T17:36:58","date_gmt":"2015-03-18T16:36:58","guid":{"rendered":"https:\/\/escuelamaestropadilla.wordpress.com\/?page_id=115"},"modified":"2025-11-04T12:19:21","modified_gmt":"2025-11-04T11:19:21","slug":"ampa","status":"publish","type":"page","link":"https:\/\/blogsaverroes.juntadeandalucia.es\/escuelainfantilmaestropadilla\/ampa\/","title":{"rendered":"FAMILIAS"},"content":{"rendered":"<p><a href=\"https:\/\/drive.google.com\/file\/d\/1jiOO37gW0zVJHX_AmehQNSTdsjpuw1sx\/view?usp=sharing\" target=\"_blank\" rel=\"noopener noreferrer\">PARTICIPACI\u00d3N DE LAS FAMILIAS<\/a><\/p>\n<p><a href=\"https:\/\/drive.google.com\/file\/d\/1OYDgNCZjEqaq8_48v3PVPCyuTVed0mJ5\/view?usp=sharing\" target=\"_blank\" rel=\"noopener noreferrer\">FUNCIONES DE LOS DELEGADOS-AS DE PADRES\/MADRES<\/a><\/p>\n<p><a href=\"https:\/\/www.canva.com\/design\/DAGnnW8Fnxw\/uM-Nce_7zVHIG8NWejr58w\/view?utm_content=DAGnnW8Fnxw&amp;utm_campaign=designshare&amp;utm_medium=link2&amp;utm_source=uniquelinks&amp;utlId=h32581f1e55\" target=\"_blank\" rel=\"noopener\">COMPROMISO EDUCATIVO<\/a><\/p>\n<p><a title=\"\u00bfQu\u00e9 es el AMPA?\" href=\"https:\/\/blogsaverroes.juntadeandalucia.es\/escuelainfantilmaestropadilla\/que-es-el-ampa-2\/\" target=\"_blank\" rel=\"noopener noreferrer\">\u00bfQU\u00c9 ES EL AMPA?<\/a><\/p>\n<p><a href=\"https:\/\/drive.google.com\/file\/d\/1EA4Bb72aLHXnxhqsxYs4fqJNf7X95Hy3\/view?usp=sharing\" target=\"_blank\" rel=\"noopener noreferrer\">IMPRESO SOLICITUD AMPA LA PAJARITA<\/a><\/p>\n<p>CARTA DE BIENVENIDA DEL AMPA: <a href=\"https:\/\/drive.google.com\/file\/d\/1EA4Bb72aLHXnxhqsxYs4fqJNf7X95Hy3\/view?usp=sharing\" target=\"_blank\" rel=\"noopener noreferrer\">ESPA\u00d1OL<\/a> &nbsp; &nbsp;&nbsp; <a href=\"https:\/\/drive.google.com\/file\/d\/14ZHDcImsROPTcKAafaG-IwlOFg63ox2s\/view?usp=sharing\" target=\"_blank\" rel=\"noopener\">\u00c1RABE<\/a><\/p>\n<p>&nbsp;<\/p>\n<p>&nbsp;<\/p>\n<p>&nbsp;<\/p>\n","protected":false},"excerpt":{"rendered":"<p>PARTICIPACI\u00d3N DE LAS FAMILIAS FUNCIONES DE LOS DELEGADOS-AS DE PADRES\/MADRES COMPROMISO EDUCATIVO \u00bfQU\u00c9 ES EL AMPA? IMPRESO SOLICITUD AMPA LA PAJARITA CARTA DE BIENVENIDA DEL AMPA: ESPA\u00d1OL &nbsp; &nbsp;&nbsp; \u00c1RABE &nbsp; &nbsp; &nbsp;<\/p>\n","protected":false},"author":11410,"featured_media":0,"parent":0,"menu_order":0,"comment_status":"open","ping_status":"open","template":"","meta":{"ngg_post_thumbnail":0,"footnotes":"","_mc_calendar":[]},"aioseo_notices":[],"_links":{"self":[{"href":"https:\/\/blogsaverroes.juntadeandalucia.es\/escuelainfantilmaestropadilla\/wp-json\/wp\/v2\/pages\/115"}],"collection":[{"href":"https:\/\/blogsaverroes.juntadeandalucia.es\/escuelainfantilmaestropadilla\/wp-json\/wp\/v2\/pages"}],"about":[{"href":"https:\/\/blogsaverroes.juntadeandalucia.es\/escuelainfantilmaestropadilla\/wp-json\/wp\/v2\/types\/page"}],"author":[{"embeddable":true,"href":"https:\/\/blogsaverroes.juntadeandalucia.es\/escuelainfantilmaestropadilla\/wp-json\/wp\/v2\/users\/11410"}],"replies":[{"embeddable":true,"href":"https:\/\/blogsaverroes.juntadeandalucia.es\/escuelainfantilmaestropadilla\/wp-json\/wp\/v2\/comments?post=115"}],"version-history":[{"count":17,"href":"https:\/\/blogsaverroes.juntadeandalucia.es\/escuelainfantilmaestropadilla\/wp-json\/wp\/v2\/pages\/115\/revisions"}],"predecessor-version":[{"id":8079,"href":"https:\/\/blogsaverroes.juntadeandalucia.es\/escuelainfantilmaestropadilla\/wp-json\/wp\/v2\/pages\/115\/revisions\/8079"}],"wp:attachment":[{"href":"https:\/\/blogsaverroes.juntadeandalucia.es\/escuelainfantilmaestropadilla\/wp-json\/wp\/v2\/media?parent=115"}],"curies":[{"name":"wp","href":"https:\/\/api.w.org\/{rel}","templated":true}]}}