{"id":4847,"date":"2020-09-07T07:38:46","date_gmt":"2020-09-07T07:38:46","guid":{"rendered":"http:\/\/escuelainfantilmaestropadilla.es\/wordpress\/?page_id=4847"},"modified":"2025-09-01T17:20:56","modified_gmt":"2025-09-01T15:20:56","slug":"documentacion","status":"publish","type":"page","link":"https:\/\/blogsaverroes.juntadeandalucia.es\/escuelainfantilmaestropadilla\/documentacion\/","title":{"rendered":"ENTREVISTA INICIAL"},"content":{"rendered":"<p><a href=\"https:\/\/docs.google.com\/forms\/d\/e\/1FAIpQLSdmICtS9IqtriQhdZFWIVt21I8iAjzq05nlpBkQwyeItlvGKw\/viewform?usp=sf_link\" target=\"_blank\" rel=\"noopener\">ENTREVISTA INICIAL 3 A\u00d1OS A<\/a><\/p>\n<p><a href=\"https:\/\/docs.google.com\/forms\/d\/e\/1FAIpQLSeo0I8UkA9md2vQ1T7k28vfwpGKnHbnzw1-Xf_ePwgiZRg03Q\/viewform?usp=sf_link\" target=\"_blank\" rel=\"noopener noreferrer\">ENTREVISTA INICIAL 3 A\u00d1OS B<\/a><\/p>\n<p>&nbsp;<\/p>\n<p><a href=\"https:\/\/docs.google.com\/forms\/d\/e\/1FAIpQLSdvuEdoWPpdTLw2NabD9M6pOP4PeGgcmQltrdYWPr8gcOO5OA\/viewform?usp=sf_link\" target=\"_blank\" rel=\"noopener noreferrer\">ENTREVISTA INICIAL 4 A\u00d1OS A<\/a><\/p>\n<p><a href=\"https:\/\/docs.google.com\/forms\/d\/e\/1FAIpQLSdRlwowRr6g_6clSbcF4bOzwsQY2XxDlsdIEnNsgIZoc33VEw\/viewform?usp=sf_link\" target=\"_blank\" rel=\"noopener noreferrer\">ENTREVISTA INICIAL 4 A\u00d1OS B<\/a><\/p>\n<p>&nbsp;<\/p>\n<p><a href=\"https:\/\/docs.google.com\/forms\/d\/e\/1FAIpQLSffyWjxYLYPqV_tkTfFGe7BQCG48zn7g7wcDTbELNv9SefcOg\/viewform?usp=sf_link\" target=\"_blank\" rel=\"noopener noreferrer\">ENTREVISTA INICIAL 5 A\u00d1OS A<\/a><\/p>\n<p><a href=\"https:\/\/docs.google.com\/forms\/d\/e\/1FAIpQLSeJYwdUijtPYJ7DdgdyTSa6-kvPUxhjaXmkran0qtyypVPTJQ\/viewform?usp=sf_link\" target=\"_blank\" rel=\"noopener noreferrer\">ENTREVISTA INICIAL 5 A\u00d1OS B<\/a><\/p>\n<p>&nbsp;<\/p>\n","protected":false},"excerpt":{"rendered":"<p>ENTREVISTA INICIAL 3 A\u00d1OS A ENTREVISTA INICIAL 3 A\u00d1OS B &nbsp; ENTREVISTA INICIAL 4 A\u00d1OS A ENTREVISTA INICIAL 4 A\u00d1OS B &nbsp; ENTREVISTA INICIAL 5 A\u00d1OS A ENTREVISTA INICIAL 5 A\u00d1OS B &nbsp;<\/p>\n","protected":false},"author":11410,"featured_media":0,"parent":0,"menu_order":0,"comment_status":"closed","ping_status":"closed","template":"","meta":{"ngg_post_thumbnail":0,"footnotes":"","_mc_calendar":[]},"aioseo_notices":[],"_links":{"self":[{"href":"https:\/\/blogsaverroes.juntadeandalucia.es\/escuelainfantilmaestropadilla\/wp-json\/wp\/v2\/pages\/4847"}],"collection":[{"href":"https:\/\/blogsaverroes.juntadeandalucia.es\/escuelainfantilmaestropadilla\/wp-json\/wp\/v2\/pages"}],"about":[{"href":"https:\/\/blogsaverroes.juntadeandalucia.es\/escuelainfantilmaestropadilla\/wp-json\/wp\/v2\/types\/page"}],"author":[{"embeddable":true,"href":"https:\/\/blogsaverroes.juntadeandalucia.es\/escuelainfantilmaestropadilla\/wp-json\/wp\/v2\/users\/11410"}],"replies":[{"embeddable":true,"href":"https:\/\/blogsaverroes.juntadeandalucia.es\/escuelainfantilmaestropadilla\/wp-json\/wp\/v2\/comments?post=4847"}],"version-history":[{"count":8,"href":"https:\/\/blogsaverroes.juntadeandalucia.es\/escuelainfantilmaestropadilla\/wp-json\/wp\/v2\/pages\/4847\/revisions"}],"predecessor-version":[{"id":8029,"href":"https:\/\/blogsaverroes.juntadeandalucia.es\/escuelainfantilmaestropadilla\/wp-json\/wp\/v2\/pages\/4847\/revisions\/8029"}],"wp:attachment":[{"href":"https:\/\/blogsaverroes.juntadeandalucia.es\/escuelainfantilmaestropadilla\/wp-json\/wp\/v2\/media?parent=4847"}],"curies":[{"name":"wp","href":"https:\/\/api.w.org\/{rel}","templated":true}]}}