{"id":5569,"date":"2021-05-07T12:51:47","date_gmt":"2021-05-07T10:51:47","guid":{"rendered":"https:\/\/blogsaverroes.juntadeandalucia.es\/escuelainfantilmaestropadilla\/?page_id=5569"},"modified":"2024-10-22T11:36:48","modified_gmt":"2024-10-22T09:36:48","slug":"escuela-espacio-de-paz","status":"publish","type":"page","link":"https:\/\/blogsaverroes.juntadeandalucia.es\/escuelainfantilmaestropadilla\/escuela-espacio-de-paz\/","title":{"rendered":"ESCUELA ESPACIO DE PAZ"},"content":{"rendered":"<p><a href=\"https:\/\/drive.google.com\/file\/d\/1Prsti1Fq5tKvOf1oAdr5fMkGffiP-A3x\/view?usp=sharing\" target=\"_blank\" rel=\"noopener\">JUNT@S HACEMOS CAMINO<\/a><\/p>\n<p><a href=\"https:\/\/drive.google.com\/file\/d\/1lPy0_WNbJXTta9YdI0LmVQAMt0zbuTGD\/view?usp=sharing\" target=\"_blank\" rel=\"noopener\">PONTE EN MI LUGAR<\/a><\/p>\n<p><a href=\"https:\/\/drive.google.com\/file\/d\/1L7D4KO6GTYfw0jt3ehyEhiimTySGAYnL\/view?usp=sharing\" target=\"_blank\" rel=\"noopener noreferrer\">TODO LO QUE HACEMOS CUENTA<\/a><\/p>\n<p><a href=\"https:\/\/drive.google.com\/file\/d\/1wWxcabQndLyz1C9GZtwLXaYADylUsGqU\/view?usp=sharing\" target=\"_blank\" rel=\"noopener noreferrer\">AMBI\u00c9NTATE, EL PLANETA TE<\/a><a href=\"https:\/\/drive.google.com\/file\/d\/1wWxcabQndLyz1C9GZtwLXaYADylUsGqU\/view?usp=sharing\" target=\"_blank\" rel=\"noopener noreferrer\">&nbsp;NECESITA<\/a><\/p>\n<ul>\n<li><strong><a href=\"https:\/\/drive.google.com\/file\/d\/10OR0MrPLBZys-W2BDpH2xBFQ_Akk7ml2\/view?usp=sharing\" target=\"_blank\" rel=\"noopener noreferrer\">VIDEO&nbsp; curso 2019-20<\/a><\/strong><\/li>\n<li><strong><a href=\"https:\/\/drive.google.com\/file\/d\/1uq1A47ZyhQCL6tGZbl8pbHtjRVkqu1TC\/view?usp=sharing\" target=\"_blank\" rel=\"noopener noreferrer\">VIDEO curso 2020-21<\/a><\/strong><\/li>\n<\/ul>\n<p><a href=\"https:\/\/drive.google.com\/file\/d\/1FO3JMnO5yLs3ZQmOaMC9wrN7lzpJf6Nb\/view?usp=sharing\" target=\"_blank\" rel=\"noopener noreferrer\">Presentaci\u00f3n: Creo, comunico y act\u00fao<\/a><\/p>\n<p><a href=\"https:\/\/drive.google.com\/file\/d\/1q1zxgtZlUugEILDNF9Cq-KmCBwlt_13v\/view?usp=sharing\" target=\"_blank\" rel=\"noopener noreferrer\">Proyecto: La Dignidad<\/a><\/p>\n<p><a href=\"https:\/\/www.youtube.com\/watch?v=RdadGYB25eE&amp;feature=youtu.be\" target=\"_blank\" rel=\"noopener noreferrer\">Proyecto la Ant\u00e1rtida<\/a><\/p>\n<p><a href=\"https:\/\/blogsaverroes.juntadeandalucia.es\/escuelainfantilmaestropadilla\/milenio-de-almeria\/\" target=\"_blank\" rel=\"noopener noreferrer\">Milenio de Almer\u00eda<\/a><\/p>\n<p>&nbsp;<\/p>\n<p>&nbsp;<\/p>\n","protected":false},"excerpt":{"rendered":"<p>JUNT@S HACEMOS CAMINO PONTE EN MI LUGAR TODO LO QUE HACEMOS CUENTA AMBI\u00c9NTATE, EL PLANETA TE&nbsp;NECESITA VIDEO&nbsp; curso 2019-20 VIDEO curso 2020-21 Presentaci\u00f3n: Creo, comunico y act\u00fao Proyecto: La Dignidad Proyecto la Ant\u00e1rtida Milenio&#46;&#46;&#46;<\/p>\n","protected":false},"author":11410,"featured_media":0,"parent":0,"menu_order":0,"comment_status":"closed","ping_status":"closed","template":"","meta":{"ngg_post_thumbnail":0,"footnotes":"","_mc_calendar":[]},"aioseo_notices":[],"_links":{"self":[{"href":"https:\/\/blogsaverroes.juntadeandalucia.es\/escuelainfantilmaestropadilla\/wp-json\/wp\/v2\/pages\/5569"}],"collection":[{"href":"https:\/\/blogsaverroes.juntadeandalucia.es\/escuelainfantilmaestropadilla\/wp-json\/wp\/v2\/pages"}],"about":[{"href":"https:\/\/blogsaverroes.juntadeandalucia.es\/escuelainfantilmaestropadilla\/wp-json\/wp\/v2\/types\/page"}],"author":[{"embeddable":true,"href":"https:\/\/blogsaverroes.juntadeandalucia.es\/escuelainfantilmaestropadilla\/wp-json\/wp\/v2\/users\/11410"}],"replies":[{"embeddable":true,"href":"https:\/\/blogsaverroes.juntadeandalucia.es\/escuelainfantilmaestropadilla\/wp-json\/wp\/v2\/comments?post=5569"}],"version-history":[{"count":7,"href":"https:\/\/blogsaverroes.juntadeandalucia.es\/escuelainfantilmaestropadilla\/wp-json\/wp\/v2\/pages\/5569\/revisions"}],"predecessor-version":[{"id":7577,"href":"https:\/\/blogsaverroes.juntadeandalucia.es\/escuelainfantilmaestropadilla\/wp-json\/wp\/v2\/pages\/5569\/revisions\/7577"}],"wp:attachment":[{"href":"https:\/\/blogsaverroes.juntadeandalucia.es\/escuelainfantilmaestropadilla\/wp-json\/wp\/v2\/media?parent=5569"}],"curies":[{"name":"wp","href":"https:\/\/api.w.org\/{rel}","templated":true}]}}