{"id":316,"date":"2025-05-21T13:25:27","date_gmt":"2025-05-21T11:25:27","guid":{"rendered":"https:\/\/blogsaverroes.juntadeandalucia.es\/escuelainfantilmoriles\/?page_id=316"},"modified":"2025-05-27T08:27:29","modified_gmt":"2025-05-27T06:27:29","slug":"personal-del-centro","status":"publish","type":"page","link":"https:\/\/blogsaverroes.juntadeandalucia.es\/escuelainfantilmoriles\/personal-del-centro\/","title":{"rendered":"Personal del Centro"},"content":{"rendered":"<p style=\"text-align: justify\"><strong>Nuestro Equipo Educativo<\/strong> <strong>esta compuesto por <span style=\"text-decoration: underline\">profesionales Maestra de Educaci\u00f3n Infantil<\/span> y <span style=\"text-decoration: underline\">T\u00e9cnico de Educaci\u00f3n Infantil<\/span><\/strong>, cuya finalidad es dar una educaci\u00f3n de calidad, aunque lo mas importante a estas edades, es recibir un abrazo cuando lo necesitamos, que nos acunen\u00a0 hasta que nos alcance el sue\u00f1o y que nos acompa\u00f1en en todos nuestros peque\u00f1os logros.<\/p>\n<figure id=\"attachment_162\" aria-describedby=\"caption-attachment-162\" style=\"width: 400px\" class=\"wp-caption alignleft\"><img loading=\"lazy\" decoding=\"async\" class=\"size-full wp-image-162\" src=\"https:\/\/blogsaverroes.juntadeandalucia.es\/escuelainfantilmoriles\/files\/2025\/05\/IMG_0740-scaled.jpg\" alt=\"Personal del centro\" width=\"400\" height=\"291\" srcset=\"https:\/\/blogsaverroes.juntadeandalucia.es\/escuelainfantilmoriles\/files\/2025\/05\/IMG_0740-scaled.jpg 2560w, https:\/\/blogsaverroes.juntadeandalucia.es\/escuelainfantilmoriles\/files\/2025\/05\/IMG_0740-300x218.jpg 300w, https:\/\/blogsaverroes.juntadeandalucia.es\/escuelainfantilmoriles\/files\/2025\/05\/IMG_0740-1024x744.jpg 1024w, https:\/\/blogsaverroes.juntadeandalucia.es\/escuelainfantilmoriles\/files\/2025\/05\/IMG_0740-768x558.jpg 768w, https:\/\/blogsaverroes.juntadeandalucia.es\/escuelainfantilmoriles\/files\/2025\/05\/IMG_0740-1536x1116.jpg 1536w, https:\/\/blogsaverroes.juntadeandalucia.es\/escuelainfantilmoriles\/files\/2025\/05\/IMG_0740-2048x1488.jpg 2048w\" sizes=\"(max-width: 400px) 100vw, 400px\" \/><figcaption id=\"caption-attachment-162\" class=\"wp-caption-text\">Personal del centro: Honorata, Eva, Anto\u00f1i y\u00a0 Carmen.<\/figcaption><\/figure>\n<figure id=\"attachment_163\" aria-describedby=\"caption-attachment-163\" style=\"width: 400px\" class=\"wp-caption alignright\"><img loading=\"lazy\" decoding=\"async\" class=\"size-full wp-image-163\" src=\"https:\/\/blogsaverroes.juntadeandalucia.es\/escuelainfantilmoriles\/files\/2025\/05\/IMG_0739-scaled.jpg\" alt=\"Todos los integrantes trabajadores, incluido el cocinero\" width=\"400\" height=\"292\" srcset=\"https:\/\/blogsaverroes.juntadeandalucia.es\/escuelainfantilmoriles\/files\/2025\/05\/IMG_0739-scaled.jpg 2560w, https:\/\/blogsaverroes.juntadeandalucia.es\/escuelainfantilmoriles\/files\/2025\/05\/IMG_0739-300x219.jpg 300w, https:\/\/blogsaverroes.juntadeandalucia.es\/escuelainfantilmoriles\/files\/2025\/05\/IMG_0739-1024x746.jpg 1024w, https:\/\/blogsaverroes.juntadeandalucia.es\/escuelainfantilmoriles\/files\/2025\/05\/IMG_0739-768x560.jpg 768w, https:\/\/blogsaverroes.juntadeandalucia.es\/escuelainfantilmoriles\/files\/2025\/05\/IMG_0739-1536x1120.jpg 1536w, https:\/\/blogsaverroes.juntadeandalucia.es\/escuelainfantilmoriles\/files\/2025\/05\/IMG_0739-2048x1493.jpg 2048w\" sizes=\"(max-width: 400px) 100vw, 400px\" \/><figcaption id=\"caption-attachment-163\" class=\"wp-caption-text\">Personal del centro: Honorata, Eva, Anto\u00f1i, Carmen y Jota<\/figcaption><\/figure>\n","protected":false},"excerpt":{"rendered":"<p>Nuestro Equipo Educativo esta compuesto por profesionales Maestra de Educaci\u00f3n Infantil y T\u00e9cnico de Educaci\u00f3n Infantil, cuya finalidad es dar una educaci\u00f3n de calidad, aunque&hellip;<\/p>\n","protected":false},"author":20399,"featured_media":162,"parent":0,"menu_order":0,"comment_status":"closed","ping_status":"closed","template":"","meta":{"footnotes":""},"aioseo_notices":[],"_links":{"self":[{"href":"https:\/\/blogsaverroes.juntadeandalucia.es\/escuelainfantilmoriles\/wp-json\/wp\/v2\/pages\/316"}],"collection":[{"href":"https:\/\/blogsaverroes.juntadeandalucia.es\/escuelainfantilmoriles\/wp-json\/wp\/v2\/pages"}],"about":[{"href":"https:\/\/blogsaverroes.juntadeandalucia.es\/escuelainfantilmoriles\/wp-json\/wp\/v2\/types\/page"}],"author":[{"embeddable":true,"href":"https:\/\/blogsaverroes.juntadeandalucia.es\/escuelainfantilmoriles\/wp-json\/wp\/v2\/users\/20399"}],"replies":[{"embeddable":true,"href":"https:\/\/blogsaverroes.juntadeandalucia.es\/escuelainfantilmoriles\/wp-json\/wp\/v2\/comments?post=316"}],"version-history":[{"count":7,"href":"https:\/\/blogsaverroes.juntadeandalucia.es\/escuelainfantilmoriles\/wp-json\/wp\/v2\/pages\/316\/revisions"}],"predecessor-version":[{"id":484,"href":"https:\/\/blogsaverroes.juntadeandalucia.es\/escuelainfantilmoriles\/wp-json\/wp\/v2\/pages\/316\/revisions\/484"}],"wp:featuredmedia":[{"embeddable":true,"href":"https:\/\/blogsaverroes.juntadeandalucia.es\/escuelainfantilmoriles\/wp-json\/wp\/v2\/media\/162"}],"wp:attachment":[{"href":"https:\/\/blogsaverroes.juntadeandalucia.es\/escuelainfantilmoriles\/wp-json\/wp\/v2\/media?parent=316"}],"curies":[{"name":"wp","href":"https:\/\/api.w.org\/{rel}","templated":true}]}}