{"id":339,"date":"2025-05-22T09:52:11","date_gmt":"2025-05-22T07:52:11","guid":{"rendered":"https:\/\/blogsaverroes.juntadeandalucia.es\/escuelainfantilmoriles\/?page_id=339"},"modified":"2025-05-27T14:25:12","modified_gmt":"2025-05-27T12:25:12","slug":"admision","status":"publish","type":"page","link":"https:\/\/blogsaverroes.juntadeandalucia.es\/escuelainfantilmoriles\/curso-escolar\/admision\/","title":{"rendered":"Admisi\u00f3n"},"content":{"rendered":"<p><a href=\"https:\/\/blogsaverroes.juntadeandalucia.es\/escuelainfantilmoriles\/files\/2025\/05\/procedimiento-ordinario-admision-2025.pdf\" target=\"_blank\" rel=\"noopener\">Procedimiento ordinario admisi\u00f3n 2025 &#8211; PDF<\/a><\/p>\n<p><a href=\"https:\/\/blogsaverroes.juntadeandalucia.es\/escuelainfantilmoriles\/files\/2025\/05\/impreso-ayuda-2025.pdf\" target=\"_blank\" rel=\"noopener\">Impreso ayuda 2025 &#8211; PDF<\/a><\/p>\n<p><a href=\"https:\/\/blogsaverroes.juntadeandalucia.es\/escuelainfantilmoriles\/files\/2025\/05\/renuncia-de-plaza-escolar.pdf\" target=\"_blank\" rel=\"noopener\">Renuncia de plaza escolar &#8211; PDF<\/a><\/p>\n<p>&nbsp;<\/p>\n<p><span style=\"color: #ffffff\">Admisi\u00f3n, matr\u00edcula, registro, documentaci\u00f3n, ayuda, renuncia, acceder.<\/span><\/p>\n<p>&nbsp;<\/p>\n","protected":false},"excerpt":{"rendered":"<p>Procedimiento ordinario admisi\u00f3n 2025 &#8211; PDF Impreso ayuda 2025 &#8211; PDF Renuncia de plaza escolar &#8211; PDF &nbsp; Admisi\u00f3n, matr\u00edcula, registro, documentaci\u00f3n, ayuda, renuncia, acceder.&hellip;<\/p>\n","protected":false},"author":20399,"featured_media":0,"parent":335,"menu_order":0,"comment_status":"closed","ping_status":"closed","template":"","meta":{"footnotes":""},"aioseo_notices":[],"_links":{"self":[{"href":"https:\/\/blogsaverroes.juntadeandalucia.es\/escuelainfantilmoriles\/wp-json\/wp\/v2\/pages\/339"}],"collection":[{"href":"https:\/\/blogsaverroes.juntadeandalucia.es\/escuelainfantilmoriles\/wp-json\/wp\/v2\/pages"}],"about":[{"href":"https:\/\/blogsaverroes.juntadeandalucia.es\/escuelainfantilmoriles\/wp-json\/wp\/v2\/types\/page"}],"author":[{"embeddable":true,"href":"https:\/\/blogsaverroes.juntadeandalucia.es\/escuelainfantilmoriles\/wp-json\/wp\/v2\/users\/20399"}],"replies":[{"embeddable":true,"href":"https:\/\/blogsaverroes.juntadeandalucia.es\/escuelainfantilmoriles\/wp-json\/wp\/v2\/comments?post=339"}],"version-history":[{"count":11,"href":"https:\/\/blogsaverroes.juntadeandalucia.es\/escuelainfantilmoriles\/wp-json\/wp\/v2\/pages\/339\/revisions"}],"predecessor-version":[{"id":567,"href":"https:\/\/blogsaverroes.juntadeandalucia.es\/escuelainfantilmoriles\/wp-json\/wp\/v2\/pages\/339\/revisions\/567"}],"up":[{"embeddable":true,"href":"https:\/\/blogsaverroes.juntadeandalucia.es\/escuelainfantilmoriles\/wp-json\/wp\/v2\/pages\/335"}],"wp:attachment":[{"href":"https:\/\/blogsaverroes.juntadeandalucia.es\/escuelainfantilmoriles\/wp-json\/wp\/v2\/media?parent=339"}],"curies":[{"name":"wp","href":"https:\/\/api.w.org\/{rel}","templated":true}]}}