{"id":366,"date":"2025-05-22T10:34:21","date_gmt":"2025-05-22T08:34:21","guid":{"rendered":"https:\/\/blogsaverroes.juntadeandalucia.es\/escuelainfantilmoriles\/?page_id=366"},"modified":"2025-05-26T11:24:50","modified_gmt":"2025-05-26T09:24:50","slug":"quienes-somos","status":"publish","type":"page","link":"https:\/\/blogsaverroes.juntadeandalucia.es\/escuelainfantilmoriles\/quienes-somos\/","title":{"rendered":"Quienes somos"},"content":{"rendered":"<p><span style=\"font-family: tahoma, arial, helvetica, sans-serif\"><strong>La Escuela Infantil Municipal es el \u00fanico centro de educaci\u00f3n infantil de primer ciclo que se encuentra en el Municipio. Se encuentra situada en Moriles. \u00a1Es la escuela perfecta para la educaci\u00f3n de sus hijos\/as!<\/strong><\/span><\/p>\n<p><span style=\"font-family: tahoma, arial, helvetica, sans-serif\">La\u00a0 Escuela Infantil Municipal comenz\u00f3 su\u00a0 andadura en 1986, gracias a la iniciativa del ayuntamiento de Moriles. Desde entonces permanecemos inmersos en el maravilloso mundo de los ni\u00f1os, por y para ellos, en su cuidado y educaci\u00f3n en la escuela infantil para prestar el mejor servicio a las Familias de Moriles.<\/span><\/p>\n<p><span style=\"font-family: tahoma, arial, helvetica, sans-serif\">Con unos cuarenta a\u00f1os de historia docente, el centro\u00a0 es veterano en la educaci\u00f3n\u00a0 y cuidado de los ni\u00f1os\/as de 0-3 a\u00f1os. Actualmente estamos adheridos al programa de ayuda a las familias para el Fomento de la escolarizaci\u00f3n en el primer ciclo de Educaci\u00f3n Infantil de Andaluc\u00eda, de la Consejer\u00eda de desarrollo educativo y formaci\u00f3n profesional de la Junta de Andaluc\u00eda.\u00a0<\/span><\/p>\n<p><span style=\"font-family: tahoma, arial, helvetica, sans-serif\">Siempre ha permanecido al ayuntamiento del municipio. El personal docente de la Escuela est\u00e1 compuesto por Carmen, Eva, Anto\u00f1i, C.Honorata. El Objetivo principal del centro es que \u00ab<strong>El alumnado del centro esta fel\u00edz<\/strong>\u00ab.<\/span><\/p>\n","protected":false},"excerpt":{"rendered":"<p>La Escuela Infantil Municipal es el \u00fanico centro de educaci\u00f3n infantil de primer ciclo que se encuentra en el Municipio. Se encuentra situada en Moriles.&hellip;<\/p>\n","protected":false},"author":20399,"featured_media":0,"parent":0,"menu_order":0,"comment_status":"closed","ping_status":"closed","template":"","meta":{"footnotes":""},"aioseo_notices":[],"_links":{"self":[{"href":"https:\/\/blogsaverroes.juntadeandalucia.es\/escuelainfantilmoriles\/wp-json\/wp\/v2\/pages\/366"}],"collection":[{"href":"https:\/\/blogsaverroes.juntadeandalucia.es\/escuelainfantilmoriles\/wp-json\/wp\/v2\/pages"}],"about":[{"href":"https:\/\/blogsaverroes.juntadeandalucia.es\/escuelainfantilmoriles\/wp-json\/wp\/v2\/types\/page"}],"author":[{"embeddable":true,"href":"https:\/\/blogsaverroes.juntadeandalucia.es\/escuelainfantilmoriles\/wp-json\/wp\/v2\/users\/20399"}],"replies":[{"embeddable":true,"href":"https:\/\/blogsaverroes.juntadeandalucia.es\/escuelainfantilmoriles\/wp-json\/wp\/v2\/comments?post=366"}],"version-history":[{"count":4,"href":"https:\/\/blogsaverroes.juntadeandalucia.es\/escuelainfantilmoriles\/wp-json\/wp\/v2\/pages\/366\/revisions"}],"predecessor-version":[{"id":454,"href":"https:\/\/blogsaverroes.juntadeandalucia.es\/escuelainfantilmoriles\/wp-json\/wp\/v2\/pages\/366\/revisions\/454"}],"wp:attachment":[{"href":"https:\/\/blogsaverroes.juntadeandalucia.es\/escuelainfantilmoriles\/wp-json\/wp\/v2\/media?parent=366"}],"curies":[{"name":"wp","href":"https:\/\/api.w.org\/{rel}","templated":true}]}}