{"id":381,"date":"2025-05-22T11:32:45","date_gmt":"2025-05-22T09:32:45","guid":{"rendered":"https:\/\/blogsaverroes.juntadeandalucia.es\/escuelainfantilmoriles\/?page_id=381"},"modified":"2025-05-27T13:19:15","modified_gmt":"2025-05-27T11:19:15","slug":"instalaciones","status":"publish","type":"page","link":"https:\/\/blogsaverroes.juntadeandalucia.es\/escuelainfantilmoriles\/instalaciones\/","title":{"rendered":"Instalaciones"},"content":{"rendered":"<p><span style=\"text-decoration: underline;color: #333333\"><span style=\"font-size: 24pt\"><strong>Nuestras Instalaciones<\/strong><\/span><\/span><\/p>\n<p style=\"text-align: justify\">Nuestra escuela nace en los a\u00f1os ochenta en el municipio de Moriles. Se encuentra adaptado a lo que demanda la administraci\u00f3n para cubrir las funciones de la escuela de educaci\u00f3n infantil.<\/p>\n<p style=\"text-align: justify\">Adem\u00e1s de las 3 clases adaptadas a las necesidades de cada edad, disponemos\u00a0 de despacho de direcci\u00f3n, aseo de adultos, cocina, zona de cambio, una de descanso, sal\u00f3n de usos m\u00faltiples con pizarra interactiva, aula sensorial, patio exterior.<\/p>\n<p style=\"text-align: justify\">El exterior de la Escuela est\u00e1 totalmente cercado con una estructura que crea seguridad. La calle donde se encuentra la escuela es peatonal y sin peligro de tr\u00e1fico. Junto a nuestro edificio encontramos la Biblioteca Municipal y el Centro M\u00e9dico de Salud.<\/p>\n<p>&nbsp;<\/p>\n<p><span style=\"text-decoration: underline;color: #333333;font-family: 'comic sans ms', sans-serif\"><strong><span style=\"font-size: 18pt\">Patio exterior<\/span><\/strong><\/span><\/p>\n<div id='gallery-1' class='gallery galleryid-381 gallery-columns-1 gallery-size-full'><figure class='gallery-item'>\n\t\t\t<div class='gallery-icon landscape'>\n\t\t\t\t<a href='https:\/\/blogsaverroes.juntadeandalucia.es\/escuelainfantilmoriles\/img_0225-2\/'><img loading=\"lazy\" decoding=\"async\" width=\"2560\" height=\"693\" src=\"https:\/\/blogsaverroes.juntadeandalucia.es\/escuelainfantilmoriles\/files\/2025\/04\/IMG_0225-2-scaled.jpg\" class=\"attachment-full size-full\" alt=\"Patio exterior\" srcset=\"https:\/\/blogsaverroes.juntadeandalucia.es\/escuelainfantilmoriles\/files\/2025\/04\/IMG_0225-2-scaled.jpg 2560w, https:\/\/blogsaverroes.juntadeandalucia.es\/escuelainfantilmoriles\/files\/2025\/04\/IMG_0225-2-300x81.jpg 300w, https:\/\/blogsaverroes.juntadeandalucia.es\/escuelainfantilmoriles\/files\/2025\/04\/IMG_0225-2-1024x277.jpg 1024w, https:\/\/blogsaverroes.juntadeandalucia.es\/escuelainfantilmoriles\/files\/2025\/04\/IMG_0225-2-768x208.jpg 768w, https:\/\/blogsaverroes.juntadeandalucia.es\/escuelainfantilmoriles\/files\/2025\/04\/IMG_0225-2-1536x416.jpg 1536w, https:\/\/blogsaverroes.juntadeandalucia.es\/escuelainfantilmoriles\/files\/2025\/04\/IMG_0225-2-2048x554.jpg 2048w\" sizes=\"(max-width: 2560px) 100vw, 2560px\" \/><\/a>\n\t\t\t<\/div><\/figure><figure class='gallery-item'>\n\t\t\t<div class='gallery-icon landscape'>\n\t\t\t\t<a href='https:\/\/blogsaverroes.juntadeandalucia.es\/escuelainfantilmoriles\/img_0223-1\/'><img loading=\"lazy\" decoding=\"async\" width=\"16340\" height=\"3788\" src=\"https:\/\/blogsaverroes.juntadeandalucia.es\/escuelainfantilmoriles\/files\/2025\/05\/IMG_0223-1.jpg\" class=\"attachment-full size-full\" alt=\"Instalaciones\" \/><\/a>\n\t\t\t<\/div><\/figure><figure class='gallery-item'>\n\t\t\t<div class='gallery-icon landscape'>\n\t\t\t\t<a href='https:\/\/blogsaverroes.juntadeandalucia.es\/escuelainfantilmoriles\/img_0224\/'><img loading=\"lazy\" decoding=\"async\" width=\"2560\" height=\"544\" src=\"https:\/\/blogsaverroes.juntadeandalucia.es\/escuelainfantilmoriles\/files\/2025\/05\/IMG_0224-scaled.jpg\" class=\"attachment-full size-full\" alt=\"Instalaciones\" srcset=\"https:\/\/blogsaverroes.juntadeandalucia.es\/escuelainfantilmoriles\/files\/2025\/05\/IMG_0224-scaled.jpg 2560w, https:\/\/blogsaverroes.juntadeandalucia.es\/escuelainfantilmoriles\/files\/2025\/05\/IMG_0224-300x64.jpg 300w, https:\/\/blogsaverroes.juntadeandalucia.es\/escuelainfantilmoriles\/files\/2025\/05\/IMG_0224-1024x218.jpg 1024w, https:\/\/blogsaverroes.juntadeandalucia.es\/escuelainfantilmoriles\/files\/2025\/05\/IMG_0224-768x163.jpg 768w, https:\/\/blogsaverroes.juntadeandalucia.es\/escuelainfantilmoriles\/files\/2025\/05\/IMG_0224-1536x326.jpg 1536w, https:\/\/blogsaverroes.juntadeandalucia.es\/escuelainfantilmoriles\/files\/2025\/05\/IMG_0224-2048x435.jpg 2048w\" sizes=\"(max-width: 2560px) 100vw, 2560px\" \/><\/a>\n\t\t\t<\/div><\/figure>\n\t\t<\/div>\n\n<p>&nbsp;<\/p>\n<p><span style=\"text-decoration: underline;color: #333333;font-family: 'comic sans ms', sans-serif\"><span style=\"font-size: 18pt\"><span style=\"color: #333333;font-family: 'comic sans ms', sans-serif;font-size: 18pt\"><b>Aula Uso <\/b><\/span><span style=\"font-family: comic sans ms, sans-serif\"><span style=\"font-size: 24px\"><b><u>M\u00faltiples<\/u><\/b><\/span><\/span><span style=\"color: #333333;font-family: 'comic sans ms', sans-serif;font-size: 18pt\"><b>\u00a0<\/b><\/span><\/span><\/span><\/p>\n<p><a href=\"https:\/\/blogsaverroes.juntadeandalucia.es\/escuelainfantilmoriles\/files\/2025\/04\/IMG_6285-scaled.jpg\" target=\"_blank\" rel=\"noopener\"><img loading=\"lazy\" decoding=\"async\" class=\"aligncenter wp-image-107 size-large\" src=\"https:\/\/blogsaverroes.juntadeandalucia.es\/escuelainfantilmoriles\/files\/2025\/04\/IMG_6285-1024x768.jpg\" alt=\"\" width=\"843\" height=\"632\" srcset=\"https:\/\/blogsaverroes.juntadeandalucia.es\/escuelainfantilmoriles\/files\/2025\/04\/IMG_6285-1024x768.jpg 1024w, https:\/\/blogsaverroes.juntadeandalucia.es\/escuelainfantilmoriles\/files\/2025\/04\/IMG_6285-300x225.jpg 300w, https:\/\/blogsaverroes.juntadeandalucia.es\/escuelainfantilmoriles\/files\/2025\/04\/IMG_6285-768x576.jpg 768w, https:\/\/blogsaverroes.juntadeandalucia.es\/escuelainfantilmoriles\/files\/2025\/04\/IMG_6285-1536x1152.jpg 1536w, https:\/\/blogsaverroes.juntadeandalucia.es\/escuelainfantilmoriles\/files\/2025\/04\/IMG_6285-2048x1536.jpg 2048w\" sizes=\"(max-width: 843px) 100vw, 843px\" \/><\/a><\/p>\n<p>&nbsp;<\/p>\n<p>&nbsp;<\/p>\n<p><strong><span style=\"text-decoration: underline;color: #333333;font-family: 'comic sans ms', sans-serif\"><span style=\"font-size: 18pt\">Aula Sensorial<\/span><\/span><\/strong><\/p>\n<p><span style=\"color: #333333;font-family: 'comic sans ms', sans-serif\"><strong>Aula Sensorial<\/strong>:<\/span> <span style=\"color: #333333\">Disponemos en nuestra Escuela Infantil de un espacio dise\u00f1ado para que los ni\u00f1os y ni\u00f1as desarrollen sus capacidades visuales, auditivas, t\u00e1ctiles, olfativas y motrices.<\/span><\/p>\n<figure id=\"attachment_125\" aria-describedby=\"caption-attachment-125\" style=\"width: 350px\" class=\"wp-caption alignleft\"><a href=\"https:\/\/blogsaverroes.juntadeandalucia.es\/escuelainfantilmoriles\/files\/2025\/05\/65D8B577-28E1-4B09-B74C-AE2666DD877F-scaled.jpg\" target=\"_blank\" rel=\"noopener\"><img loading=\"lazy\" decoding=\"async\" class=\"wp-image-125 size-full\" src=\"https:\/\/blogsaverroes.juntadeandalucia.es\/escuelainfantilmoriles\/files\/2025\/05\/65D8B577-28E1-4B09-B74C-AE2666DD877F-scaled.jpg\" alt=\"Aula Sensorial\" width=\"350\" height=\"622\" srcset=\"https:\/\/blogsaverroes.juntadeandalucia.es\/escuelainfantilmoriles\/files\/2025\/05\/65D8B577-28E1-4B09-B74C-AE2666DD877F-scaled.jpg 1440w, https:\/\/blogsaverroes.juntadeandalucia.es\/escuelainfantilmoriles\/files\/2025\/05\/65D8B577-28E1-4B09-B74C-AE2666DD877F-169x300.jpg 169w, https:\/\/blogsaverroes.juntadeandalucia.es\/escuelainfantilmoriles\/files\/2025\/05\/65D8B577-28E1-4B09-B74C-AE2666DD877F-576x1024.jpg 576w, https:\/\/blogsaverroes.juntadeandalucia.es\/escuelainfantilmoriles\/files\/2025\/05\/65D8B577-28E1-4B09-B74C-AE2666DD877F-768x1365.jpg 768w, https:\/\/blogsaverroes.juntadeandalucia.es\/escuelainfantilmoriles\/files\/2025\/05\/65D8B577-28E1-4B09-B74C-AE2666DD877F-864x1536.jpg 864w, https:\/\/blogsaverroes.juntadeandalucia.es\/escuelainfantilmoriles\/files\/2025\/05\/65D8B577-28E1-4B09-B74C-AE2666DD877F-1152x2048.jpg 1152w\" sizes=\"(max-width: 350px) 100vw, 350px\" \/><\/a><figcaption id=\"caption-attachment-125\" class=\"wp-caption-text\">Aula Sensorial<\/figcaption><\/figure>\n<figure id=\"attachment_124\" aria-describedby=\"caption-attachment-124\" style=\"width: 350px\" class=\"wp-caption alignright\"><a href=\"https:\/\/blogsaverroes.juntadeandalucia.es\/escuelainfantilmoriles\/files\/2025\/05\/IMG_6953-scaled.jpg\" target=\"_blank\" rel=\"noopener\"><img loading=\"lazy\" decoding=\"async\" class=\"wp-image-124 size-full\" src=\"https:\/\/blogsaverroes.juntadeandalucia.es\/escuelainfantilmoriles\/files\/2025\/05\/IMG_6953-scaled.jpg\" alt=\"Aula sensorial\" width=\"350\" height=\"467\" srcset=\"https:\/\/blogsaverroes.juntadeandalucia.es\/escuelainfantilmoriles\/files\/2025\/05\/IMG_6953-scaled.jpg 1920w, https:\/\/blogsaverroes.juntadeandalucia.es\/escuelainfantilmoriles\/files\/2025\/05\/IMG_6953-225x300.jpg 225w, https:\/\/blogsaverroes.juntadeandalucia.es\/escuelainfantilmoriles\/files\/2025\/05\/IMG_6953-768x1024.jpg 768w, https:\/\/blogsaverroes.juntadeandalucia.es\/escuelainfantilmoriles\/files\/2025\/05\/IMG_6953-1152x1536.jpg 1152w, https:\/\/blogsaverroes.juntadeandalucia.es\/escuelainfantilmoriles\/files\/2025\/05\/IMG_6953-1536x2048.jpg 1536w\" sizes=\"(max-width: 350px) 100vw, 350px\" \/><\/a><figcaption id=\"caption-attachment-124\" class=\"wp-caption-text\">Aula Sensorial<\/figcaption><\/figure>\n<p>&nbsp;<\/p>\n<p>&nbsp;<\/p>\n<p>&nbsp;<\/p>\n<p>&nbsp;<\/p>\n<p>&nbsp;<\/p>\n<p>&nbsp;<\/p>\n<p>&nbsp;<\/p>\n<p>&nbsp;<\/p>\n<p>&nbsp;<\/p>\n<p>&nbsp;<\/p>\n<p>&nbsp;<\/p>\n<p>&nbsp;<\/p>\n<p>&nbsp;<\/p>\n<p>&nbsp;<\/p>\n<p>&nbsp;<\/p>\n<p>&nbsp;<\/p>\n<p><strong><span style=\"text-decoration: underline;color: #333333;font-family: 'comic sans ms', sans-serif\"><span style=\"font-size: 18pt\">Aulas<\/span><\/span><\/strong><\/p>\n<div id='gallery-2' class='gallery galleryid-381 gallery-columns-2 gallery-size-large'><figure class='gallery-item'>\n\t\t\t<div class='gallery-icon landscape'>\n\t\t\t\t<a href='https:\/\/blogsaverroes.juntadeandalucia.es\/escuelainfantilmoriles\/img_0529\/'><img loading=\"lazy\" decoding=\"async\" width=\"843\" height=\"632\" src=\"https:\/\/blogsaverroes.juntadeandalucia.es\/escuelainfantilmoriles\/files\/2025\/05\/IMG_0529-1024x768.jpg\" class=\"attachment-large size-large\" alt=\"Instalaciones\" srcset=\"https:\/\/blogsaverroes.juntadeandalucia.es\/escuelainfantilmoriles\/files\/2025\/05\/IMG_0529-1024x768.jpg 1024w, https:\/\/blogsaverroes.juntadeandalucia.es\/escuelainfantilmoriles\/files\/2025\/05\/IMG_0529-300x225.jpg 300w, https:\/\/blogsaverroes.juntadeandalucia.es\/escuelainfantilmoriles\/files\/2025\/05\/IMG_0529-768x576.jpg 768w, https:\/\/blogsaverroes.juntadeandalucia.es\/escuelainfantilmoriles\/files\/2025\/05\/IMG_0529-1536x1152.jpg 1536w, https:\/\/blogsaverroes.juntadeandalucia.es\/escuelainfantilmoriles\/files\/2025\/05\/IMG_0529-2048x1536.jpg 2048w\" sizes=\"(max-width: 843px) 100vw, 843px\" \/><\/a>\n\t\t\t<\/div><\/figure><figure class='gallery-item'>\n\t\t\t<div class='gallery-icon landscape'>\n\t\t\t\t<a href='https:\/\/blogsaverroes.juntadeandalucia.es\/escuelainfantilmoriles\/img_0534\/'><img loading=\"lazy\" decoding=\"async\" width=\"843\" height=\"632\" src=\"https:\/\/blogsaverroes.juntadeandalucia.es\/escuelainfantilmoriles\/files\/2025\/05\/IMG_0534-1024x768.jpg\" class=\"attachment-large size-large\" alt=\"Instalaciones\" srcset=\"https:\/\/blogsaverroes.juntadeandalucia.es\/escuelainfantilmoriles\/files\/2025\/05\/IMG_0534-1024x768.jpg 1024w, https:\/\/blogsaverroes.juntadeandalucia.es\/escuelainfantilmoriles\/files\/2025\/05\/IMG_0534-300x225.jpg 300w, https:\/\/blogsaverroes.juntadeandalucia.es\/escuelainfantilmoriles\/files\/2025\/05\/IMG_0534-768x576.jpg 768w, https:\/\/blogsaverroes.juntadeandalucia.es\/escuelainfantilmoriles\/files\/2025\/05\/IMG_0534-1536x1152.jpg 1536w, https:\/\/blogsaverroes.juntadeandalucia.es\/escuelainfantilmoriles\/files\/2025\/05\/IMG_0534-2048x1536.jpg 2048w\" sizes=\"(max-width: 843px) 100vw, 843px\" \/><\/a>\n\t\t\t<\/div><\/figure>\n\t\t<\/div>\n\n<p>&nbsp;<\/p>\n<p>&nbsp;<\/p>\n<p><strong><span style=\"text-decoration: underline;color: #333333;font-family: 'comic sans ms', sans-serif\"><span style=\"font-size: 18pt\">Planos<\/span><\/span><\/strong><\/p>\n<p><a href=\"https:\/\/blogsaverroes.juntadeandalucia.es\/escuelainfantilmoriles\/files\/2025\/05\/Plano-escuela-infantil-.png\" target=\"_blank\" rel=\"noopener\"><img loading=\"lazy\" decoding=\"async\" class=\"aligncenter wp-image-552 size-large\" src=\"https:\/\/blogsaverroes.juntadeandalucia.es\/escuelainfantilmoriles\/files\/2025\/05\/Plano-escuela-infantil--1024x724.png\" alt=\"\" width=\"843\" height=\"596\" srcset=\"https:\/\/blogsaverroes.juntadeandalucia.es\/escuelainfantilmoriles\/files\/2025\/05\/Plano-escuela-infantil--1024x724.png 1024w, https:\/\/blogsaverroes.juntadeandalucia.es\/escuelainfantilmoriles\/files\/2025\/05\/Plano-escuela-infantil--300x212.png 300w, https:\/\/blogsaverroes.juntadeandalucia.es\/escuelainfantilmoriles\/files\/2025\/05\/Plano-escuela-infantil--768x543.png 768w, https:\/\/blogsaverroes.juntadeandalucia.es\/escuelainfantilmoriles\/files\/2025\/05\/Plano-escuela-infantil--1536x1087.png 1536w, https:\/\/blogsaverroes.juntadeandalucia.es\/escuelainfantilmoriles\/files\/2025\/05\/Plano-escuela-infantil--2048x1449.png 2048w\" sizes=\"(max-width: 843px) 100vw, 843px\" \/><\/a><\/p>\n<p>&nbsp;<\/p>\n<p>&nbsp;<\/p>\n","protected":false},"excerpt":{"rendered":"<p>Nuestras Instalaciones Nuestra escuela nace en los a\u00f1os ochenta en el municipio de Moriles. Se encuentra adaptado a lo que demanda la administraci\u00f3n para cubrir&hellip;<\/p>\n","protected":false},"author":20399,"featured_media":0,"parent":0,"menu_order":0,"comment_status":"closed","ping_status":"closed","template":"","meta":{"footnotes":""},"aioseo_notices":[],"_links":{"self":[{"href":"https:\/\/blogsaverroes.juntadeandalucia.es\/escuelainfantilmoriles\/wp-json\/wp\/v2\/pages\/381"}],"collection":[{"href":"https:\/\/blogsaverroes.juntadeandalucia.es\/escuelainfantilmoriles\/wp-json\/wp\/v2\/pages"}],"about":[{"href":"https:\/\/blogsaverroes.juntadeandalucia.es\/escuelainfantilmoriles\/wp-json\/wp\/v2\/types\/page"}],"author":[{"embeddable":true,"href":"https:\/\/blogsaverroes.juntadeandalucia.es\/escuelainfantilmoriles\/wp-json\/wp\/v2\/users\/20399"}],"replies":[{"embeddable":true,"href":"https:\/\/blogsaverroes.juntadeandalucia.es\/escuelainfantilmoriles\/wp-json\/wp\/v2\/comments?post=381"}],"version-history":[{"count":26,"href":"https:\/\/blogsaverroes.juntadeandalucia.es\/escuelainfantilmoriles\/wp-json\/wp\/v2\/pages\/381\/revisions"}],"predecessor-version":[{"id":464,"href":"https:\/\/blogsaverroes.juntadeandalucia.es\/escuelainfantilmoriles\/wp-json\/wp\/v2\/pages\/381\/revisions\/464"}],"wp:attachment":[{"href":"https:\/\/blogsaverroes.juntadeandalucia.es\/escuelainfantilmoriles\/wp-json\/wp\/v2\/media?parent=381"}],"curies":[{"name":"wp","href":"https:\/\/api.w.org\/{rel}","templated":true}]}}