{"id":35,"date":"2015-03-13T08:21:43","date_gmt":"2015-03-13T08:21:43","guid":{"rendered":"http:\/\/blogsaverroes.juntadeandalucia.es\/pre\/ceip\/?page_id=35"},"modified":"2020-08-29T13:49:03","modified_gmt":"2020-08-29T13:49:03","slug":"el-centro-2","status":"publish","type":"page","link":"https:\/\/blogsaverroes.juntadeandalucia.es\/escuelainfantilpuntasabinar\/el-centro-2\/","title":{"rendered":"Datos del centro"},"content":{"rendered":"<h4><strong>Datos de contacto<\/strong><\/h4>\n<p>E.I Punta Sabinar<\/p>\n<p><strong>Ubicaci\u00f3n:&nbsp;<\/strong><\/p>\n<p><a href=\"https:\/\/www.google.com\/maps\/dir\/\/36.7666905,-2.8179275\/@36.766896,-2.81795,17z?hl=es\" target=\"_blank\" rel=\"noopener noreferrer\">https:\/\/www.google.com\/maps\/dir\/\/36.7666905,-2.8179275\/@36.766896,-2.81795,17z?hl=es<\/a><\/p>\n<p><strong>Direcci\u00f3n:&nbsp;<\/strong> Calle Huelva, 104.&nbsp;<\/p>\n<p><strong>M\u00d3VIL: 697950361<\/strong><\/p>\n<p><strong>Tel\u00e9fono:<\/strong> 950579714<\/p>\n<p><strong>Email: <\/strong>04005341.edu@juntadeandalucia.es<\/p>\n<p><strong>Oferta Educativa:<\/strong><\/p>\n<p>2\u00ba Ciclo de Educaci\u00f3n Infantil<\/p>\n","protected":false},"excerpt":{"rendered":"<p>Datos de contacto E.I Punta Sabinar Ubicaci\u00f3n:&nbsp; https:\/\/www.google.com\/maps\/dir\/\/36.7666905,-2.8179275\/@36.766896,-2.81795,17z?hl=es Direcci\u00f3n:&nbsp; Calle Huelva, 104.&nbsp; M\u00d3VIL: 697950361 Tel\u00e9fono: 950579714 Email: 04005341.edu@juntadeandalucia.es Oferta Educativa: 2\u00ba Ciclo de Educaci\u00f3n Infantil<\/p>\n","protected":false},"author":1,"featured_media":0,"parent":0,"menu_order":0,"comment_status":"closed","ping_status":"open","template":"","meta":{"ngg_post_thumbnail":0,"footnotes":"","_mc_calendar":[]},"aioseo_notices":[],"_links":{"self":[{"href":"https:\/\/blogsaverroes.juntadeandalucia.es\/escuelainfantilpuntasabinar\/wp-json\/wp\/v2\/pages\/35"}],"collection":[{"href":"https:\/\/blogsaverroes.juntadeandalucia.es\/escuelainfantilpuntasabinar\/wp-json\/wp\/v2\/pages"}],"about":[{"href":"https:\/\/blogsaverroes.juntadeandalucia.es\/escuelainfantilpuntasabinar\/wp-json\/wp\/v2\/types\/page"}],"author":[{"embeddable":true,"href":"https:\/\/blogsaverroes.juntadeandalucia.es\/escuelainfantilpuntasabinar\/wp-json\/wp\/v2\/users\/1"}],"replies":[{"embeddable":true,"href":"https:\/\/blogsaverroes.juntadeandalucia.es\/escuelainfantilpuntasabinar\/wp-json\/wp\/v2\/comments?post=35"}],"version-history":[{"count":25,"href":"https:\/\/blogsaverroes.juntadeandalucia.es\/escuelainfantilpuntasabinar\/wp-json\/wp\/v2\/pages\/35\/revisions"}],"predecessor-version":[{"id":2345,"href":"https:\/\/blogsaverroes.juntadeandalucia.es\/escuelainfantilpuntasabinar\/wp-json\/wp\/v2\/pages\/35\/revisions\/2345"}],"wp:attachment":[{"href":"https:\/\/blogsaverroes.juntadeandalucia.es\/escuelainfantilpuntasabinar\/wp-json\/wp\/v2\/media?parent=35"}],"curies":[{"name":"wp","href":"https:\/\/api.w.org\/{rel}","templated":true}]}}