{"id":3254,"date":"2022-11-14T14:38:46","date_gmt":"2022-11-14T14:38:46","guid":{"rendered":"https:\/\/blogsaverroes.juntadeandalucia.es\/escuelainfantilsantoangel\/?page_id=3254"},"modified":"2022-11-14T15:17:36","modified_gmt":"2022-11-14T15:17:36","slug":"novedades-2","status":"publish","type":"page","link":"https:\/\/blogsaverroes.juntadeandalucia.es\/escuelainfantilsantoangel\/novedades-2\/","title":{"rendered":"NOVEDADES"},"content":{"rendered":"<p>La Enfermera referente de Centros Educativos de la zona de Baza, nos hace llegar la campa\u00f1a de vacunaci\u00f3n anti gripal para los menores de 5 a\u00f1os. En el siguiente enlace os dejamos toda la informaci\u00f3n:<\/p>\n<p><a href=\"https:\/\/www.andavac.es\/vacunacion-antigripal-de-la-poblacion-infantil-entre-6-meses-y-4-anos\/\">https:\/\/www.andavac.es\/vacunacion-antigripal-de-la-poblacion-infantil-entre-6-meses-y-4-anos\/<\/a><\/p>\n","protected":false},"excerpt":{"rendered":"<p>La Enfermera referente de Centros Educativos de la zona de Baza, nos hace llegar la campa\u00f1a de vacunaci\u00f3n anti gripal para los menores de 5 a\u00f1os. En el siguiente enlace os dejamos toda la&#46;&#46;&#46;<\/p>\n","protected":false},"author":6054,"featured_media":0,"parent":0,"menu_order":0,"comment_status":"closed","ping_status":"closed","template":"","meta":{"ngg_post_thumbnail":0,"footnotes":"","_mc_calendar":[]},"aioseo_notices":[],"_links":{"self":[{"href":"https:\/\/blogsaverroes.juntadeandalucia.es\/escuelainfantilsantoangel\/wp-json\/wp\/v2\/pages\/3254"}],"collection":[{"href":"https:\/\/blogsaverroes.juntadeandalucia.es\/escuelainfantilsantoangel\/wp-json\/wp\/v2\/pages"}],"about":[{"href":"https:\/\/blogsaverroes.juntadeandalucia.es\/escuelainfantilsantoangel\/wp-json\/wp\/v2\/types\/page"}],"author":[{"embeddable":true,"href":"https:\/\/blogsaverroes.juntadeandalucia.es\/escuelainfantilsantoangel\/wp-json\/wp\/v2\/users\/6054"}],"replies":[{"embeddable":true,"href":"https:\/\/blogsaverroes.juntadeandalucia.es\/escuelainfantilsantoangel\/wp-json\/wp\/v2\/comments?post=3254"}],"version-history":[{"count":2,"href":"https:\/\/blogsaverroes.juntadeandalucia.es\/escuelainfantilsantoangel\/wp-json\/wp\/v2\/pages\/3254\/revisions"}],"predecessor-version":[{"id":3286,"href":"https:\/\/blogsaverroes.juntadeandalucia.es\/escuelainfantilsantoangel\/wp-json\/wp\/v2\/pages\/3254\/revisions\/3286"}],"wp:attachment":[{"href":"https:\/\/blogsaverroes.juntadeandalucia.es\/escuelainfantilsantoangel\/wp-json\/wp\/v2\/media?parent=3254"}],"curies":[{"name":"wp","href":"https:\/\/api.w.org\/{rel}","templated":true}]}}