{"id":35,"date":"2015-03-13T08:21:43","date_gmt":"2015-03-13T08:21:43","guid":{"rendered":"http:\/\/blogsaverroes.juntadeandalucia.es\/pre\/ceip\/?page_id=35"},"modified":"2021-05-10T13:43:53","modified_gmt":"2021-05-10T13:43:53","slug":"el-centro-2","status":"publish","type":"page","link":"https:\/\/blogsaverroes.juntadeandalucia.es\/escuelainfantilsantoangel\/el-centro-2\/","title":{"rendered":"Datos del centro"},"content":{"rendered":"<h4><strong>Datos de contacto<\/strong><\/h4>\n<h5><span style=\"color: #000000\">ESCUELA INFANTIL SANTO \u00c1NGEL<\/span><\/h5>\n<h5><span style=\"color: #000000\"><strong>Direcci\u00f3n:<\/strong>&nbsp; Barriada de la Paz s\/n<\/span><\/h5>\n<h5><span style=\"color: #000000\">BAZA 18800<\/span><\/h5>\n<h5><span style=\"color: #000000\"><strong>Tel\u00e9fono \/ FAX: 958869511<\/strong><\/span><br \/>\n<span style=\"color: #000000\"> <strong>Email: 18010781.edu@juntadeandalucia.es<\/strong><\/span><\/h5>\n<p><a href=\"https:\/\/www.google.es\/maps\/place\/Escuela+de+Educaci%C3%B3n+Infantil+Santo+Angel\/@37.4854862,-2.7824674,17z\/data=!3m1!4b1!4m5!3m4!1s0xd6fdd6aaaaaaaab:0xd9f6b1cb51f57aee!8m2!3d37.4854862!4d-2.7802733https:\/\/www.google.es\/maps\/place\/Escuela+de+Educaci%C3%B3n+Infantil+Santo+Angel\/@37.4854862,-2.782462,17z\/data=!3m1!4b1!4m5!3m4!1s0xd6fdd6aaaaaaaab:0xd9f6b1cb51f57aee!8m2!3d37.4854862!4d-2.7802733\">Ubicaci\u00f3n en el mapa.<\/a><\/p>\n<div id=\"attachment_2347\" style=\"width: 5322px\" class=\"wp-caption aligncenter\"><a href=\"https:\/\/blogsaverroes.juntadeandalucia.es\/escuelainfantilsantoangel\/files\/2018\/03\/20180308_152804.jpg\"><img loading=\"lazy\" decoding=\"async\" aria-describedby=\"caption-attachment-2347\" class=\"wp-image-2347 size-full\" src=\"https:\/\/blogsaverroes.juntadeandalucia.es\/escuelainfantilsantoangel\/files\/2018\/03\/20180308_152804.jpg\" alt=\"\" width=\"5312\" height=\"2988\" srcset=\"https:\/\/blogsaverroes.juntadeandalucia.es\/escuelainfantilsantoangel\/files\/2018\/03\/20180308_152804.jpg 1600w, https:\/\/blogsaverroes.juntadeandalucia.es\/escuelainfantilsantoangel\/files\/2018\/03\/20180308_152804-300x169.jpg 300w, https:\/\/blogsaverroes.juntadeandalucia.es\/escuelainfantilsantoangel\/files\/2018\/03\/20180308_152804-768x432.jpg 768w, https:\/\/blogsaverroes.juntadeandalucia.es\/escuelainfantilsantoangel\/files\/2018\/03\/20180308_152804-1024x576.jpg 1024w, https:\/\/blogsaverroes.juntadeandalucia.es\/escuelainfantilsantoangel\/files\/2018\/03\/20180308_152804-700x393.jpg 700w, https:\/\/blogsaverroes.juntadeandalucia.es\/escuelainfantilsantoangel\/files\/2018\/03\/20180308_152804-24x14.jpg 24w, https:\/\/blogsaverroes.juntadeandalucia.es\/escuelainfantilsantoangel\/files\/2018\/03\/20180308_152804-36x20.jpg 36w, https:\/\/blogsaverroes.juntadeandalucia.es\/escuelainfantilsantoangel\/files\/2018\/03\/20180308_152804-48x27.jpg 48w\" sizes=\"(max-width: 5312px) 100vw, 5312px\" \/><\/a><p id=\"caption-attachment-2347\" class=\"wp-caption-text\">ENTRADA<\/p><\/div>\n<h4><strong>Horarios<\/strong><\/h4>\n<h5><span style=\"color: #000000\">El Centro est\u00e1 abierto de manera ininterrumpida de 7.30 a 17.00.&nbsp;<\/span><\/h5>\n<h5><span style=\"color: #000000\">De 7,30 a 9.00 el aula Matinal.<\/span><\/h5>\n<h5><span style=\"color: #000000\">De 9.00 a 17.00 Servicio de Atenci\u00f3n Socioeducativa.<\/span><\/h5>\n<h4><strong>Oferta educativa<\/strong><\/h4>\n<h5><span style=\"color: #000000\">El Centro ofrece plazas para ni\u00f1os y ni\u00f1as de 0 a 3 a\u00f1os.<\/span><\/h5>\n<h5><span style=\"color: #000000\">La <a href=\"http:\/\/portals.ced.junta-andalucia.es\/educacion\/portals\/web\/ced\">consejer\u00eda de educaci\u00f3n<\/a> publica puntualmente la convocatoria.<\/span><\/h5>\n<h4>&nbsp;<\/h4>\n<p>&nbsp;<\/p>\n","protected":false},"excerpt":{"rendered":"<p>Datos de contacto ESCUELA INFANTIL SANTO \u00c1NGEL Direcci\u00f3n:&nbsp; Barriada de la Paz s\/n BAZA 18800 Tel\u00e9fono \/ FAX: 958869511 Email: 18010781.edu@juntadeandalucia.es Ubicaci\u00f3n en el mapa. Horarios El Centro est\u00e1 abierto de manera ininterrumpida de&#46;&#46;&#46;<\/p>\n","protected":false},"author":1,"featured_media":0,"parent":0,"menu_order":0,"comment_status":"closed","ping_status":"open","template":"","meta":{"ngg_post_thumbnail":0,"footnotes":"","_mc_calendar":[]},"aioseo_notices":[],"_links":{"self":[{"href":"https:\/\/blogsaverroes.juntadeandalucia.es\/escuelainfantilsantoangel\/wp-json\/wp\/v2\/pages\/35"}],"collection":[{"href":"https:\/\/blogsaverroes.juntadeandalucia.es\/escuelainfantilsantoangel\/wp-json\/wp\/v2\/pages"}],"about":[{"href":"https:\/\/blogsaverroes.juntadeandalucia.es\/escuelainfantilsantoangel\/wp-json\/wp\/v2\/types\/page"}],"author":[{"embeddable":true,"href":"https:\/\/blogsaverroes.juntadeandalucia.es\/escuelainfantilsantoangel\/wp-json\/wp\/v2\/users\/1"}],"replies":[{"embeddable":true,"href":"https:\/\/blogsaverroes.juntadeandalucia.es\/escuelainfantilsantoangel\/wp-json\/wp\/v2\/comments?post=35"}],"version-history":[{"count":18,"href":"https:\/\/blogsaverroes.juntadeandalucia.es\/escuelainfantilsantoangel\/wp-json\/wp\/v2\/pages\/35\/revisions"}],"predecessor-version":[{"id":2936,"href":"https:\/\/blogsaverroes.juntadeandalucia.es\/escuelainfantilsantoangel\/wp-json\/wp\/v2\/pages\/35\/revisions\/2936"}],"wp:attachment":[{"href":"https:\/\/blogsaverroes.juntadeandalucia.es\/escuelainfantilsantoangel\/wp-json\/wp\/v2\/media?parent=35"}],"curies":[{"name":"wp","href":"https:\/\/api.w.org\/{rel}","templated":true}]}}