{"id":82,"date":"2015-03-16T06:59:55","date_gmt":"2015-03-16T06:59:55","guid":{"rendered":"http:\/\/blogsaverroes.juntadeandalucia.es\/pre\/ceip\/?page_id=82"},"modified":"2018-03-22T15:22:14","modified_gmt":"2018-03-22T15:22:14","slug":"horarios","status":"publish","type":"page","link":"https:\/\/blogsaverroes.juntadeandalucia.es\/escuelainfantilsantoangel\/horarios\/","title":{"rendered":"Horarios"},"content":{"rendered":"<h5><strong><span style=\"color: #000000\">El Centro est\u00e1 abierto de manera ininterrumpida de 7:30 a 17:00.&nbsp;<\/span><\/strong><\/h5>\n<h5><span style=\"color: #000000\">&nbsp; &nbsp; &nbsp; &nbsp; De 7:30 a 9:00 el Aula Matinal.<\/span><\/h5>\n<h5><span style=\"color: #000000\">&nbsp; &nbsp; &nbsp; &nbsp; De 9:00 a 17:00 Servicio de Atenci\u00f3n Socioeducativa. Durante la jornada, las actividades de los ni\u00f1os y ni\u00f1as variar\u00e1n en funci\u00f3n de las necesidades de su edad.&nbsp;<\/span><\/h5>\n<h5><span style=\"color: #000000\">A modo orientativo, la siguiente ilustraci\u00f3n resume nuestra rutina diaria.<\/span><\/h5>\n<div id=\"attachment_2444\" style=\"width: 1199px\" class=\"wp-caption aligncenter\"><a href=\"https:\/\/blogsaverroes.juntadeandalucia.es\/escuelainfantilsantoangel\/files\/2015\/03\/horario2-1.jpg\"><img loading=\"lazy\" decoding=\"async\" aria-describedby=\"caption-attachment-2444\" class=\"wp-image-2444 size-full\" src=\"https:\/\/blogsaverroes.juntadeandalucia.es\/escuelainfantilsantoangel\/files\/2015\/03\/horario2-1.jpg\" alt=\"\" width=\"1189\" height=\"1317\" srcset=\"https:\/\/blogsaverroes.juntadeandalucia.es\/escuelainfantilsantoangel\/files\/2015\/03\/horario2-1.jpg 1189w, https:\/\/blogsaverroes.juntadeandalucia.es\/escuelainfantilsantoangel\/files\/2015\/03\/horario2-1-271x300.jpg 271w, https:\/\/blogsaverroes.juntadeandalucia.es\/escuelainfantilsantoangel\/files\/2015\/03\/horario2-1-768x851.jpg 768w, https:\/\/blogsaverroes.juntadeandalucia.es\/escuelainfantilsantoangel\/files\/2015\/03\/horario2-1-924x1024.jpg 924w, https:\/\/blogsaverroes.juntadeandalucia.es\/escuelainfantilsantoangel\/files\/2015\/03\/horario2-1-700x775.jpg 700w, https:\/\/blogsaverroes.juntadeandalucia.es\/escuelainfantilsantoangel\/files\/2015\/03\/horario2-1-22x24.jpg 22w, https:\/\/blogsaverroes.juntadeandalucia.es\/escuelainfantilsantoangel\/files\/2015\/03\/horario2-1-33x36.jpg 33w, https:\/\/blogsaverroes.juntadeandalucia.es\/escuelainfantilsantoangel\/files\/2015\/03\/horario2-1-43x48.jpg 43w\" sizes=\"(max-width: 1189px) 100vw, 1189px\" \/><\/a><p id=\"caption-attachment-2444\" class=\"wp-caption-text\">JORNADA ESCOLAR<\/p><\/div>\n","protected":false},"excerpt":{"rendered":"<p>El Centro est\u00e1 abierto de manera ininterrumpida de 7:30 a 17:00.&nbsp; &nbsp; &nbsp; &nbsp; &nbsp; De 7:30 a 9:00 el Aula Matinal. &nbsp; &nbsp; &nbsp; &nbsp; De 9:00 a 17:00 Servicio de Atenci\u00f3n Socioeducativa.&#46;&#46;&#46;<\/p>\n","protected":false},"author":1,"featured_media":0,"parent":0,"menu_order":0,"comment_status":"closed","ping_status":"open","template":"","meta":{"ngg_post_thumbnail":0,"footnotes":"","_mc_calendar":[]},"aioseo_notices":[],"_links":{"self":[{"href":"https:\/\/blogsaverroes.juntadeandalucia.es\/escuelainfantilsantoangel\/wp-json\/wp\/v2\/pages\/82"}],"collection":[{"href":"https:\/\/blogsaverroes.juntadeandalucia.es\/escuelainfantilsantoangel\/wp-json\/wp\/v2\/pages"}],"about":[{"href":"https:\/\/blogsaverroes.juntadeandalucia.es\/escuelainfantilsantoangel\/wp-json\/wp\/v2\/types\/page"}],"author":[{"embeddable":true,"href":"https:\/\/blogsaverroes.juntadeandalucia.es\/escuelainfantilsantoangel\/wp-json\/wp\/v2\/users\/1"}],"replies":[{"embeddable":true,"href":"https:\/\/blogsaverroes.juntadeandalucia.es\/escuelainfantilsantoangel\/wp-json\/wp\/v2\/comments?post=82"}],"version-history":[{"count":4,"href":"https:\/\/blogsaverroes.juntadeandalucia.es\/escuelainfantilsantoangel\/wp-json\/wp\/v2\/pages\/82\/revisions"}],"predecessor-version":[{"id":2445,"href":"https:\/\/blogsaverroes.juntadeandalucia.es\/escuelainfantilsantoangel\/wp-json\/wp\/v2\/pages\/82\/revisions\/2445"}],"wp:attachment":[{"href":"https:\/\/blogsaverroes.juntadeandalucia.es\/escuelainfantilsantoangel\/wp-json\/wp\/v2\/media?parent=82"}],"curies":[{"name":"wp","href":"https:\/\/api.w.org\/{rel}","templated":true}]}}