{"id":99,"date":"2015-03-16T07:22:54","date_gmt":"2015-03-16T07:22:54","guid":{"rendered":"http:\/\/blogsaverroes.juntadeandalucia.es\/pre\/ceip\/?page_id=99"},"modified":"2018-03-22T15:42:33","modified_gmt":"2018-03-22T15:42:33","slug":"comedor-escolar","status":"publish","type":"page","link":"https:\/\/blogsaverroes.juntadeandalucia.es\/escuelainfantilsantoangel\/comedor-escolar\/","title":{"rendered":"Comedor escolar"},"content":{"rendered":"<h5><span style=\"color: #000000\">El Centro cuenta con cocina propia donde se elaboran diariamente los distintos men\u00fas que la Escuela ofrece a los ni\u00f1os y ni\u00f1as.&nbsp;Existe un men\u00fa espec\u00edfico para cada grupo de edad: 0-1 a\u00f1o, 1-2 a\u00f1os y 2-3 a\u00f1os, que se elabora en nuestra cocina propia.<\/span><\/h5>\n<div id=\"attachment_2414\" style=\"width: 3978px\" class=\"wp-caption aligncenter\"><a href=\"https:\/\/blogsaverroes.juntadeandalucia.es\/escuelainfantilsantoangel\/files\/2015\/03\/IMG_20180320_161756.jpg\"><img loading=\"lazy\" decoding=\"async\" aria-describedby=\"caption-attachment-2414\" class=\"wp-image-2414 size-full\" title=\"COCINA\" src=\"https:\/\/blogsaverroes.juntadeandalucia.es\/escuelainfantilsantoangel\/files\/2015\/03\/IMG_20180320_161756.jpg\" alt=\"\" width=\"3968\" height=\"2976\" srcset=\"https:\/\/blogsaverroes.juntadeandalucia.es\/escuelainfantilsantoangel\/files\/2015\/03\/IMG_20180320_161756.jpg 1600w, https:\/\/blogsaverroes.juntadeandalucia.es\/escuelainfantilsantoangel\/files\/2015\/03\/IMG_20180320_161756-300x225.jpg 300w, https:\/\/blogsaverroes.juntadeandalucia.es\/escuelainfantilsantoangel\/files\/2015\/03\/IMG_20180320_161756-768x576.jpg 768w, https:\/\/blogsaverroes.juntadeandalucia.es\/escuelainfantilsantoangel\/files\/2015\/03\/IMG_20180320_161756-1024x768.jpg 1024w, https:\/\/blogsaverroes.juntadeandalucia.es\/escuelainfantilsantoangel\/files\/2015\/03\/IMG_20180320_161756-700x525.jpg 700w, https:\/\/blogsaverroes.juntadeandalucia.es\/escuelainfantilsantoangel\/files\/2015\/03\/IMG_20180320_161756-24x18.jpg 24w, https:\/\/blogsaverroes.juntadeandalucia.es\/escuelainfantilsantoangel\/files\/2015\/03\/IMG_20180320_161756-36x27.jpg 36w, https:\/\/blogsaverroes.juntadeandalucia.es\/escuelainfantilsantoangel\/files\/2015\/03\/IMG_20180320_161756-48x36.jpg 48w\" sizes=\"(max-width: 3968px) 100vw, 3968px\" \/><\/a><p id=\"caption-attachment-2414\" class=\"wp-caption-text\">COCINA<\/p><\/div>\n<h5><span style=\"color: #000000\">As\u00ed como tambi\u00e9n, contemplamos las dietas, intolerancias y alergias.<\/span><\/h5>\n<h5><span style=\"color: #000000\">Todos los d\u00edas los padres y madres est\u00e1n informados de la alimentaci\u00f3n de sus hijos \/as a trav\u00e9s del panel informativo de la entrada. Tambi\u00e9n encuentran recomendaciones para una posible cena en base a una dieta sana y equilibrada.<\/span><\/h5>\n<h5><span style=\"color: #000000\">Los ni\u00f1os y ni\u00f1as de nuestras escuela disponen de un espacio espec\u00edfico<\/span> <span style=\"color: #000000\">y adaptado para su alimentaci\u00f3n, distinto a su aula habitual.<\/span><\/h5>\n<div id=\"attachment_2382\" style=\"width: 3978px\" class=\"wp-caption alignnone\"><a href=\"https:\/\/blogsaverroes.juntadeandalucia.es\/escuelainfantilsantoangel\/files\/2015\/03\/comedor1.jpg\"><img loading=\"lazy\" decoding=\"async\" aria-describedby=\"caption-attachment-2382\" class=\"wp-image-2382 size-full\" src=\"https:\/\/blogsaverroes.juntadeandalucia.es\/escuelainfantilsantoangel\/files\/2015\/03\/comedor1.jpg\" alt=\"\" width=\"3968\" height=\"2976\" srcset=\"https:\/\/blogsaverroes.juntadeandalucia.es\/escuelainfantilsantoangel\/files\/2015\/03\/comedor1.jpg 1600w, https:\/\/blogsaverroes.juntadeandalucia.es\/escuelainfantilsantoangel\/files\/2015\/03\/comedor1-300x225.jpg 300w, https:\/\/blogsaverroes.juntadeandalucia.es\/escuelainfantilsantoangel\/files\/2015\/03\/comedor1-768x576.jpg 768w, https:\/\/blogsaverroes.juntadeandalucia.es\/escuelainfantilsantoangel\/files\/2015\/03\/comedor1-1024x768.jpg 1024w, https:\/\/blogsaverroes.juntadeandalucia.es\/escuelainfantilsantoangel\/files\/2015\/03\/comedor1-700x525.jpg 700w, https:\/\/blogsaverroes.juntadeandalucia.es\/escuelainfantilsantoangel\/files\/2015\/03\/comedor1-24x18.jpg 24w, https:\/\/blogsaverroes.juntadeandalucia.es\/escuelainfantilsantoangel\/files\/2015\/03\/comedor1-36x27.jpg 36w, https:\/\/blogsaverroes.juntadeandalucia.es\/escuelainfantilsantoangel\/files\/2015\/03\/comedor1-48x36.jpg 48w\" sizes=\"(max-width: 3968px) 100vw, 3968px\" \/><\/a><p id=\"caption-attachment-2382\" class=\"wp-caption-text\">COMEDOR CLASE PATO Y TORTUGA.<\/p><\/div>\n<div id=\"attachment_2387\" style=\"width: 5322px\" class=\"wp-caption aligncenter\"><a href=\"https:\/\/blogsaverroes.juntadeandalucia.es\/escuelainfantilsantoangel\/files\/2015\/03\/comedor2-1.jpg\"><img loading=\"lazy\" decoding=\"async\" aria-describedby=\"caption-attachment-2387\" class=\"wp-image-2387 size-full\" src=\"https:\/\/blogsaverroes.juntadeandalucia.es\/escuelainfantilsantoangel\/files\/2015\/03\/comedor2-1.jpg\" alt=\"\" width=\"5312\" height=\"2988\" srcset=\"https:\/\/blogsaverroes.juntadeandalucia.es\/escuelainfantilsantoangel\/files\/2015\/03\/comedor2-1.jpg 1600w, https:\/\/blogsaverroes.juntadeandalucia.es\/escuelainfantilsantoangel\/files\/2015\/03\/comedor2-1-300x169.jpg 300w, https:\/\/blogsaverroes.juntadeandalucia.es\/escuelainfantilsantoangel\/files\/2015\/03\/comedor2-1-768x432.jpg 768w, https:\/\/blogsaverroes.juntadeandalucia.es\/escuelainfantilsantoangel\/files\/2015\/03\/comedor2-1-1024x576.jpg 1024w, https:\/\/blogsaverroes.juntadeandalucia.es\/escuelainfantilsantoangel\/files\/2015\/03\/comedor2-1-700x393.jpg 700w, https:\/\/blogsaverroes.juntadeandalucia.es\/escuelainfantilsantoangel\/files\/2015\/03\/comedor2-1-24x14.jpg 24w, https:\/\/blogsaverroes.juntadeandalucia.es\/escuelainfantilsantoangel\/files\/2015\/03\/comedor2-1-36x20.jpg 36w, https:\/\/blogsaverroes.juntadeandalucia.es\/escuelainfantilsantoangel\/files\/2015\/03\/comedor2-1-48x27.jpg 48w\" sizes=\"(max-width: 5312px) 100vw, 5312px\" \/><\/a><p id=\"caption-attachment-2387\" class=\"wp-caption-text\">COMEDOR TREN<\/p><\/div>\n<div id=\"attachment_2452\" style=\"width: 3978px\" class=\"wp-caption aligncenter\"><a href=\"https:\/\/blogsaverroes.juntadeandalucia.es\/escuelainfantilsantoangel\/files\/2015\/03\/IMG_20180320_154743.jpg\"><img loading=\"lazy\" decoding=\"async\" aria-describedby=\"caption-attachment-2452\" class=\"wp-image-2452 size-full\" src=\"https:\/\/blogsaverroes.juntadeandalucia.es\/escuelainfantilsantoangel\/files\/2015\/03\/IMG_20180320_154743.jpg\" alt=\"\" width=\"3968\" height=\"2976\" srcset=\"https:\/\/blogsaverroes.juntadeandalucia.es\/escuelainfantilsantoangel\/files\/2015\/03\/IMG_20180320_154743.jpg 1600w, https:\/\/blogsaverroes.juntadeandalucia.es\/escuelainfantilsantoangel\/files\/2015\/03\/IMG_20180320_154743-300x225.jpg 300w, https:\/\/blogsaverroes.juntadeandalucia.es\/escuelainfantilsantoangel\/files\/2015\/03\/IMG_20180320_154743-768x576.jpg 768w, https:\/\/blogsaverroes.juntadeandalucia.es\/escuelainfantilsantoangel\/files\/2015\/03\/IMG_20180320_154743-1024x768.jpg 1024w, https:\/\/blogsaverroes.juntadeandalucia.es\/escuelainfantilsantoangel\/files\/2015\/03\/IMG_20180320_154743-700x525.jpg 700w, https:\/\/blogsaverroes.juntadeandalucia.es\/escuelainfantilsantoangel\/files\/2015\/03\/IMG_20180320_154743-24x18.jpg 24w, https:\/\/blogsaverroes.juntadeandalucia.es\/escuelainfantilsantoangel\/files\/2015\/03\/IMG_20180320_154743-36x27.jpg 36w, https:\/\/blogsaverroes.juntadeandalucia.es\/escuelainfantilsantoangel\/files\/2015\/03\/IMG_20180320_154743-48x36.jpg 48w\" sizes=\"(max-width: 3968px) 100vw, 3968px\" \/><\/a><p id=\"caption-attachment-2452\" class=\"wp-caption-text\">COMEDOR SOL Y MARIPOSA<\/p><\/div>\n<p>&nbsp;<\/p>\n","protected":false},"excerpt":{"rendered":"<p>El Centro cuenta con cocina propia donde se elaboran diariamente los distintos men\u00fas que la Escuela ofrece a los ni\u00f1os y ni\u00f1as.&nbsp;Existe un men\u00fa espec\u00edfico para cada grupo de edad: 0-1 a\u00f1o, 1-2 a\u00f1os&#46;&#46;&#46;<\/p>\n","protected":false},"author":1,"featured_media":0,"parent":0,"menu_order":0,"comment_status":"closed","ping_status":"open","template":"","meta":{"ngg_post_thumbnail":0,"footnotes":"","_mc_calendar":[]},"aioseo_notices":[],"_links":{"self":[{"href":"https:\/\/blogsaverroes.juntadeandalucia.es\/escuelainfantilsantoangel\/wp-json\/wp\/v2\/pages\/99"}],"collection":[{"href":"https:\/\/blogsaverroes.juntadeandalucia.es\/escuelainfantilsantoangel\/wp-json\/wp\/v2\/pages"}],"about":[{"href":"https:\/\/blogsaverroes.juntadeandalucia.es\/escuelainfantilsantoangel\/wp-json\/wp\/v2\/types\/page"}],"author":[{"embeddable":true,"href":"https:\/\/blogsaverroes.juntadeandalucia.es\/escuelainfantilsantoangel\/wp-json\/wp\/v2\/users\/1"}],"replies":[{"embeddable":true,"href":"https:\/\/blogsaverroes.juntadeandalucia.es\/escuelainfantilsantoangel\/wp-json\/wp\/v2\/comments?post=99"}],"version-history":[{"count":29,"href":"https:\/\/blogsaverroes.juntadeandalucia.es\/escuelainfantilsantoangel\/wp-json\/wp\/v2\/pages\/99\/revisions"}],"predecessor-version":[{"id":2453,"href":"https:\/\/blogsaverroes.juntadeandalucia.es\/escuelainfantilsantoangel\/wp-json\/wp\/v2\/pages\/99\/revisions\/2453"}],"wp:attachment":[{"href":"https:\/\/blogsaverroes.juntadeandalucia.es\/escuelainfantilsantoangel\/wp-json\/wp\/v2\/media?parent=99"}],"curies":[{"name":"wp","href":"https:\/\/api.w.org\/{rel}","templated":true}]}}