{"id":2592,"date":"2020-11-11T11:32:15","date_gmt":"2020-11-11T11:32:15","guid":{"rendered":"https:\/\/blogsaverroes.juntadeandalucia.es\/escuelainfantilvientodelsur\/?page_id=2592"},"modified":"2022-01-25T21:05:51","modified_gmt":"2022-01-25T21:05:51","slug":"fotos","status":"publish","type":"page","link":"https:\/\/blogsaverroes.juntadeandalucia.es\/escuelainfantilvientodelsur\/fotos\/","title":{"rendered":"FOTOS\/VIDEOS"},"content":{"rendered":"<p><span style=\"color: #0000ff\"><strong>CURSO 2021\/22<\/strong><\/span><\/p>\n<div class=\"osc-res-tab tabbable  tabs-below osc-tabs-left\"><div style=\"clear:both;width: 100%;\" class=\"osc-tabs-left-div\"><ul class=\"tab-content\" id=\"oscitas-restabcontent-1-fotos-25955\"><li class=\"tab-pane active\" id=\"ert_pane1-0\">.<\/li><li class=\"tab-pane \" id=\"ert_pane1-2\"><\/li><li class=\"tab-pane \" id=\"ert_pane1-1\">Este primer trimestre, el alumnado de 4 y 5 a\u00f1os, han llevado a cabo un proyecto sobre un acontecimiento de actualidad. El volc\u00e1n de la Palma. Su intenci\u00f3n, no s\u00f3lo era difundir la noticia, sino tambi\u00e9n conseguir ayuda para los habitantes de la isla. La repercusi\u00f3n del trabajo realizado, ha sido recogida en tele Puerto Real en dos ocasiones. Es por eso que queremos mostraros dicho trabajo completo, as\u00ed como los enlaces, para poder visionar la noticia en Tele Puerto. <a href=\"https:\/\/m.facebook.com\/story.php?story_fbid=2916083688702769&amp;id=100009035007793&amp;sfnsn=scwspwa\">NOTICIA-<\/a> <a href=\"https:\/\/telepuertoreal.tv\/v\/nauIeZiWWQH5wFkAVj\/El-mensaje-de-animo-de-la-Escuela-Viento-del-Sur-a-los-afectados-por-el-volcan-de-La-Palma\">V\u00cdDEO.<\/a><\/p>\n<p>ngg_shortcode_0_placeholder&nbsp;<\/p>\n<p>&nbsp;<\/p>\n<p>.<\/li><li class=\"tab-pane \" id=\"ert_pane1-3\">Tab 4 content goes here.<\/li><\/ul><\/div><div style=\"clear:both;width: 100%;\"><ul class=\"nav osc-res-nav nav-pills osc-tabs-left-ul\" id=\"oscitas-restabs-1-fotos-25955\"><li class=\"active\"><a href=\"#ert_pane1-0\" data-toggle=\"tab\"><\/a><\/li><li class=\"\"><a href=\"#ert_pane1-1\" data-toggle=\"tab\">PROYECTO LOS VOLCANES<\/a><\/li><li class=\"\"><a href=\"#ert_pane1-2\" data-toggle=\"tab\"><\/a><\/li><li class=\"\"><a href=\"#ert_pane1-3\" data-toggle=\"tab\"><\/a><\/li><\/ul><\/div><\/div>\n<div class=\"osc-res-tab tabbable  tabs-below osc-tabs-left\"><div style=\"clear:both;width: 100%;\" class=\"osc-tabs-left-div\"><ul class=\"tab-content\" id=\"oscitas-restabcontent-2-fotos-12562\"><li class=\"tab-pane active\" id=\"ert_pane2-0\">.<\/li><li class=\"tab-pane \" id=\"ert_pane2-2\"><\/li><li class=\"tab-pane \" id=\"ert_pane2-1\">Vuelve a abrir sus puertas el <strong>\u00abRinc\u00f3n Violeta\u00bb<\/strong> de nuestra biblioteca de centro. Donde peri\u00f3dicamente se plantear\u00e1n actividades para trabajar la igualdad de g\u00e9nero, atendiendo a las edades de nuestro alumnado. Adem\u00e1s se potenciar\u00e1 el pr\u00e9stamo de libros para las aulas con el fin de acercar la lectura de dichos libros a nuestros peques.<\/p>\n<p>ngg_shortcode_1_placeholder&nbsp;<\/p>\n<p>&nbsp;<\/p>\n<p>.<\/li><li class=\"tab-pane \" id=\"ert_pane2-3\">Tab 4 content goes here.<\/li><\/ul><\/div><div style=\"clear:both;width: 100%;\"><ul class=\"nav osc-res-nav nav-pills osc-tabs-left-ul\" id=\"oscitas-restabs-2-fotos-12562\"><li class=\"active\"><a href=\"#ert_pane2-0\" data-toggle=\"tab\"><\/a><\/li><li class=\"\"><a href=\"#ert_pane2-1\" data-toggle=\"tab\"><strong>RINC\u00d3N VIOLETA<\/strong><\/a><\/li><li class=\"\"><a href=\"#ert_pane2-2\" data-toggle=\"tab\"><\/a><\/li><li class=\"\"><a href=\"#ert_pane2-3\" data-toggle=\"tab\"><\/a><\/li><\/ul><\/div><\/div>\n<div class=\"osc-res-tab tabbable  tabs-below osc-tabs-left\"><div style=\"clear:both;width: 100%;\" class=\"osc-tabs-left-div\"><ul class=\"tab-content\" id=\"oscitas-restabcontent-3-fotos-69212\"><li class=\"tab-pane active\" id=\"ert_pane3-0\">.<\/li><li class=\"tab-pane \" id=\"ert_pane3-2\"><\/li><li class=\"tab-pane \" id=\"ert_pane3-1\">\u00a1\u00a1\u00a1Por fin hemos podido retomar nuestras sesiones de psicomotricidad basada en la pr\u00e1ctica Psicomotriz creada por el profesor Bernard Aucouturier!!!!. <strong>Es un m\u00e9todo que tiene por objetivo la maduraci\u00f3n psicol\u00f3gica del infante a trav\u00e9s de la v\u00eda motriz.<\/strong> &#8230; El proceso por el cual el ni\u00f1o\/a desarrolla representaciones mentales conscientes e inconscientes a partir de sus acciones, sus sensaciones y sus emociones.<\/p>\n<p>Nuestras sesiones se dividen en 3 momentos:<br \/>\n1. <strong>Momento de llegada y recordatorio de las 3 \u00fanicas normas que hay durante toda la sesi\u00f3n:<\/strong> cuidar el propio cuerpo, cuidar el cuerpo de los dem\u00e1s, cuidar el material. Dejando claro que, qui\u00e9n incumpla una de estas 3 normas deber\u00e1 dejar de jugar.<\/p>\n<p>2. <strong>Romper el muro <\/strong>(un muro elaborado con piezas geom\u00e9tricas de esponja gigantes)<strong> que la maestra ha creado con anterioridad y que indica el inicio de la sesi\u00f3n psicomotriz:<\/strong><br \/>\n\u00bfQu\u00e9 simboliza la rotura de muro?. Pues que una vez derribado el muro creado por el adulto son <strong>\u00ablibres\u00bb del \u00abcontrol\u00bb adulto.<\/strong> Tienen libertad de actuaci\u00f3n con todo el material all\u00ed presente (saltar, correr, rodar, lanzar, relajarse, observar&#8230;siempre y cuando se cumplan las normas establecidas). Y poseen libertad para elegir, o no, a las personas con las que quieren interactuar.<\/p>\n<p>En esta parte de la sesi\u00f3n habr\u00e1 un momento de juego m\u00e1s efusivo en el inicio, para ir poco a poco bajando de intensidad a medida se va acercando el final. Esta disminuci\u00f3n de intensidad va marcada por el tipo de m\u00fasica que utilizamos, yendo desde m\u00e1s ca\u00f1era a m\u00e1s relajante para terminar con el \u00faltimo momento de la sesi\u00f3n que es la relajaci\u00f3n.<\/p>\n<p>3. <strong>Este curso la relajaci\u00f3n que llevaremos a cabo se va a basar en el yoga:<\/strong> Iniciado al alumnado en esta pr\u00e1ctica tan beneficiosa tanto para el cuerpo como para la mente.<\/p>\n<p><strong>Nuestro papel<\/strong> en estas sesiones es el de estar presentes, acompa\u00f1ando, empatizando, sosteniendo y haciendo evolucionar situaciones vividas por los peques. Teniendo un sistema de acci\u00f3n y una actitud que han de ajustarse a las demandas y necesidades de cada cr\u00edo. Acompa\u00f1ando el juego e interactuando sin invadir. Mostrando una actitud de acogida emp\u00e1tica que ayuda a evolucionar al peque bas\u00e1ndonos en su expresividad motriz y es a partir de esta observaci\u00f3n que obtenemos la informaci\u00f3n necesaria para elaborar una pauta de actuaci\u00f3n con cada cr\u00edo.<\/p>\n<p>Una vez puestos en situaci\u00f3n de en qu\u00e9 consisten nuestras sesiones de psicomotricidad vivenciada, os dejamos con algunas fotos y v\u00eddeos para que entend\u00e1is mejor de lo que hablamos, pero sobre todo para que disfrut\u00e9is vi\u00e9ndolas tanto como vuestros peques llev\u00e1ndola a cabo. Un saludo y disfrutad del fin de semana!.<\/p>\n<p>ngg_shortcode_2_placeholder&nbsp;<\/p>\n<p>&nbsp;<\/p>\n<p>.<\/li><li class=\"tab-pane \" id=\"ert_pane3-3\">Tab 4 content goes here.<\/li><\/ul><\/div><div style=\"clear:both;width: 100%;\"><ul class=\"nav osc-res-nav nav-pills osc-tabs-left-ul\" id=\"oscitas-restabs-3-fotos-69212\"><li class=\"active\"><a href=\"#ert_pane3-0\" data-toggle=\"tab\"><\/a><\/li><li class=\"\"><a href=\"#ert_pane3-1\" data-toggle=\"tab\"><strong>PSICOMOTRICIDAD AUCOUTURIER<\/strong><\/a><\/li><li class=\"\"><a href=\"#ert_pane3-2\" data-toggle=\"tab\"><\/a><\/li><li class=\"\"><a href=\"#ert_pane3-3\" data-toggle=\"tab\"><\/a><\/li><\/ul><\/div><\/div>\n<div class=\"osc-res-tab tabbable  tabs-below osc-tabs-left\"><div style=\"clear:both;width: 100%;\" class=\"osc-tabs-left-div\"><ul class=\"tab-content\" id=\"oscitas-restabcontent-4-fotos-70335\"><li class=\"tab-pane active\" id=\"ert_pane4-0\">.<\/li><li class=\"tab-pane \" id=\"ert_pane4-2\"><\/li><li class=\"tab-pane \" id=\"ert_pane4-1\">As\u00ed es como nuestro alumnado pas\u00f3 los primeros d\u00edas de clase. \u00bfNos <a href=\"https:\/\/www.facebook.com\/100009035007793\/videos\/164029482565720\/\">acompa\u00f1\u00e1is?.<\/a><\/p>\n<p>.<\/li><li class=\"tab-pane \" id=\"ert_pane4-3\">Tab 4 content goes here.<\/li><\/ul><\/div><div style=\"clear:both;width: 100%;\"><ul class=\"nav osc-res-nav nav-pills osc-tabs-left-ul\" id=\"oscitas-restabs-4-fotos-70335\"><li class=\"active\"><a href=\"#ert_pane4-0\" data-toggle=\"tab\"><\/a><\/li><li class=\"\"><a href=\"#ert_pane4-1\" data-toggle=\"tab\">PERIODO DE ADAPTACI\u00d3N<\/a><\/li><li class=\"\"><a href=\"#ert_pane4-2\" data-toggle=\"tab\"><\/a><\/li><li class=\"\"><a href=\"#ert_pane4-3\" data-toggle=\"tab\"><\/a><\/li><\/ul><\/div><\/div>\n<p>&nbsp;&nbsp;<\/p>\n<hr>\n<div class=\"osc-res-tab tabbable  tabs-below osc-tabs-left\"><div style=\"clear:both;width: 100%;\" class=\"osc-tabs-left-div\"><ul class=\"tab-content\" id=\"oscitas-restabcontent-5-fotos-48447\"><li class=\"tab-pane active\" id=\"ert_pane5-0\">.<\/li><li class=\"tab-pane \" id=\"ert_pane5-2\"><\/li><li class=\"tab-pane \" id=\"ert_pane5-1\">Aqu\u00ed podr\u00e9is ver algunos de los momentos m\u00e1s significativos del curso pasado, donde a pesar de las adversidades, pudimos disfrutar con nuestro alumnado mientras aprend\u00edan.<\/p>\n<p>ngg_shortcode_3_placeholderngg_shortcode_4_placeholder&nbsp;<\/p>\n<p>.<\/li><li class=\"tab-pane \" id=\"ert_pane5-3\">Tab 4 content goes here.<\/li><\/ul><\/div><div style=\"clear:both;width: 100%;\"><ul class=\"nav osc-res-nav nav-pills osc-tabs-left-ul\" id=\"oscitas-restabs-5-fotos-48447\"><li class=\"active\"><a href=\"#ert_pane5-0\" data-toggle=\"tab\"><\/a><\/li><li class=\"\"><a href=\"#ert_pane5-1\" data-toggle=\"tab\">CURSO 2020\/2021<\/a><\/li><li class=\"\"><a href=\"#ert_pane5-2\" data-toggle=\"tab\"><\/a><\/li><li class=\"\"><a href=\"#ert_pane5-3\" data-toggle=\"tab\"><\/a><\/li><\/ul><\/div><\/div>\n<p>&nbsp;<\/p>\n<p>&nbsp;<\/p>\n<p><span style=\"color: #800080\"><strong>CURSO 2020\/21<\/strong><\/span><\/p>\n<p>Gracias a la actividad de \u00bb Mi libro Favorito\u00bb los ni\u00f1os y ni\u00f1as han podido disfrutar de una semana llena de aventuras, descubriendo nuevos cuentos.<\/p>\n<p><a href=\"https:\/\/blogsaverroes.juntadeandalucia.es\/escuelainfantilvientodelsur\/files\/2021\/04\/WhatsApp-Image-2021-04-28-at-10.19.59.jpeg\"><img loading=\"lazy\" decoding=\"async\" class=\"alignnone wp-image-2817\" src=\"https:\/\/blogsaverroes.juntadeandalucia.es\/escuelainfantilvientodelsur\/files\/2021\/04\/WhatsApp-Image-2021-04-28-at-10.19.59.jpeg\" alt=\"\" width=\"435\" height=\"327\" srcset=\"https:\/\/blogsaverroes.juntadeandalucia.es\/escuelainfantilvientodelsur\/files\/2021\/04\/WhatsApp-Image-2021-04-28-at-10.19.59.jpeg 1600w, https:\/\/blogsaverroes.juntadeandalucia.es\/escuelainfantilvientodelsur\/files\/2021\/04\/WhatsApp-Image-2021-04-28-at-10.19.59-300x225.jpeg 300w, https:\/\/blogsaverroes.juntadeandalucia.es\/escuelainfantilvientodelsur\/files\/2021\/04\/WhatsApp-Image-2021-04-28-at-10.19.59-1024x768.jpeg 1024w, https:\/\/blogsaverroes.juntadeandalucia.es\/escuelainfantilvientodelsur\/files\/2021\/04\/WhatsApp-Image-2021-04-28-at-10.19.59-768x576.jpeg 768w, https:\/\/blogsaverroes.juntadeandalucia.es\/escuelainfantilvientodelsur\/files\/2021\/04\/WhatsApp-Image-2021-04-28-at-10.19.59-1536x1152.jpeg 1536w\" sizes=\"(max-width: 435px) 100vw, 435px\" \/><\/a> <a href=\"https:\/\/blogsaverroes.juntadeandalucia.es\/escuelainfantilvientodelsur\/files\/2021\/04\/WhatsApp-Image-2021-04-28-at-10.19.37.jpeg\"><img loading=\"lazy\" decoding=\"async\" class=\"alignnone wp-image-2818\" src=\"https:\/\/blogsaverroes.juntadeandalucia.es\/escuelainfantilvientodelsur\/files\/2021\/04\/WhatsApp-Image-2021-04-28-at-10.19.37.jpeg\" alt=\"\" width=\"440\" height=\"330\" srcset=\"https:\/\/blogsaverroes.juntadeandalucia.es\/escuelainfantilvientodelsur\/files\/2021\/04\/WhatsApp-Image-2021-04-28-at-10.19.37.jpeg 2000w, https:\/\/blogsaverroes.juntadeandalucia.es\/escuelainfantilvientodelsur\/files\/2021\/04\/WhatsApp-Image-2021-04-28-at-10.19.37-300x225.jpeg 300w, https:\/\/blogsaverroes.juntadeandalucia.es\/escuelainfantilvientodelsur\/files\/2021\/04\/WhatsApp-Image-2021-04-28-at-10.19.37-1024x768.jpeg 1024w, https:\/\/blogsaverroes.juntadeandalucia.es\/escuelainfantilvientodelsur\/files\/2021\/04\/WhatsApp-Image-2021-04-28-at-10.19.37-768x576.jpeg 768w, https:\/\/blogsaverroes.juntadeandalucia.es\/escuelainfantilvientodelsur\/files\/2021\/04\/WhatsApp-Image-2021-04-28-at-10.19.37-1536x1152.jpeg 1536w\" sizes=\"(max-width: 440px) 100vw, 440px\" \/><\/a> <a href=\"https:\/\/blogsaverroes.juntadeandalucia.es\/escuelainfantilvientodelsur\/files\/2021\/04\/WhatsApp-Image-2021-04-28-at-10.16.24.jpeg\"><img loading=\"lazy\" decoding=\"async\" class=\"alignnone wp-image-2819\" src=\"https:\/\/blogsaverroes.juntadeandalucia.es\/escuelainfantilvientodelsur\/files\/2021\/04\/WhatsApp-Image-2021-04-28-at-10.16.24.jpeg\" alt=\"\" width=\"434\" height=\"326\" srcset=\"https:\/\/blogsaverroes.juntadeandalucia.es\/escuelainfantilvientodelsur\/files\/2021\/04\/WhatsApp-Image-2021-04-28-at-10.16.24.jpeg 2048w, https:\/\/blogsaverroes.juntadeandalucia.es\/escuelainfantilvientodelsur\/files\/2021\/04\/WhatsApp-Image-2021-04-28-at-10.16.24-300x225.jpeg 300w, https:\/\/blogsaverroes.juntadeandalucia.es\/escuelainfantilvientodelsur\/files\/2021\/04\/WhatsApp-Image-2021-04-28-at-10.16.24-1024x769.jpeg 1024w, https:\/\/blogsaverroes.juntadeandalucia.es\/escuelainfantilvientodelsur\/files\/2021\/04\/WhatsApp-Image-2021-04-28-at-10.16.24-768x576.jpeg 768w, https:\/\/blogsaverroes.juntadeandalucia.es\/escuelainfantilvientodelsur\/files\/2021\/04\/WhatsApp-Image-2021-04-28-at-10.16.24-1536x1153.jpeg 1536w\" sizes=\"(max-width: 434px) 100vw, 434px\" \/><\/a><\/p>\n<p><a href=\"https:\/\/blogsaverroes.juntadeandalucia.es\/escuelainfantilvientodelsur\/files\/2021\/04\/WhatsApp-Image-2021-04-23-at-13.18.25.jpeg\"><img loading=\"lazy\" decoding=\"async\" class=\"alignnone wp-image-2811\" src=\"https:\/\/blogsaverroes.juntadeandalucia.es\/escuelainfantilvientodelsur\/files\/2021\/04\/WhatsApp-Image-2021-04-23-at-13.18.25.jpeg\" alt=\"\" width=\"436\" height=\"327\" srcset=\"https:\/\/blogsaverroes.juntadeandalucia.es\/escuelainfantilvientodelsur\/files\/2021\/04\/WhatsApp-Image-2021-04-23-at-13.18.25.jpeg 2048w, https:\/\/blogsaverroes.juntadeandalucia.es\/escuelainfantilvientodelsur\/files\/2021\/04\/WhatsApp-Image-2021-04-23-at-13.18.25-300x225.jpeg 300w, https:\/\/blogsaverroes.juntadeandalucia.es\/escuelainfantilvientodelsur\/files\/2021\/04\/WhatsApp-Image-2021-04-23-at-13.18.25-1024x768.jpeg 1024w, https:\/\/blogsaverroes.juntadeandalucia.es\/escuelainfantilvientodelsur\/files\/2021\/04\/WhatsApp-Image-2021-04-23-at-13.18.25-768x576.jpeg 768w, https:\/\/blogsaverroes.juntadeandalucia.es\/escuelainfantilvientodelsur\/files\/2021\/04\/WhatsApp-Image-2021-04-23-at-13.18.25-1536x1152.jpeg 1536w\" sizes=\"(max-width: 436px) 100vw, 436px\" \/><\/a> <a href=\"https:\/\/blogsaverroes.juntadeandalucia.es\/escuelainfantilvientodelsur\/files\/2021\/04\/WhatsApp-Image-2021-04-23-at-13.17.46.jpeg\"><img loading=\"lazy\" decoding=\"async\" class=\"alignnone wp-image-2812\" src=\"https:\/\/blogsaverroes.juntadeandalucia.es\/escuelainfantilvientodelsur\/files\/2021\/04\/WhatsApp-Image-2021-04-23-at-13.17.46.jpeg\" alt=\"\" width=\"432\" height=\"324\" srcset=\"https:\/\/blogsaverroes.juntadeandalucia.es\/escuelainfantilvientodelsur\/files\/2021\/04\/WhatsApp-Image-2021-04-23-at-13.17.46.jpeg 2048w, https:\/\/blogsaverroes.juntadeandalucia.es\/escuelainfantilvientodelsur\/files\/2021\/04\/WhatsApp-Image-2021-04-23-at-13.17.46-300x225.jpeg 300w, https:\/\/blogsaverroes.juntadeandalucia.es\/escuelainfantilvientodelsur\/files\/2021\/04\/WhatsApp-Image-2021-04-23-at-13.17.46-1024x768.jpeg 1024w, https:\/\/blogsaverroes.juntadeandalucia.es\/escuelainfantilvientodelsur\/files\/2021\/04\/WhatsApp-Image-2021-04-23-at-13.17.46-768x576.jpeg 768w, https:\/\/blogsaverroes.juntadeandalucia.es\/escuelainfantilvientodelsur\/files\/2021\/04\/WhatsApp-Image-2021-04-23-at-13.17.46-1536x1152.jpeg 1536w\" sizes=\"(max-width: 432px) 100vw, 432px\" \/><\/a> <a href=\"https:\/\/blogsaverroes.juntadeandalucia.es\/escuelainfantilvientodelsur\/files\/2021\/04\/3A.jpg\"><img loading=\"lazy\" decoding=\"async\" class=\"alignnone wp-image-2807\" src=\"https:\/\/blogsaverroes.juntadeandalucia.es\/escuelainfantilvientodelsur\/files\/2021\/04\/3A.jpg\" alt=\"\" width=\"436\" height=\"327\" srcset=\"https:\/\/blogsaverroes.juntadeandalucia.es\/escuelainfantilvientodelsur\/files\/2021\/04\/3A.jpg 1600w, https:\/\/blogsaverroes.juntadeandalucia.es\/escuelainfantilvientodelsur\/files\/2021\/04\/3A-300x225.jpg 300w, https:\/\/blogsaverroes.juntadeandalucia.es\/escuelainfantilvientodelsur\/files\/2021\/04\/3A-1024x768.jpg 1024w, https:\/\/blogsaverroes.juntadeandalucia.es\/escuelainfantilvientodelsur\/files\/2021\/04\/3A-768x576.jpg 768w, https:\/\/blogsaverroes.juntadeandalucia.es\/escuelainfantilvientodelsur\/files\/2021\/04\/3A-1536x1152.jpg 1536w\" sizes=\"(max-width: 436px) 100vw, 436px\" \/><\/a> <a href=\"https:\/\/blogsaverroes.juntadeandalucia.es\/escuelainfantilvientodelsur\/files\/2021\/04\/3B-scaled.jpg\"><img loading=\"lazy\" decoding=\"async\" class=\"alignnone wp-image-2808\" src=\"https:\/\/blogsaverroes.juntadeandalucia.es\/escuelainfantilvientodelsur\/files\/2021\/04\/3B-scaled.jpg\" alt=\"\" width=\"442\" height=\"331\" srcset=\"https:\/\/blogsaverroes.juntadeandalucia.es\/escuelainfantilvientodelsur\/files\/2021\/04\/3B-scaled.jpg 2560w, https:\/\/blogsaverroes.juntadeandalucia.es\/escuelainfantilvientodelsur\/files\/2021\/04\/3B-300x225.jpg 300w, https:\/\/blogsaverroes.juntadeandalucia.es\/escuelainfantilvientodelsur\/files\/2021\/04\/3B-1024x768.jpg 1024w, https:\/\/blogsaverroes.juntadeandalucia.es\/escuelainfantilvientodelsur\/files\/2021\/04\/3B-768x576.jpg 768w, https:\/\/blogsaverroes.juntadeandalucia.es\/escuelainfantilvientodelsur\/files\/2021\/04\/3B-1536x1152.jpg 1536w, https:\/\/blogsaverroes.juntadeandalucia.es\/escuelainfantilvientodelsur\/files\/2021\/04\/3B-2048x1536.jpg 2048w\" sizes=\"(max-width: 442px) 100vw, 442px\" \/><\/a><\/p>\n<p><a href=\"https:\/\/blogsaverroes.juntadeandalucia.es\/escuelainfantilvientodelsur\/files\/2021\/04\/WhatsApp-Image-2021-04-30-at-10.24.11.jpeg\"><img loading=\"lazy\" decoding=\"async\" class=\"alignnone wp-image-2824\" src=\"https:\/\/blogsaverroes.juntadeandalucia.es\/escuelainfantilvientodelsur\/files\/2021\/04\/WhatsApp-Image-2021-04-30-at-10.24.11.jpeg\" alt=\"\" width=\"450\" height=\"338\" srcset=\"https:\/\/blogsaverroes.juntadeandalucia.es\/escuelainfantilvientodelsur\/files\/2021\/04\/WhatsApp-Image-2021-04-30-at-10.24.11.jpeg 1600w, https:\/\/blogsaverroes.juntadeandalucia.es\/escuelainfantilvientodelsur\/files\/2021\/04\/WhatsApp-Image-2021-04-30-at-10.24.11-300x225.jpeg 300w, https:\/\/blogsaverroes.juntadeandalucia.es\/escuelainfantilvientodelsur\/files\/2021\/04\/WhatsApp-Image-2021-04-30-at-10.24.11-1024x768.jpeg 1024w, https:\/\/blogsaverroes.juntadeandalucia.es\/escuelainfantilvientodelsur\/files\/2021\/04\/WhatsApp-Image-2021-04-30-at-10.24.11-768x576.jpeg 768w, https:\/\/blogsaverroes.juntadeandalucia.es\/escuelainfantilvientodelsur\/files\/2021\/04\/WhatsApp-Image-2021-04-30-at-10.24.11-1536x1152.jpeg 1536w\" sizes=\"(max-width: 450px) 100vw, 450px\" \/><\/a> <a href=\"https:\/\/blogsaverroes.juntadeandalucia.es\/escuelainfantilvientodelsur\/files\/2021\/04\/WhatsApp-Image-2021-04-30-at-10.24.04.jpeg\"><img loading=\"lazy\" decoding=\"async\" class=\"alignnone wp-image-2825\" src=\"https:\/\/blogsaverroes.juntadeandalucia.es\/escuelainfantilvientodelsur\/files\/2021\/04\/WhatsApp-Image-2021-04-30-at-10.24.04.jpeg\" alt=\"\" width=\"446\" height=\"334\" srcset=\"https:\/\/blogsaverroes.juntadeandalucia.es\/escuelainfantilvientodelsur\/files\/2021\/04\/WhatsApp-Image-2021-04-30-at-10.24.04.jpeg 1600w, https:\/\/blogsaverroes.juntadeandalucia.es\/escuelainfantilvientodelsur\/files\/2021\/04\/WhatsApp-Image-2021-04-30-at-10.24.04-300x225.jpeg 300w, https:\/\/blogsaverroes.juntadeandalucia.es\/escuelainfantilvientodelsur\/files\/2021\/04\/WhatsApp-Image-2021-04-30-at-10.24.04-1024x768.jpeg 1024w, https:\/\/blogsaverroes.juntadeandalucia.es\/escuelainfantilvientodelsur\/files\/2021\/04\/WhatsApp-Image-2021-04-30-at-10.24.04-768x576.jpeg 768w, https:\/\/blogsaverroes.juntadeandalucia.es\/escuelainfantilvientodelsur\/files\/2021\/04\/WhatsApp-Image-2021-04-30-at-10.24.04-1536x1152.jpeg 1536w\" sizes=\"(max-width: 446px) 100vw, 446px\" \/><\/a><\/p>\n<p>ngg_shortcode_5_placeholderngg_shortcode_6_placeholder<\/p>\n","protected":false},"excerpt":{"rendered":"<p>CURSO 2021\/22 &nbsp;&nbsp; &nbsp; &nbsp; CURSO 2020\/21 Gracias a la actividad de \u00bb Mi libro Favorito\u00bb los ni\u00f1os y ni\u00f1as han podido disfrutar de una semana llena de aventuras, descubriendo nuevos cuentos.<\/p>\n","protected":false},"author":10460,"featured_media":0,"parent":0,"menu_order":0,"comment_status":"closed","ping_status":"closed","template":"","meta":{"ngg_post_thumbnail":0,"footnotes":"","_mc_calendar":[]},"aioseo_notices":[],"_links":{"self":[{"href":"https:\/\/blogsaverroes.juntadeandalucia.es\/escuelainfantilvientodelsur\/wp-json\/wp\/v2\/pages\/2592"}],"collection":[{"href":"https:\/\/blogsaverroes.juntadeandalucia.es\/escuelainfantilvientodelsur\/wp-json\/wp\/v2\/pages"}],"about":[{"href":"https:\/\/blogsaverroes.juntadeandalucia.es\/escuelainfantilvientodelsur\/wp-json\/wp\/v2\/types\/page"}],"author":[{"embeddable":true,"href":"https:\/\/blogsaverroes.juntadeandalucia.es\/escuelainfantilvientodelsur\/wp-json\/wp\/v2\/users\/10460"}],"replies":[{"embeddable":true,"href":"https:\/\/blogsaverroes.juntadeandalucia.es\/escuelainfantilvientodelsur\/wp-json\/wp\/v2\/comments?post=2592"}],"version-history":[{"count":45,"href":"https:\/\/blogsaverroes.juntadeandalucia.es\/escuelainfantilvientodelsur\/wp-json\/wp\/v2\/pages\/2592\/revisions"}],"predecessor-version":[{"id":3071,"href":"https:\/\/blogsaverroes.juntadeandalucia.es\/escuelainfantilvientodelsur\/wp-json\/wp\/v2\/pages\/2592\/revisions\/3071"}],"wp:attachment":[{"href":"https:\/\/blogsaverroes.juntadeandalucia.es\/escuelainfantilvientodelsur\/wp-json\/wp\/v2\/media?parent=2592"}],"curies":[{"name":"wp","href":"https:\/\/api.w.org\/{rel}","templated":true}]}}