{"id":3476,"date":"2022-01-25T20:13:22","date_gmt":"2022-01-25T20:13:22","guid":{"rendered":"https:\/\/blogsaverroes.juntadeandalucia.es\/escuelainfantilvientodelsur\/?page_id=3476"},"modified":"2025-01-30T09:09:51","modified_gmt":"2025-01-30T09:09:51","slug":"huerto","status":"publish","type":"page","link":"https:\/\/blogsaverroes.juntadeandalucia.es\/escuelainfantilvientodelsur\/huerto\/","title":{"rendered":"HUERTO"},"content":{"rendered":"<p><span class=\"ILfuVd\"><span class=\"hgKElc\">El <b>contacto con la naturaleza<\/b> fomenta las buenas relaciones y la cooperaci\u00f3n porque facilita el juego, un factor cr\u00edtico en el aprendizaje que estimula, especialmente en la infancia, el desarrollo f\u00edsico, cognitivo y socioemocional.<\/span><\/span><\/p>\nngg_shortcode_0_placeholder\n<p>&nbsp;<\/p>\n<p>&nbsp;<\/p>\n<p>&nbsp;<\/p>\n","protected":false},"excerpt":{"rendered":"<p>El contacto con la naturaleza fomenta las buenas relaciones y la cooperaci\u00f3n porque facilita el juego, un factor cr\u00edtico en el aprendizaje que estimula, especialmente en la infancia, el desarrollo f\u00edsico, cognitivo y socioemocional.&#46;&#46;&#46;<\/p>\n","protected":false},"author":10460,"featured_media":0,"parent":0,"menu_order":0,"comment_status":"closed","ping_status":"closed","template":"","meta":{"ngg_post_thumbnail":0,"footnotes":"","_mc_calendar":[]},"aioseo_notices":[],"_links":{"self":[{"href":"https:\/\/blogsaverroes.juntadeandalucia.es\/escuelainfantilvientodelsur\/wp-json\/wp\/v2\/pages\/3476"}],"collection":[{"href":"https:\/\/blogsaverroes.juntadeandalucia.es\/escuelainfantilvientodelsur\/wp-json\/wp\/v2\/pages"}],"about":[{"href":"https:\/\/blogsaverroes.juntadeandalucia.es\/escuelainfantilvientodelsur\/wp-json\/wp\/v2\/types\/page"}],"author":[{"embeddable":true,"href":"https:\/\/blogsaverroes.juntadeandalucia.es\/escuelainfantilvientodelsur\/wp-json\/wp\/v2\/users\/10460"}],"replies":[{"embeddable":true,"href":"https:\/\/blogsaverroes.juntadeandalucia.es\/escuelainfantilvientodelsur\/wp-json\/wp\/v2\/comments?post=3476"}],"version-history":[{"count":9,"href":"https:\/\/blogsaverroes.juntadeandalucia.es\/escuelainfantilvientodelsur\/wp-json\/wp\/v2\/pages\/3476\/revisions"}],"predecessor-version":[{"id":5160,"href":"https:\/\/blogsaverroes.juntadeandalucia.es\/escuelainfantilvientodelsur\/wp-json\/wp\/v2\/pages\/3476\/revisions\/5160"}],"wp:attachment":[{"href":"https:\/\/blogsaverroes.juntadeandalucia.es\/escuelainfantilvientodelsur\/wp-json\/wp\/v2\/media?parent=3476"}],"curies":[{"name":"wp","href":"https:\/\/api.w.org\/{rel}","templated":true}]}}