{"id":3486,"date":"2022-01-25T20:17:35","date_gmt":"2022-01-25T20:17:35","guid":{"rendered":"https:\/\/blogsaverroes.juntadeandalucia.es\/escuelainfantilvientodelsur\/?page_id=3486"},"modified":"2023-06-01T10:51:59","modified_gmt":"2023-06-01T10:51:59","slug":"psicomotricidad","status":"publish","type":"page","link":"https:\/\/blogsaverroes.juntadeandalucia.es\/escuelainfantilvientodelsur\/psicomotricidad\/","title":{"rendered":"PSICOMOTRICIDAD"},"content":{"rendered":"<p style=\"text-align: center\"><strong>PSICOMOTRICIDAD VIVENCIADA.<\/strong><\/p>\n<div id=\"exacc_QM8IYtWSMt_d7_UP2aiBkA86\" class=\"MBtdbb\" data-ved=\"2ahUKEwjVsrvjrvz1AhXf7rsIHVlUAPIQ7NUEegQIHRAD\">\n<div class=\"ymu2Hb\">\n<div id=\"_QM8IYtWSMt_d7_UP2aiBkA828\" class=\"t0bRye r2fjmd\" data-hveid=\"CB0QBA\" data-ved=\"2ahUKEwjVsrvjrvz1AhXf7rsIHVlUAPIQu04oAHoECB0QBA\">\n<div id=\"WEB_ANSWERS_RESULT_12_QM8IYtWSMt_d7_UP2aiBkA8__22\">\n<div class=\"wDYxhc\" data-md=\"61\">\n<div class=\"LGOjhe\" style=\"text-align: justify\" role=\"heading\" data-attrid=\"wa:\/description\" data-hveid=\"CBYQAA\"><span class=\"ILfuVd\"><span class=\"hgKElc\">La <strong>P<\/strong><\/span><\/span><span class=\"ILfuVd\"><span class=\"hgKElc\"><b>sicomotricidad vivenciada<\/b>, es un m\u00e9todo que tiene por objetivo la maduraci\u00f3n psicol\u00f3gica del ni\u00f1o a trav\u00e9s de la v\u00eda motriz. \u00bfQu\u00e9 entendemos por maduraci\u00f3n psicol\u00f3gica? El proceso que va del placer de moverse, jugar y relacionarse al placer de pensar.<\/span><\/span><\/div>\n<div role=\"heading\" data-attrid=\"wa:\/description\" data-hveid=\"CBYQAA\">&nbsp;<\/div>\n<\/div>\n<div role=\"heading\" data-attrid=\"wa:\/description\" data-hveid=\"CBYQAA\">&nbsp;<\/div>\n<\/div>\n<\/div>\n<div role=\"heading\" data-attrid=\"wa:\/description\" data-hveid=\"CBYQAA\">&nbsp;<\/div>\n<\/div>\n<\/div>\n","protected":false},"excerpt":{"rendered":"<p>PSICOMOTRICIDAD VIVENCIADA. La Psicomotricidad vivenciada, es un m\u00e9todo que tiene por objetivo la maduraci\u00f3n psicol\u00f3gica del ni\u00f1o a trav\u00e9s de la v\u00eda motriz. \u00bfQu\u00e9 entendemos por maduraci\u00f3n psicol\u00f3gica? El proceso que va del placer&#46;&#46;&#46;<\/p>\n","protected":false},"author":10460,"featured_media":0,"parent":0,"menu_order":0,"comment_status":"closed","ping_status":"closed","template":"","meta":{"ngg_post_thumbnail":0,"footnotes":"","_mc_calendar":[]},"aioseo_notices":[],"_links":{"self":[{"href":"https:\/\/blogsaverroes.juntadeandalucia.es\/escuelainfantilvientodelsur\/wp-json\/wp\/v2\/pages\/3486"}],"collection":[{"href":"https:\/\/blogsaverroes.juntadeandalucia.es\/escuelainfantilvientodelsur\/wp-json\/wp\/v2\/pages"}],"about":[{"href":"https:\/\/blogsaverroes.juntadeandalucia.es\/escuelainfantilvientodelsur\/wp-json\/wp\/v2\/types\/page"}],"author":[{"embeddable":true,"href":"https:\/\/blogsaverroes.juntadeandalucia.es\/escuelainfantilvientodelsur\/wp-json\/wp\/v2\/users\/10460"}],"replies":[{"embeddable":true,"href":"https:\/\/blogsaverroes.juntadeandalucia.es\/escuelainfantilvientodelsur\/wp-json\/wp\/v2\/comments?post=3486"}],"version-history":[{"count":7,"href":"https:\/\/blogsaverroes.juntadeandalucia.es\/escuelainfantilvientodelsur\/wp-json\/wp\/v2\/pages\/3486\/revisions"}],"predecessor-version":[{"id":4798,"href":"https:\/\/blogsaverroes.juntadeandalucia.es\/escuelainfantilvientodelsur\/wp-json\/wp\/v2\/pages\/3486\/revisions\/4798"}],"wp:attachment":[{"href":"https:\/\/blogsaverroes.juntadeandalucia.es\/escuelainfantilvientodelsur\/wp-json\/wp\/v2\/media?parent=3486"}],"curies":[{"name":"wp","href":"https:\/\/api.w.org\/{rel}","templated":true}]}}