{"id":3509,"date":"2022-01-25T20:42:56","date_gmt":"2022-01-25T20:42:56","guid":{"rendered":"https:\/\/blogsaverroes.juntadeandalucia.es\/escuelainfantilvientodelsur\/?page_id=3509"},"modified":"2024-04-04T10:58:45","modified_gmt":"2024-04-04T10:58:45","slug":"psicomotricidad-aucouturier","status":"publish","type":"page","link":"https:\/\/blogsaverroes.juntadeandalucia.es\/escuelainfantilvientodelsur\/psicomotricidad-aucouturier\/","title":{"rendered":"PSICOMOTRICIDAD VIVENCIADA"},"content":{"rendered":"<p style=\"text-align: justify\">\u00a1\u00a1\u00a1Por fin hemos podido retomar nuestras sesiones de psicomotricidad vivenciada!!!!. <strong>Es un m\u00e9todo que tiene por objetivo la maduraci\u00f3n psicol\u00f3gica del infante a trav\u00e9s de la v\u00eda motriz.<\/strong> El proceso por el cual el ni\u00f1o\/a desarrolla representaciones mentales conscientes e inconscientes a partir de sus acciones, sus sensaciones y sus emociones.<\/p>\n<p style=\"text-align: justify\">Nuestras sesiones se dividen en 3 momentos:<br \/>\n1. <strong>Momento de llegada y recordatorio de las 3 \u00fanicas normas que hay durante toda la sesi\u00f3n:<\/strong> cuidar el propio cuerpo, cuidar el cuerpo de los dem\u00e1s, cuidar el material. Dejando claro que, qui\u00e9n incumpla una de estas 3 normas deber\u00e1 dejar de jugar.<\/p>\n<p style=\"text-align: justify\">2. <strong>Romper el muro <\/strong>(un muro elaborado con piezas geom\u00e9tricas de esponja gigantes)<strong> que la maestra ha creado con anterioridad y que indica el inicio de la sesi\u00f3n psicomotriz:<\/strong><br \/>\n\u00bfQu\u00e9 simboliza la rotura de muro?. Pues que una vez derribado el muro creado por el adulto son <strong>\u00ablibres\u00bb del \u00abcontrol\u00bb adulto.<\/strong> Tienen libertad de actuaci\u00f3n con todo el material all\u00ed presente (saltar, correr, rodar, lanzar, relajarse, observar&#8230;siempre y cuando se cumplan las normas establecidas). Y poseen libertad para elegir, o no, a las personas con las que quieren interactuar.<\/p>\n<p style=\"text-align: justify\">En esta parte de la sesi\u00f3n habr\u00e1 un momento de juego m\u00e1s efusivo en el inicio, para ir poco a poco bajando de intensidad a medida se va acercando el final. Esta disminuci\u00f3n de intensidad va marcada por el tipo de m\u00fasica que utilizamos, yendo desde m\u00e1s ca\u00f1era a m\u00e1s relajante para terminar con el \u00faltimo momento de la sesi\u00f3n que es la relajaci\u00f3n.<\/p>\n<p style=\"text-align: justify\">3. <strong>Este curso la relajaci\u00f3n que llevaremos a cabo se va a basar en el yoga:<\/strong> Iniciando al alumnado en esta pr\u00e1ctica tan beneficiosa tanto para el cuerpo como para la mente.<\/p>\n<p style=\"text-align: justify\"><strong>Nuestro papel<\/strong> en estas sesiones es el de estar presentes, acompa\u00f1ando, empatizando, sosteniendo y haciendo evolucionar situaciones vividas por los peques. Teniendo un sistema de acci\u00f3n y una actitud que han de ajustarse a las demandas y necesidades de cada cr\u00edo. Acompa\u00f1ando el juego e interactuando sin invadir. Mostrando una actitud de acogida emp\u00e1tica que ayuda a evolucionar al peque bas\u00e1ndonos en su expresividad motriz y es a partir de esta observaci\u00f3n que obtenemos la informaci\u00f3n necesaria para elaborar una pauta de actuaci\u00f3n con cada cr\u00edo.<\/p>\n<p style=\"text-align: justify\">Una vez puestos en situaci\u00f3n de en qu\u00e9 consisten nuestras sesiones de psicomotricidad vivenciada, os dejamos con algunas fotos y v\u00eddeos para que entend\u00e1is mejor de lo que hablamos, pero sobre todo para que disfrut\u00e9is vi\u00e9ndolas tanto como vuestros peques llev\u00e1ndola a cabo. Un saludo y disfrutad del fin de semana!.<\/p>\n<p style=\"text-align: justify\">&nbsp;<\/p>\nngg_shortcode_0_placeholder\n","protected":false},"excerpt":{"rendered":"<p>\u00a1\u00a1\u00a1Por fin hemos podido retomar nuestras sesiones de psicomotricidad vivenciada!!!!. Es un m\u00e9todo que tiene por objetivo la maduraci\u00f3n psicol\u00f3gica del infante a trav\u00e9s de la v\u00eda motriz. El proceso por el cual el&#46;&#46;&#46;<\/p>\n","protected":false},"author":10460,"featured_media":0,"parent":0,"menu_order":0,"comment_status":"closed","ping_status":"closed","template":"","meta":{"ngg_post_thumbnail":0,"footnotes":"","_mc_calendar":[]},"aioseo_notices":[],"_links":{"self":[{"href":"https:\/\/blogsaverroes.juntadeandalucia.es\/escuelainfantilvientodelsur\/wp-json\/wp\/v2\/pages\/3509"}],"collection":[{"href":"https:\/\/blogsaverroes.juntadeandalucia.es\/escuelainfantilvientodelsur\/wp-json\/wp\/v2\/pages"}],"about":[{"href":"https:\/\/blogsaverroes.juntadeandalucia.es\/escuelainfantilvientodelsur\/wp-json\/wp\/v2\/types\/page"}],"author":[{"embeddable":true,"href":"https:\/\/blogsaverroes.juntadeandalucia.es\/escuelainfantilvientodelsur\/wp-json\/wp\/v2\/users\/10460"}],"replies":[{"embeddable":true,"href":"https:\/\/blogsaverroes.juntadeandalucia.es\/escuelainfantilvientodelsur\/wp-json\/wp\/v2\/comments?post=3509"}],"version-history":[{"count":8,"href":"https:\/\/blogsaverroes.juntadeandalucia.es\/escuelainfantilvientodelsur\/wp-json\/wp\/v2\/pages\/3509\/revisions"}],"predecessor-version":[{"id":4975,"href":"https:\/\/blogsaverroes.juntadeandalucia.es\/escuelainfantilvientodelsur\/wp-json\/wp\/v2\/pages\/3509\/revisions\/4975"}],"wp:attachment":[{"href":"https:\/\/blogsaverroes.juntadeandalucia.es\/escuelainfantilvientodelsur\/wp-json\/wp\/v2\/media?parent=3509"}],"curies":[{"name":"wp","href":"https:\/\/api.w.org\/{rel}","templated":true}]}}