{"id":4088,"date":"2022-03-16T10:34:37","date_gmt":"2022-03-16T10:34:37","guid":{"rendered":"https:\/\/blogsaverroes.juntadeandalucia.es\/escuelainfantilvientodelsur\/?page_id=4088"},"modified":"2025-01-30T09:11:55","modified_gmt":"2025-01-30T09:11:55","slug":"huerto-escolar","status":"publish","type":"page","link":"https:\/\/blogsaverroes.juntadeandalucia.es\/escuelainfantilvientodelsur\/huerto-escolar\/","title":{"rendered":"HUERTO ESCOLAR"},"content":{"rendered":"<p>&nbsp;<\/p>\nngg_shortcode_0_placeholder\n<p style=\"text-align: center\"><strong>HUERTO ESCOLAR<\/strong><\/p>\n<p style=\"text-align: justify\">\u00a1Si a\u00fan no te has animado a crear un huerto escolar, espera a leer los beneficios que puede aportar a los alumnos y alumnas y no te podr\u00e1s resistir! Aqu\u00ed te mostramos algunos:<\/p>\n<p style=\"text-align: justify\">Permitir probar, experimentar y aprender haciendo har\u00e1 que el aprendizaje sea significativo. Como nos recuerda <strong>Confucio \u201cEscucho y olvido, veo y recuerdo, hago y entiendo\u201d<\/strong>.<\/p>\n<p style=\"text-align: justify\"><strong>Promover una conciencia de cuidado y respeto por el medio ambiente.<\/strong> \u00a1Es una estupenda oportunidad para hablar de las medidas que se pueden adoptar para contaminar menos!<br \/>\nImpulsar valores como la paciencia, la responsabilidad, el compromiso, el compa\u00f1erismo, etc.<br \/>\nPotenciar un trabajo colaborativo y cooperativo compartiendo tareas (plantar, regar, limpiar malas hierbas, etc.) que pueden ir rotando. Adem\u00e1s, es imprescindible que haya una buena organizaci\u00f3n y que sean los propios alumnos que vayan adquiriendo esta responsabilidad a medida que estos obtengan la autonom\u00eda suficiente.<\/p>\n<p style=\"text-align: justify\"><strong>Conocer los productos aut\u00f3ctonos e identificar los que son propios de la \u00e9poca.<\/strong> Es genial que los alumnos sean conscientes que los productos que ellos plantan, cosechan y recogen, luego son los que se comer\u00e1n en el men\u00fa semanal. Este hecho puede proporcionar una gran satisfacci\u00f3n y orgullo a los estudiantes.<\/p>\n<p style=\"text-align: justify\"><strong>Favorecer una alimentaci\u00f3n saludable y equilibrada.<\/strong> Los propios alumnos conocen los alimentos que cultivan con lo cual est\u00e1n m\u00e1s abiertos a probarlos. \u00a1Es un buen momento para complementar estos buenos h\u00e1bitos con unas rutinas de ejercicio f\u00edsico!.<\/p>\n<p style=\"text-align: justify\"><strong>Fomentar la participaci\u00f3n de las familias<\/strong>, es decir, se puede pedir la colaboraci\u00f3n de alg\u00fan familiar que sea jardinero o jardinera para que comparta su conocimiento, familiares que quieran participar en la construcci\u00f3n del huerto, prestando herramientas o incluso aportando la materia org\u00e1nica que producen.<\/p>\nngg_shortcode_1_placeholder\n","protected":false},"excerpt":{"rendered":"<p>&nbsp; HUERTO ESCOLAR \u00a1Si a\u00fan no te has animado a crear un huerto escolar, espera a leer los beneficios que puede aportar a los alumnos y alumnas y no te podr\u00e1s resistir! Aqu\u00ed te&#46;&#46;&#46;<\/p>\n","protected":false},"author":10460,"featured_media":0,"parent":0,"menu_order":0,"comment_status":"closed","ping_status":"closed","template":"","meta":{"ngg_post_thumbnail":0,"footnotes":"","_mc_calendar":[]},"aioseo_notices":[],"_links":{"self":[{"href":"https:\/\/blogsaverroes.juntadeandalucia.es\/escuelainfantilvientodelsur\/wp-json\/wp\/v2\/pages\/4088"}],"collection":[{"href":"https:\/\/blogsaverroes.juntadeandalucia.es\/escuelainfantilvientodelsur\/wp-json\/wp\/v2\/pages"}],"about":[{"href":"https:\/\/blogsaverroes.juntadeandalucia.es\/escuelainfantilvientodelsur\/wp-json\/wp\/v2\/types\/page"}],"author":[{"embeddable":true,"href":"https:\/\/blogsaverroes.juntadeandalucia.es\/escuelainfantilvientodelsur\/wp-json\/wp\/v2\/users\/10460"}],"replies":[{"embeddable":true,"href":"https:\/\/blogsaverroes.juntadeandalucia.es\/escuelainfantilvientodelsur\/wp-json\/wp\/v2\/comments?post=4088"}],"version-history":[{"count":10,"href":"https:\/\/blogsaverroes.juntadeandalucia.es\/escuelainfantilvientodelsur\/wp-json\/wp\/v2\/pages\/4088\/revisions"}],"predecessor-version":[{"id":5161,"href":"https:\/\/blogsaverroes.juntadeandalucia.es\/escuelainfantilvientodelsur\/wp-json\/wp\/v2\/pages\/4088\/revisions\/5161"}],"wp:attachment":[{"href":"https:\/\/blogsaverroes.juntadeandalucia.es\/escuelainfantilvientodelsur\/wp-json\/wp\/v2\/media?parent=4088"}],"curies":[{"name":"wp","href":"https:\/\/api.w.org\/{rel}","templated":true}]}}