{"id":4355,"date":"2022-09-09T00:03:58","date_gmt":"2022-09-09T00:03:58","guid":{"rendered":"https:\/\/blogsaverroes.juntadeandalucia.es\/escuelainfantilvientodelsur\/?page_id=4355"},"modified":"2022-09-29T07:29:22","modified_gmt":"2022-09-29T07:29:22","slug":"3-anos","status":"publish","type":"page","link":"https:\/\/blogsaverroes.juntadeandalucia.es\/escuelainfantilvientodelsur\/3-anos\/","title":{"rendered":"3 A\u00d1OS"},"content":{"rendered":"<p><strong>CURSO 2022\/23<\/strong><\/p>\n<p>3 a\u00f1os&nbsp; Gema Maline Jim\u00e9nez<\/p>\n<p>RF: Adelina Rivera Alc\u00e1ntara<\/p>\n","protected":false},"excerpt":{"rendered":"<p>CURSO 2022\/23 3 a\u00f1os&nbsp; Gema Maline Jim\u00e9nez RF: Adelina Rivera Alc\u00e1ntara<\/p>\n","protected":false},"author":10460,"featured_media":0,"parent":0,"menu_order":0,"comment_status":"closed","ping_status":"closed","template":"","meta":{"ngg_post_thumbnail":0,"footnotes":"","_mc_calendar":[]},"aioseo_notices":[],"_links":{"self":[{"href":"https:\/\/blogsaverroes.juntadeandalucia.es\/escuelainfantilvientodelsur\/wp-json\/wp\/v2\/pages\/4355"}],"collection":[{"href":"https:\/\/blogsaverroes.juntadeandalucia.es\/escuelainfantilvientodelsur\/wp-json\/wp\/v2\/pages"}],"about":[{"href":"https:\/\/blogsaverroes.juntadeandalucia.es\/escuelainfantilvientodelsur\/wp-json\/wp\/v2\/types\/page"}],"author":[{"embeddable":true,"href":"https:\/\/blogsaverroes.juntadeandalucia.es\/escuelainfantilvientodelsur\/wp-json\/wp\/v2\/users\/10460"}],"replies":[{"embeddable":true,"href":"https:\/\/blogsaverroes.juntadeandalucia.es\/escuelainfantilvientodelsur\/wp-json\/wp\/v2\/comments?post=4355"}],"version-history":[{"count":4,"href":"https:\/\/blogsaverroes.juntadeandalucia.es\/escuelainfantilvientodelsur\/wp-json\/wp\/v2\/pages\/4355\/revisions"}],"predecessor-version":[{"id":4369,"href":"https:\/\/blogsaverroes.juntadeandalucia.es\/escuelainfantilvientodelsur\/wp-json\/wp\/v2\/pages\/4355\/revisions\/4369"}],"wp:attachment":[{"href":"https:\/\/blogsaverroes.juntadeandalucia.es\/escuelainfantilvientodelsur\/wp-json\/wp\/v2\/media?parent=4355"}],"curies":[{"name":"wp","href":"https:\/\/api.w.org\/{rel}","templated":true}]}}