{"id":4484,"date":"2022-10-26T10:49:40","date_gmt":"2022-10-26T10:49:40","guid":{"rendered":"https:\/\/blogsaverroes.juntadeandalucia.es\/escuelainfantilvientodelsur\/?page_id=4484"},"modified":"2022-11-03T10:09:18","modified_gmt":"2022-11-03T10:09:18","slug":"pdi","status":"publish","type":"page","link":"https:\/\/blogsaverroes.juntadeandalucia.es\/escuelainfantilvientodelsur\/pdi\/","title":{"rendered":"PDI"},"content":{"rendered":"<p><strong>PDI . Pizarra digital interactiva.<\/strong><\/p>\n<p><span style=\"font-weight: 400\">Con las pizarras digitales interactivas, pretendemos impulsar la innovaci\u00f3n pedag\u00f3gica en nuestro centro y profundizar en el conocimiento de las mejoras que en los procesos de ense\u00f1anza y aprendizaje pueden proporcionar la implantaci\u00f3n&nbsp; de este sistema tecnol\u00f3gico en las aulas. Con esta herramienta se incentiva la curiosidad del alumnado , aprenden jugando. Por otro lado se transmite la informaci\u00f3n de una manera m\u00e1s atractiva.<\/span><\/p>\n<p><span style=\"font-weight: 400\">Son numerosas las ventajas que&nbsp; proporciona el uso de la pizarra digital en el entorno educativo de las aulas:<\/span><\/p>\n<p><span style=\"font-weight: 400\">\u2013&nbsp; &nbsp; &nbsp; <\/span> <span style=\"font-weight: 400\">Sirve de apoyo a las explicaciones de las maestras a trav\u00e9s de im\u00e1genes, videos, esquemas, simulaciones virtuales, adem\u00e1s de p\u00e1ginas web que ofrezcan informaci\u00f3n adicional a la explicaci\u00f3n.<\/span><\/p>\n<p><span style=\"font-weight: 400\">\u2013&nbsp; &nbsp; &nbsp; <\/span> <span style=\"font-weight: 400\">Resulta una fuente inagotable de informaci\u00f3n, pues a trav\u00e9s de ella se puede presentar toda la informaci\u00f3n que podamos obtener a trav\u00e9s de Internet de una manera f\u00e1cil y r\u00e1pida, ampli\u00e1ndose as\u00ed la cantidad de conocimientos que se puedan transmitir al alumnado.<\/span><\/p>\n<p><span style=\"font-weight: 400\">\u2013&nbsp; &nbsp; &nbsp; <\/span> <span style=\"font-weight: 400\">Provoca la motivaci\u00f3n, todos\/ as quieren participar y \u00abjugar\u00bb con la pantalla. Las actividades que<\/span><\/p>\n<p>ngg_shortcode_0_placeholder<span style=\"font-weight: 400\">se realizan en ella son muy atractivas para el alumnado, los juegos, el movimiento, la m\u00fasica&#8230;.<\/span><\/p>\n<p>&nbsp;<\/p>\n","protected":false},"excerpt":{"rendered":"<p>PDI . Pizarra digital interactiva. Con las pizarras digitales interactivas, pretendemos impulsar la innovaci\u00f3n pedag\u00f3gica en nuestro centro y profundizar en el conocimiento de las mejoras que en los procesos de ense\u00f1anza y aprendizaje&#46;&#46;&#46;<\/p>\n","protected":false},"author":10460,"featured_media":0,"parent":0,"menu_order":0,"comment_status":"closed","ping_status":"closed","template":"","meta":{"ngg_post_thumbnail":0,"footnotes":"","_mc_calendar":[]},"aioseo_notices":[],"_links":{"self":[{"href":"https:\/\/blogsaverroes.juntadeandalucia.es\/escuelainfantilvientodelsur\/wp-json\/wp\/v2\/pages\/4484"}],"collection":[{"href":"https:\/\/blogsaverroes.juntadeandalucia.es\/escuelainfantilvientodelsur\/wp-json\/wp\/v2\/pages"}],"about":[{"href":"https:\/\/blogsaverroes.juntadeandalucia.es\/escuelainfantilvientodelsur\/wp-json\/wp\/v2\/types\/page"}],"author":[{"embeddable":true,"href":"https:\/\/blogsaverroes.juntadeandalucia.es\/escuelainfantilvientodelsur\/wp-json\/wp\/v2\/users\/10460"}],"replies":[{"embeddable":true,"href":"https:\/\/blogsaverroes.juntadeandalucia.es\/escuelainfantilvientodelsur\/wp-json\/wp\/v2\/comments?post=4484"}],"version-history":[{"count":3,"href":"https:\/\/blogsaverroes.juntadeandalucia.es\/escuelainfantilvientodelsur\/wp-json\/wp\/v2\/pages\/4484\/revisions"}],"predecessor-version":[{"id":4557,"href":"https:\/\/blogsaverroes.juntadeandalucia.es\/escuelainfantilvientodelsur\/wp-json\/wp\/v2\/pages\/4484\/revisions\/4557"}],"wp:attachment":[{"href":"https:\/\/blogsaverroes.juntadeandalucia.es\/escuelainfantilvientodelsur\/wp-json\/wp\/v2\/media?parent=4484"}],"curies":[{"name":"wp","href":"https:\/\/api.w.org\/{rel}","templated":true}]}}