{"id":4493,"date":"2022-10-26T10:53:21","date_gmt":"2022-10-26T10:53:21","guid":{"rendered":"https:\/\/blogsaverroes.juntadeandalucia.es\/escuelainfantilvientodelsur\/?page_id=4493"},"modified":"2024-11-21T11:33:46","modified_gmt":"2024-11-21T11:33:46","slug":"talleres-2","status":"publish","type":"page","link":"https:\/\/blogsaverroes.juntadeandalucia.es\/escuelainfantilvientodelsur\/talleres-2\/","title":{"rendered":"TALLERES"},"content":{"rendered":"<p>ngg_shortcode_0_placeholder&nbsp;Ya hemos comenzado los Talleres Interactivos con las familias, parte fundamental de nuestro trabajo como Comunidades de Aprendizaje. En esta ocasi\u00f3n han estado dedicado a trabajar conceptos l\u00f3gico matem\u00e1ticos.<\/p>\n","protected":false},"excerpt":{"rendered":"<p>&nbsp;Ya hemos comenzado los Talleres Interactivos con las familias, parte fundamental de nuestro trabajo como Comunidades de Aprendizaje. En esta ocasi\u00f3n han estado dedicado a trabajar conceptos l\u00f3gico matem\u00e1ticos.<\/p>\n","protected":false},"author":10460,"featured_media":0,"parent":0,"menu_order":0,"comment_status":"closed","ping_status":"closed","template":"","meta":{"ngg_post_thumbnail":0,"footnotes":"","_mc_calendar":[]},"aioseo_notices":[],"_links":{"self":[{"href":"https:\/\/blogsaverroes.juntadeandalucia.es\/escuelainfantilvientodelsur\/wp-json\/wp\/v2\/pages\/4493"}],"collection":[{"href":"https:\/\/blogsaverroes.juntadeandalucia.es\/escuelainfantilvientodelsur\/wp-json\/wp\/v2\/pages"}],"about":[{"href":"https:\/\/blogsaverroes.juntadeandalucia.es\/escuelainfantilvientodelsur\/wp-json\/wp\/v2\/types\/page"}],"author":[{"embeddable":true,"href":"https:\/\/blogsaverroes.juntadeandalucia.es\/escuelainfantilvientodelsur\/wp-json\/wp\/v2\/users\/10460"}],"replies":[{"embeddable":true,"href":"https:\/\/blogsaverroes.juntadeandalucia.es\/escuelainfantilvientodelsur\/wp-json\/wp\/v2\/comments?post=4493"}],"version-history":[{"count":4,"href":"https:\/\/blogsaverroes.juntadeandalucia.es\/escuelainfantilvientodelsur\/wp-json\/wp\/v2\/pages\/4493\/revisions"}],"predecessor-version":[{"id":5112,"href":"https:\/\/blogsaverroes.juntadeandalucia.es\/escuelainfantilvientodelsur\/wp-json\/wp\/v2\/pages\/4493\/revisions\/5112"}],"wp:attachment":[{"href":"https:\/\/blogsaverroes.juntadeandalucia.es\/escuelainfantilvientodelsur\/wp-json\/wp\/v2\/media?parent=4493"}],"curies":[{"name":"wp","href":"https:\/\/api.w.org\/{rel}","templated":true}]}}