{"id":80,"date":"2015-03-16T06:57:36","date_gmt":"2015-03-16T06:57:36","guid":{"rendered":"http:\/\/blogsaverroes.juntadeandalucia.es\/pre\/ceip\/?page_id=80"},"modified":"2021-11-02T11:38:53","modified_gmt":"2021-11-02T11:38:53","slug":"curso-escolar","status":"publish","type":"page","link":"https:\/\/blogsaverroes.juntadeandalucia.es\/escuelainfantilvientodelsur\/curso-escolar\/","title":{"rendered":"Curso escolar"},"content":{"rendered":"<p>A continuaci\u00f3n adjuntamos el men\u00fa de cada mes.<\/p>\n<p><a href=\"https:\/\/blogsaverroes.juntadeandalucia.es\/escuelainfantilvientodelsur\/files\/2021\/11\/men\u00fa-basal-cc-sda-21-22_bloque-3-NOV-DIC.pdf\">men\u00fa basal cc sda 21-22_bloque 3 NOV-DIC<\/a><\/p>\n","protected":false},"excerpt":{"rendered":"<p>A continuaci\u00f3n adjuntamos el men\u00fa de cada mes. men\u00fa basal cc sda 21-22_bloque 3 NOV-DIC<\/p>\n","protected":false},"author":1,"featured_media":0,"parent":0,"menu_order":0,"comment_status":"closed","ping_status":"open","template":"page-cs.php","meta":{"ngg_post_thumbnail":0,"footnotes":"","_mc_calendar":[]},"aioseo_notices":[],"_links":{"self":[{"href":"https:\/\/blogsaverroes.juntadeandalucia.es\/escuelainfantilvientodelsur\/wp-json\/wp\/v2\/pages\/80"}],"collection":[{"href":"https:\/\/blogsaverroes.juntadeandalucia.es\/escuelainfantilvientodelsur\/wp-json\/wp\/v2\/pages"}],"about":[{"href":"https:\/\/blogsaverroes.juntadeandalucia.es\/escuelainfantilvientodelsur\/wp-json\/wp\/v2\/types\/page"}],"author":[{"embeddable":true,"href":"https:\/\/blogsaverroes.juntadeandalucia.es\/escuelainfantilvientodelsur\/wp-json\/wp\/v2\/users\/1"}],"replies":[{"embeddable":true,"href":"https:\/\/blogsaverroes.juntadeandalucia.es\/escuelainfantilvientodelsur\/wp-json\/wp\/v2\/comments?post=80"}],"version-history":[{"count":3,"href":"https:\/\/blogsaverroes.juntadeandalucia.es\/escuelainfantilvientodelsur\/wp-json\/wp\/v2\/pages\/80\/revisions"}],"predecessor-version":[{"id":3213,"href":"https:\/\/blogsaverroes.juntadeandalucia.es\/escuelainfantilvientodelsur\/wp-json\/wp\/v2\/pages\/80\/revisions\/3213"}],"wp:attachment":[{"href":"https:\/\/blogsaverroes.juntadeandalucia.es\/escuelainfantilvientodelsur\/wp-json\/wp\/v2\/media?parent=80"}],"curies":[{"name":"wp","href":"https:\/\/api.w.org\/{rel}","templated":true}]}}