{"id":13,"date":"2022-01-11T19:41:14","date_gmt":"2022-01-11T19:41:14","guid":{"rendered":"https:\/\/blogsaverroes.juntadeandalucia.es\/esoesingles\/?page_id=13"},"modified":"2022-01-11T19:42:44","modified_gmt":"2022-01-11T19:42:44","slug":"inicio","status":"publish","type":"page","link":"https:\/\/blogsaverroes.juntadeandalucia.es\/esoesingles\/inicio\/","title":{"rendered":"INICIO"},"content":{"rendered":"<p>En este apartado encontrar\u00e1s informaci\u00f3n de inter\u00e9s sobre tutoriales y diferentes celebraciones realizadas en el centro desde el \u00e1rea de ingl\u00e9s.<\/p>\n","protected":false},"excerpt":{"rendered":"<p>En este apartado encontrar\u00e1s informaci\u00f3n de inter\u00e9s sobre tutoriales y diferentes celebraciones realizadas en el centro desde el \u00e1rea de ingl\u00e9s.<\/p>\n","protected":false},"author":14307,"featured_media":0,"parent":0,"menu_order":0,"comment_status":"closed","ping_status":"closed","template":"","meta":{"ngg_post_thumbnail":0,"footnotes":""},"aioseo_notices":[],"_links":{"self":[{"href":"https:\/\/blogsaverroes.juntadeandalucia.es\/esoesingles\/wp-json\/wp\/v2\/pages\/13"}],"collection":[{"href":"https:\/\/blogsaverroes.juntadeandalucia.es\/esoesingles\/wp-json\/wp\/v2\/pages"}],"about":[{"href":"https:\/\/blogsaverroes.juntadeandalucia.es\/esoesingles\/wp-json\/wp\/v2\/types\/page"}],"author":[{"embeddable":true,"href":"https:\/\/blogsaverroes.juntadeandalucia.es\/esoesingles\/wp-json\/wp\/v2\/users\/14307"}],"replies":[{"embeddable":true,"href":"https:\/\/blogsaverroes.juntadeandalucia.es\/esoesingles\/wp-json\/wp\/v2\/comments?post=13"}],"version-history":[{"count":3,"href":"https:\/\/blogsaverroes.juntadeandalucia.es\/esoesingles\/wp-json\/wp\/v2\/pages\/13\/revisions"}],"predecessor-version":[{"id":16,"href":"https:\/\/blogsaverroes.juntadeandalucia.es\/esoesingles\/wp-json\/wp\/v2\/pages\/13\/revisions\/16"}],"wp:attachment":[{"href":"https:\/\/blogsaverroes.juntadeandalucia.es\/esoesingles\/wp-json\/wp\/v2\/media?parent=13"}],"curies":[{"name":"wp","href":"https:\/\/api.w.org\/{rel}","templated":true}]}}