{"id":333,"date":"2023-07-03T20:21:29","date_gmt":"2023-07-03T20:21:29","guid":{"rendered":"https:\/\/blogsaverroes.juntadeandalucia.es\/espa2\/?page_id=333"},"modified":"2023-07-03T20:42:40","modified_gmt":"2023-07-03T20:42:40","slug":"tema-iv-3","status":"publish","type":"page","link":"https:\/\/blogsaverroes.juntadeandalucia.es\/espa2\/tema-iv-3\/","title":{"rendered":"TEMA IV 3"},"content":{"rendered":"<p style=\"text-align: center\"><span style=\"font-size: 18pt;color: #ff0000\"><a style=\"color: #ff0000\" href=\"https:\/\/youtube.com\/playlist?list=PLOuJ8lNXZxXmMLlADsPAnvwHeuH4--y2d\" target=\"_blank\" rel=\"noopener noreferrer\">LISTA DE REPRODUCCI\u00d3N COMPLETA<\/a><\/span><\/p>\n<table style=\"height: 241px;width: 119.308%;border-collapse: collapse;border-style: solid;border-color: #5c060e;background-color: #eef0c9\" border=\"8\">\n<tbody>\n<tr style=\"height: 75px\">\n<td style=\"width: 25%;height: 86px;border-style: solid;border-color: #000000;vertical-align: middle;text-align: center\"><a href=\"https:\/\/youtu.be\/59S3qNB6Q5g\" target=\"_blank\" rel=\"noopener noreferrer\">VARIABLES ESTAD\u00cdSTICAS<\/a><\/td>\n<td style=\"width: 25%;height: 86px;border-style: solid;border-color: #000000;vertical-align: middle;text-align: center\"><a href=\"https:\/\/youtu.be\/AtkisMftDxM\" target=\"_blank\" rel=\"noopener noreferrer\">CONCEPTOS B\u00c1SICOS<\/a><\/td>\n<td style=\"width: 25%;height: 86px;border-style: solid;border-color: #000000;vertical-align: middle;text-align: center\"><a href=\"https:\/\/youtu.be\/bFx3JIUi0mc\" target=\"_blank\" rel=\"noopener noreferrer\">ESTUDIO DE DATOS<\/a><\/td>\n<td style=\"width: 43.6416%;height: 86px;border-style: solid;border-color: #000000;vertical-align: middle;text-align: center\"><a href=\"https:\/\/youtu.be\/0pHqDQdvYvQ\" target=\"_blank\" rel=\"noopener noreferrer\">ESTUDIO DE DATOS (2\u00aa parte)<\/a><\/td>\n<\/tr>\n<tr style=\"height: 75px\">\n<td style=\"width: 25%;height: 84px;border-style: solid;border-color: #000000;vertical-align: middle;text-align: center\"><a href=\"https:\/\/youtu.be\/XCMNYWcgsHU\" target=\"_blank\" rel=\"noopener noreferrer\">MEDIA<\/a><\/td>\n<td style=\"width: 25%;height: 84px;border-style: solid;border-color: #000000;vertical-align: middle;text-align: center\"><a href=\"https:\/\/youtu.be\/lFR7xwyrdZI\" target=\"_blank\" rel=\"noopener noreferrer\">MODA<\/a><\/td>\n<td style=\"width: 25%;height: 84px;border-style: solid;border-color: #000000;vertical-align: middle;text-align: center\"><a href=\"https:\/\/youtu.be\/vDhtH5olJgg\" target=\"_blank\" rel=\"noopener noreferrer\">MEDIANA 1<\/a><\/td>\n<td style=\"width: 43.6416%;height: 84px;border-style: solid;border-color: #000000;vertical-align: middle;text-align: center\"><a href=\"https:\/\/youtu.be\/42J_yrb4Gkc\" target=\"_blank\" rel=\"noopener noreferrer\">MEDIANA 2<\/a><\/td>\n<\/tr>\n<tr style=\"height: 75px\">\n<td style=\"width: 25%;height: 71px;border-style: solid;border-color: #000000;vertical-align: middle;text-align: center\"><a href=\"https:\/\/youtu.be\/HpQXsfUWdgc\" target=\"_blank\" rel=\"noopener noreferrer\">COEFICIENTE DE VARIACI\u00d3N (1\u00ba)<\/a><\/td>\n<td style=\"width: 25%;height: 71px;border-style: solid;border-color: #000000;vertical-align: middle;text-align: center\"><a href=\"https:\/\/youtu.be\/HpQXsfUWdgc\" target=\"_blank\" rel=\"noopener noreferrer\">COEFICIENTE DE VARIACI\u00d3N (2\u00ba)<\/a><\/td>\n<td style=\"width: 25%;height: 71px;border-style: solid;border-color: #000000;vertical-align: middle;text-align: center\"><a href=\"https:\/\/youtu.be\/-kYuxsf_RqQ\" target=\"_blank\" rel=\"noopener noreferrer\">EJERC. MEDIA, MEDIANA Y MODA<\/a><\/td>\n<td style=\"width: 43.6416%;height: 71px;border-style: solid;border-color: #000000;vertical-align: middle;text-align: center\"><a href=\"https:\/\/youtu.be\/IvtYraznO60\" target=\"_blank\" rel=\"noopener noreferrer\">EJERC. D\u00cdAS POR PILA<\/a><\/td>\n<\/tr>\n<\/tbody>\n<\/table>\n<p>En esta p\u00e1gina podr\u00e1s encontrar explicaciones y ejercicios para entender el tema de ESTAD\u00cdSTICA. \u00c1nimo que no es dif\u00edcil.<\/p>\n","protected":false},"excerpt":{"rendered":"<p>LISTA DE REPRODUCCI\u00d3N COMPLETA VARIABLES ESTAD\u00cdSTICAS CONCEPTOS B\u00c1SICOS ESTUDIO DE DATOS ESTUDIO DE DATOS (2\u00aa parte) MEDIA MODA MEDIANA 1 MEDIANA 2 COEFICIENTE DE VARIACI\u00d3N (1\u00ba) COEFICIENTE DE VARIACI\u00d3N (2\u00ba) EJERC. MEDIA, MEDIANA Y MODA EJERC. D\u00cdAS POR PILA En esta p\u00e1gina podr\u00e1s encontrar explicaciones y ejercicios para entender el tema de ESTAD\u00cdSTICA. \u00c1nimo que &hellip; <\/p>\n<p class=\"link-more\"><a href=\"https:\/\/blogsaverroes.juntadeandalucia.es\/espa2\/tema-iv-3\/\" class=\"more-link\">Continuar leyendo<span class=\"screen-reader-text\"> \u00abTEMA IV 3\u00bb<\/span><\/a><\/p>\n","protected":false},"author":11624,"featured_media":0,"parent":0,"menu_order":0,"comment_status":"closed","ping_status":"closed","template":"","meta":{"ngg_post_thumbnail":0,"footnotes":""},"aioseo_notices":[],"_links":{"self":[{"href":"https:\/\/blogsaverroes.juntadeandalucia.es\/espa2\/wp-json\/wp\/v2\/pages\/333"}],"collection":[{"href":"https:\/\/blogsaverroes.juntadeandalucia.es\/espa2\/wp-json\/wp\/v2\/pages"}],"about":[{"href":"https:\/\/blogsaverroes.juntadeandalucia.es\/espa2\/wp-json\/wp\/v2\/types\/page"}],"author":[{"embeddable":true,"href":"https:\/\/blogsaverroes.juntadeandalucia.es\/espa2\/wp-json\/wp\/v2\/users\/11624"}],"replies":[{"embeddable":true,"href":"https:\/\/blogsaverroes.juntadeandalucia.es\/espa2\/wp-json\/wp\/v2\/comments?post=333"}],"version-history":[{"count":5,"href":"https:\/\/blogsaverroes.juntadeandalucia.es\/espa2\/wp-json\/wp\/v2\/pages\/333\/revisions"}],"predecessor-version":[{"id":339,"href":"https:\/\/blogsaverroes.juntadeandalucia.es\/espa2\/wp-json\/wp\/v2\/pages\/333\/revisions\/339"}],"wp:attachment":[{"href":"https:\/\/blogsaverroes.juntadeandalucia.es\/espa2\/wp-json\/wp\/v2\/media?parent=333"}],"curies":[{"name":"wp","href":"https:\/\/api.w.org\/{rel}","templated":true}]}}