{"id":345,"date":"2023-07-03T21:02:46","date_gmt":"2023-07-03T21:02:46","guid":{"rendered":"https:\/\/blogsaverroes.juntadeandalucia.es\/espa2\/?page_id=345"},"modified":"2023-07-11T22:14:59","modified_gmt":"2023-07-11T22:14:59","slug":"tema-v-1","status":"publish","type":"page","link":"https:\/\/blogsaverroes.juntadeandalucia.es\/espa2\/tema-v-1\/","title":{"rendered":"TEMA V 1"},"content":{"rendered":"<p style=\"text-align: center\"><span style=\"font-size: 18pt;color: #ff0000\"><a style=\"color: #ff0000\" href=\"https:\/\/youtube.com\/playlist?list=PLOuJ8lNXZxXksT9a8gjeD6KLKuZkyuVZt\" target=\"_blank\" rel=\"noopener noreferrer\">LISTA DE REPRODUCCI\u00d3N COMPLETA<\/a><\/span><\/p>\n<table style=\"height: 241px;width: 119.308%;border-collapse: collapse;border-style: solid;border-color: #5c060e;background-color: #eef0c9\" border=\"8\">\n<tbody>\n<tr style=\"height: 75px\">\n<td style=\"width: 25%;height: 86px;border-style: solid;border-color: #000000;vertical-align: middle;text-align: center\"><a href=\"https:\/\/youtu.be\/Eskyni7zmKU\" target=\"_blank\" rel=\"noopener noreferrer\">EJES DE COORDENADAS<\/a><\/td>\n<td style=\"width: 25%;height: 86px;border-style: solid;border-color: #000000;vertical-align: middle;text-align: center\"><a href=\"https:\/\/youtu.be\/GccmdYE52-E\" target=\"_blank\" rel=\"noopener noreferrer\">MAGNITUDES<\/a><\/td>\n<td style=\"width: 25%;height: 86px;border-style: solid;border-color: #000000;vertical-align: middle;text-align: center\"><a href=\"https:\/\/youtu.be\/xPNZGfPe_dQ\" target=\"_blank\" rel=\"noopener noreferrer\">COMPONENTES DE UN VECTOR<\/a><\/td>\n<td style=\"width: 43.6416%;height: 86px;border-style: solid;border-color: #000000;vertical-align: middle;text-align: center\"><a href=\"https:\/\/youtu.be\/Rp7xIa_Q23g\" target=\"_blank\" rel=\"noopener noreferrer\">VECTORES LIBRES, OPUESTO&#8230;<\/a><\/td>\n<\/tr>\n<tr style=\"height: 75px\">\n<td style=\"width: 25%;height: 84px;border-style: solid;border-color: #000000;vertical-align: middle;text-align: center\"><a href=\"https:\/\/youtu.be\/pu6WyyIEmqo\" target=\"_blank\" rel=\"noopener noreferrer\">SUMAR EL OPUESTO<\/a><\/td>\n<td style=\"width: 25%;height: 84px;border-style: solid;border-color: #000000;vertical-align: middle;text-align: center\"><a href=\"https:\/\/youtu.be\/LlX2A7dI10s\" target=\"_blank\" rel=\"noopener noreferrer\">OPERACIONES<\/a><\/td>\n<td style=\"width: 25%;height: 84px;border-style: solid;border-color: #000000;vertical-align: middle;text-align: center\"><a href=\"https:\/\/youtu.be\/rh3ZMKfdRzc\" target=\"_blank\" rel=\"noopener noreferrer\">COORDENADAS DEL VECTOR<\/a><\/td>\n<td style=\"width: 43.6416%;height: 84px;border-style: solid;border-color: #000000;vertical-align: middle;text-align: center\"><a href=\"https:\/\/youtu.be\/AeCQvcKG8cc\" target=\"_blank\" rel=\"noopener noreferrer\">Vx Vy<\/a><\/td>\n<\/tr>\n<tr style=\"height: 75px\">\n<td style=\"width: 25%;height: 71px;border-style: solid;border-color: #000000;vertical-align: middle;text-align: center\"><a href=\"https:\/\/youtu.be\/0kAj8Dncoew\" target=\"_blank\" rel=\"noopener noreferrer\">M\u00d3DULO DEL VECTOR<\/a><\/td>\n<td style=\"width: 25%;height: 71px;border-style: solid;border-color: #000000;vertical-align: middle;text-align: center\"><a href=\"https:\/\/youtu.be\/A3IRdsjbH-4\" target=\"_blank\" rel=\"noopener noreferrer\">PARALELOS?<\/a><\/td>\n<td style=\"width: 25%;height: 71px;border-style: solid;border-color: #000000;vertical-align: middle;text-align: center\"><a href=\"https:\/\/youtu.be\/OsdYBPddrSU\" target=\"_blank\" rel=\"noopener noreferrer\">PARALELOS???<\/a><\/td>\n<td style=\"width: 43.6416%;height: 71px;border-style: solid;border-color: #000000;vertical-align: middle;text-align: center\"><a href=\"https:\/\/youtu.be\/N_llC-OJL48\" target=\"_blank\" rel=\"noopener noreferrer\">PARALELOS???<\/a><\/td>\n<\/tr>\n<\/tbody>\n<\/table>\n<p>Adem\u00e1s de estos v\u00eddeos, en la lista de reproducci\u00f3n podr\u00e1s encontrar v\u00eddeos explicando c\u00f3mo se <a href=\"https:\/\/youtu.be\/iBZvj5YY4cA\" target=\"_blank\" rel=\"noopener noreferrer\">MULTIPLICA UN VECTOR POR UN ESCALAR.<\/a> En este otro v\u00eddeo podr\u00e1s aprender las reglas de <a href=\"https:\/\/youtu.be\/v9uQZZZLsOw\" target=\"_blank\" rel=\"noopener noreferrer\">multiplicar n\u00fameros<\/a> con igual o distinto signo y aplicarlo a los vectores. <span style=\"font-size: 1rem\">Tambi\u00e9n hay un v\u00eddeo explicando el <\/span><a style=\"font-size: 1rem\" href=\"https:\/\/youtu.be\/QpB6PGZ0fAw\" target=\"_blank\" rel=\"noopener noreferrer\">TEOREMA DE PIT\u00c1GORAS<\/a><span style=\"font-size: 1rem\">.<\/span><\/p>\n","protected":false},"excerpt":{"rendered":"<p>LISTA DE REPRODUCCI\u00d3N COMPLETA EJES DE COORDENADAS MAGNITUDES COMPONENTES DE UN VECTOR VECTORES LIBRES, OPUESTO&#8230; SUMAR EL OPUESTO OPERACIONES COORDENADAS DEL VECTOR Vx Vy M\u00d3DULO DEL VECTOR PARALELOS? PARALELOS??? PARALELOS??? Adem\u00e1s de estos v\u00eddeos, en la lista de reproducci\u00f3n podr\u00e1s encontrar v\u00eddeos explicando c\u00f3mo se MULTIPLICA UN VECTOR POR UN ESCALAR. En este otro v\u00eddeo &hellip; <\/p>\n<p class=\"link-more\"><a href=\"https:\/\/blogsaverroes.juntadeandalucia.es\/espa2\/tema-v-1\/\" class=\"more-link\">Continuar leyendo<span class=\"screen-reader-text\"> \u00abTEMA V 1\u00bb<\/span><\/a><\/p>\n","protected":false},"author":11624,"featured_media":0,"parent":0,"menu_order":0,"comment_status":"closed","ping_status":"closed","template":"","meta":{"ngg_post_thumbnail":0,"footnotes":""},"aioseo_notices":[],"_links":{"self":[{"href":"https:\/\/blogsaverroes.juntadeandalucia.es\/espa2\/wp-json\/wp\/v2\/pages\/345"}],"collection":[{"href":"https:\/\/blogsaverroes.juntadeandalucia.es\/espa2\/wp-json\/wp\/v2\/pages"}],"about":[{"href":"https:\/\/blogsaverroes.juntadeandalucia.es\/espa2\/wp-json\/wp\/v2\/types\/page"}],"author":[{"embeddable":true,"href":"https:\/\/blogsaverroes.juntadeandalucia.es\/espa2\/wp-json\/wp\/v2\/users\/11624"}],"replies":[{"embeddable":true,"href":"https:\/\/blogsaverroes.juntadeandalucia.es\/espa2\/wp-json\/wp\/v2\/comments?post=345"}],"version-history":[{"count":7,"href":"https:\/\/blogsaverroes.juntadeandalucia.es\/espa2\/wp-json\/wp\/v2\/pages\/345\/revisions"}],"predecessor-version":[{"id":365,"href":"https:\/\/blogsaverroes.juntadeandalucia.es\/espa2\/wp-json\/wp\/v2\/pages\/345\/revisions\/365"}],"wp:attachment":[{"href":"https:\/\/blogsaverroes.juntadeandalucia.es\/espa2\/wp-json\/wp\/v2\/media?parent=345"}],"curies":[{"name":"wp","href":"https:\/\/api.w.org\/{rel}","templated":true}]}}