{"id":347,"date":"2023-07-03T21:03:35","date_gmt":"2023-07-03T21:03:35","guid":{"rendered":"https:\/\/blogsaverroes.juntadeandalucia.es\/espa2\/?page_id=347"},"modified":"2023-07-21T14:20:25","modified_gmt":"2023-07-21T14:20:25","slug":"tema-v-2","status":"publish","type":"page","link":"https:\/\/blogsaverroes.juntadeandalucia.es\/espa2\/tema-v-2\/","title":{"rendered":"TEMA V 2"},"content":{"rendered":"<p style=\"text-align: center\"><span style=\"font-size: 18pt;color: #ff0000\"><a style=\"color: #ff0000\" href=\"https:\/\/youtube.com\/playlist?list=PLOuJ8lNXZxXnCrAh2dk-eMyX7LTWUYz10\" target=\"_blank\" rel=\"noopener noreferrer\">LISTA DE REPRODUCCI\u00d3N COMPLETA<\/a><\/span><\/p>\n<table style=\"height: 321px;width: 119.308%;border-collapse: collapse;border-style: solid;border-color: #5c060e;background-color: #eef0c9\" border=\"8\">\n<tbody>\n<tr style=\"height: 75px\">\n<td style=\"width: 25%;height: 86px;border-style: solid;border-color: #000000;vertical-align: middle;text-align: center\"><a href=\"https:\/\/youtu.be\/UT14KJXjrPQ\" target=\"_blank\" rel=\"noopener noreferrer\">LEY DE HOOKE 1<\/a><\/td>\n<td style=\"width: 25%;height: 86px;border-style: solid;border-color: #000000;vertical-align: middle;text-align: center\"><a href=\"https:\/\/youtu.be\/E1eJU-r5lBM\" target=\"_blank\" rel=\"noopener noreferrer\">LEY DE HOOKE 2<\/a><\/td>\n<td style=\"width: 25%;height: 86px;border-style: solid;border-color: #000000;vertical-align: middle;text-align: center\"><a href=\"https:\/\/youtu.be\/6nbOslG0fbo\" target=\"_blank\" rel=\"noopener noreferrer\">LEY DE HOOKE 3<\/a><\/td>\n<td style=\"width: 43.6416%;height: 86px;border-style: solid;border-color: #000000;vertical-align: middle;text-align: center\"><a href=\"https:\/\/youtu.be\/WLC28I0GYD8\" target=\"_blank\" rel=\"noopener noreferrer\">LEY DE HOOKE 4<\/a><\/td>\n<\/tr>\n<tr style=\"height: 75px\">\n<td style=\"width: 25%;height: 84px;border-style: solid;border-color: #000000;vertical-align: middle;text-align: center\"><a href=\"https:\/\/youtu.be\/FKAe4GgddTU\" target=\"_blank\" rel=\"noopener noreferrer\">LEY DE HOOKE 5<\/a><\/td>\n<td style=\"width: 25%;height: 84px;border-style: solid;border-color: #000000;vertical-align: middle;text-align: center\"><a href=\"https:\/\/youtu.be\/ETmSFi6KA84\" target=\"_blank\" rel=\"noopener noreferrer\">LEY DE HOOKE 6<\/a><\/td>\n<td style=\"width: 25%;height: 84px;border-style: solid;border-color: #000000;vertical-align: middle;text-align: center\"><a href=\"https:\/\/youtu.be\/PPaSlPKS4yg\" target=\"_blank\" rel=\"noopener noreferrer\">NEWTON<\/a><\/td>\n<td style=\"width: 43.6416%;height: 84px;border-style: solid;border-color: #000000;vertical-align: middle;text-align: center\"><a href=\"https:\/\/youtu.be\/O4LwRkvqPFI\" target=\"_blank\" rel=\"noopener noreferrer\">&nbsp;2\u00aa LEY NEWTON<\/a><\/td>\n<\/tr>\n<tr style=\"height: 75px\">\n<td style=\"width: 25%;height: 71px;border-style: solid;border-color: #000000;vertical-align: middle;text-align: center\"><a href=\"https:\/\/youtu.be\/O7arwzvwt64\" target=\"_blank\" rel=\"noopener noreferrer\">PROBLEMA 1<\/a><\/td>\n<td style=\"width: 25%;height: 71px;border-style: solid;border-color: #000000;vertical-align: middle;text-align: center\"><a href=\"https:\/\/youtu.be\/out7iy0Bo28\" target=\"_blank\" rel=\"noopener noreferrer\">PROBLEMA 2<\/a><\/td>\n<td style=\"width: 25%;height: 71px;border-style: solid;border-color: #000000;vertical-align: middle;text-align: center\"><a href=\"https:\/\/youtu.be\/vhepY_cS2Tc\" target=\"_blank\" rel=\"noopener noreferrer\">PROBLEMA 3<\/a><\/td>\n<td style=\"width: 43.6416%;height: 71px;border-style: solid;border-color: #000000;vertical-align: middle;text-align: center\"><a href=\"https:\/\/youtu.be\/a0s4W-8GW8w\" target=\"_blank\" rel=\"noopener noreferrer\">PROBLEMA 4<\/a><\/td>\n<\/tr>\n<tr style=\"height: 80px\">\n<td style=\"width: 25%;border-style: solid;border-color: #000000;vertical-align: middle;text-align: center;height: 80px\"><a href=\"https:\/\/youtu.be\/Km3v7CNoOu8\" target=\"_blank\" rel=\"noopener noreferrer\">PROBLEMA 5<\/a><\/td>\n<td style=\"width: 25%;border-style: solid;border-color: #000000;vertical-align: middle;text-align: center;height: 80px\"><a href=\"https:\/\/youtu.be\/66FbzfaK6vY\" target=\"_blank\" rel=\"noopener noreferrer\">PROBLEMA CON ESQUEMAS 1<\/a><\/td>\n<td style=\"width: 25%;border-style: solid;border-color: #000000;vertical-align: middle;text-align: center;height: 80px\"><a href=\"https:\/\/youtu.be\/2y9mqKHh4zU\" target=\"_blank\" rel=\"noopener noreferrer\">PROBLEMA CON ESQUEMAS 2<\/a><\/td>\n<td style=\"width: 43.6416%;border-style: solid;border-color: #000000;vertical-align: middle;text-align: center;height: 80px\">&nbsp;<\/td>\n<\/tr>\n<\/tbody>\n<\/table>\n<p>En esta p\u00e1gina podr\u00e1s encontrar explicaciones y ejercicios resueltos de la unidad 2 del m\u00f3dulo V. Este<span style=\"color: #ff6600\"> <strong><a style=\"color: #ff6600\" href=\"https:\/\/blogsaverroes.juntadeandalucia.es\/espa2\/files\/2023\/07\/PROBLEMAS-DE-LOS-V\u00cdDEOS.pdf\" target=\"_blank\" rel=\"noopener noreferrer\">PDF<\/a><\/strong> <\/span>es el que contiene los problemas de los v\u00eddeos.<\/p>\n","protected":false},"excerpt":{"rendered":"<p>LISTA DE REPRODUCCI\u00d3N COMPLETA LEY DE HOOKE 1 LEY DE HOOKE 2 LEY DE HOOKE 3 LEY DE HOOKE 4 LEY DE HOOKE 5 LEY DE HOOKE 6 NEWTON &nbsp;2\u00aa LEY NEWTON PROBLEMA 1 PROBLEMA 2 PROBLEMA 3 PROBLEMA 4 PROBLEMA 5 PROBLEMA CON ESQUEMAS 1 PROBLEMA CON ESQUEMAS 2 &nbsp; En esta p\u00e1gina podr\u00e1s &hellip; <\/p>\n<p class=\"link-more\"><a href=\"https:\/\/blogsaverroes.juntadeandalucia.es\/espa2\/tema-v-2\/\" class=\"more-link\">Continuar leyendo<span class=\"screen-reader-text\"> \u00abTEMA V 2\u00bb<\/span><\/a><\/p>\n","protected":false},"author":11624,"featured_media":0,"parent":0,"menu_order":0,"comment_status":"closed","ping_status":"closed","template":"","meta":{"ngg_post_thumbnail":0,"footnotes":""},"aioseo_notices":[],"_links":{"self":[{"href":"https:\/\/blogsaverroes.juntadeandalucia.es\/espa2\/wp-json\/wp\/v2\/pages\/347"}],"collection":[{"href":"https:\/\/blogsaverroes.juntadeandalucia.es\/espa2\/wp-json\/wp\/v2\/pages"}],"about":[{"href":"https:\/\/blogsaverroes.juntadeandalucia.es\/espa2\/wp-json\/wp\/v2\/types\/page"}],"author":[{"embeddable":true,"href":"https:\/\/blogsaverroes.juntadeandalucia.es\/espa2\/wp-json\/wp\/v2\/users\/11624"}],"replies":[{"embeddable":true,"href":"https:\/\/blogsaverroes.juntadeandalucia.es\/espa2\/wp-json\/wp\/v2\/comments?post=347"}],"version-history":[{"count":7,"href":"https:\/\/blogsaverroes.juntadeandalucia.es\/espa2\/wp-json\/wp\/v2\/pages\/347\/revisions"}],"predecessor-version":[{"id":372,"href":"https:\/\/blogsaverroes.juntadeandalucia.es\/espa2\/wp-json\/wp\/v2\/pages\/347\/revisions\/372"}],"wp:attachment":[{"href":"https:\/\/blogsaverroes.juntadeandalucia.es\/espa2\/wp-json\/wp\/v2\/media?parent=347"}],"curies":[{"name":"wp","href":"https:\/\/api.w.org\/{rel}","templated":true}]}}