{"id":374,"date":"2023-07-27T17:49:56","date_gmt":"2023-07-27T17:49:56","guid":{"rendered":"https:\/\/blogsaverroes.juntadeandalucia.es\/espa2\/?page_id=374"},"modified":"2023-07-27T18:04:12","modified_gmt":"2023-07-27T18:04:12","slug":"tema-7-2","status":"publish","type":"page","link":"https:\/\/blogsaverroes.juntadeandalucia.es\/espa2\/tema-7-2\/","title":{"rendered":"TEMA IV 7"},"content":{"rendered":"<p style=\"text-align: center\"><span style=\"font-size: 18pt;color: #ff0000\"><a style=\"color: #ff0000\" href=\"https:\/\/youtube.com\/playlist?list=PLOuJ8lNXZxXlA7aMPZ39Vqxw7J1BU0xyC\" target=\"_blank\" rel=\"noopener noreferrer\">LISTA DE REPRODUCCI\u00d3N COMPLETA<\/a><\/span><\/p>\n<table style=\"height: 241px;width: 119.308%;border-collapse: collapse;border-style: solid;border-color: #5c060e;background-color: #eef0c9\" border=\"8\">\n<tbody>\n<tr style=\"height: 75px\">\n<td style=\"width: 25%;height: 86px;border-style: solid;border-color: #000000;vertical-align: middle;text-align: center\"><a href=\"https:\/\/youtu.be\/dGDGSNZT0K0\" target=\"_blank\" rel=\"noopener noreferrer\">FUNCIONES 1<\/a><\/td>\n<td style=\"width: 25%;height: 86px;border-style: solid;border-color: #000000;vertical-align: middle;text-align: center\"><a href=\"https:\/\/youtu.be\/l4DkITs-7bQ\" target=\"_blank\" rel=\"noopener noreferrer\">FUNCIONES 2<\/a><\/td>\n<td style=\"width: 25%;height: 86px;border-style: solid;border-color: #000000;vertical-align: middle;text-align: center\"><a href=\"https:\/\/youtu.be\/57BjgqOVbOo\" target=\"_blank\" rel=\"noopener noreferrer\">FUNCIONES 3<\/a><\/td>\n<\/tr>\n<tr style=\"height: 75px\">\n<td style=\"width: 25%;height: 71px;border-style: solid;border-color: #000000;vertical-align: middle;text-align: center\"><a href=\"https:\/\/youtu.be\/jRVNCKb_hVQ\" target=\"_blank\" rel=\"noopener noreferrer\">FUNCIONES 4<\/a><\/td>\n<td style=\"width: 25%;height: 71px;border-style: solid;border-color: #000000;vertical-align: middle;text-align: center\"><a href=\"https:\/\/youtu.be\/sBy1uHWpBxI\" target=\"_blank\" rel=\"noopener noreferrer\">FUNCIONES 5<\/a><\/td>\n<td style=\"width: 25%;height: 71px;border-style: solid;border-color: #000000;vertical-align: middle;text-align: center\">&nbsp;<\/td>\n<\/tr>\n<\/tbody>\n<\/table>\n<p>En esta p\u00e1gina podr\u00e1s encontrar explicaciones de la UNIDAD 7.<\/p>\n","protected":false},"excerpt":{"rendered":"<p>LISTA DE REPRODUCCI\u00d3N COMPLETA FUNCIONES 1 FUNCIONES 2 FUNCIONES 3 FUNCIONES 4 FUNCIONES 5 &nbsp; En esta p\u00e1gina podr\u00e1s encontrar explicaciones de la UNIDAD 7.<\/p>\n","protected":false},"author":11624,"featured_media":0,"parent":0,"menu_order":0,"comment_status":"closed","ping_status":"closed","template":"","meta":{"ngg_post_thumbnail":0,"footnotes":""},"aioseo_notices":[],"_links":{"self":[{"href":"https:\/\/blogsaverroes.juntadeandalucia.es\/espa2\/wp-json\/wp\/v2\/pages\/374"}],"collection":[{"href":"https:\/\/blogsaverroes.juntadeandalucia.es\/espa2\/wp-json\/wp\/v2\/pages"}],"about":[{"href":"https:\/\/blogsaverroes.juntadeandalucia.es\/espa2\/wp-json\/wp\/v2\/types\/page"}],"author":[{"embeddable":true,"href":"https:\/\/blogsaverroes.juntadeandalucia.es\/espa2\/wp-json\/wp\/v2\/users\/11624"}],"replies":[{"embeddable":true,"href":"https:\/\/blogsaverroes.juntadeandalucia.es\/espa2\/wp-json\/wp\/v2\/comments?post=374"}],"version-history":[{"count":6,"href":"https:\/\/blogsaverroes.juntadeandalucia.es\/espa2\/wp-json\/wp\/v2\/pages\/374\/revisions"}],"predecessor-version":[{"id":380,"href":"https:\/\/blogsaverroes.juntadeandalucia.es\/espa2\/wp-json\/wp\/v2\/pages\/374\/revisions\/380"}],"wp:attachment":[{"href":"https:\/\/blogsaverroes.juntadeandalucia.es\/espa2\/wp-json\/wp\/v2\/media?parent=374"}],"curies":[{"name":"wp","href":"https:\/\/api.w.org\/{rel}","templated":true}]}}