{"id":101,"date":"2024-04-17T13:12:01","date_gmt":"2024-04-17T13:12:01","guid":{"rendered":"https:\/\/blogsaverroes.juntadeandalucia.es\/espaciotiempo\/?page_id=101"},"modified":"2024-04-17T13:12:20","modified_gmt":"2024-04-17T13:12:20","slug":"recursos","status":"publish","type":"page","link":"https:\/\/blogsaverroes.juntadeandalucia.es\/espaciotiempo\/recursos\/","title":{"rendered":"Recursos Did\u00e1cticos"},"content":{"rendered":"<p>En esta p\u00e1gina encontrar\u00e1s diferentes recursos did\u00e1cticos que he ido elaborando.<\/p>\n","protected":false},"excerpt":{"rendered":"<p>En esta p\u00e1gina encontrar\u00e1s diferentes recursos did\u00e1cticos que he ido elaborando.<\/p>\n","protected":false},"author":18664,"featured_media":0,"parent":0,"menu_order":0,"comment_status":"closed","ping_status":"closed","template":"","meta":{"ngg_post_thumbnail":0,"footnotes":""},"aioseo_notices":[],"_links":{"self":[{"href":"https:\/\/blogsaverroes.juntadeandalucia.es\/espaciotiempo\/wp-json\/wp\/v2\/pages\/101"}],"collection":[{"href":"https:\/\/blogsaverroes.juntadeandalucia.es\/espaciotiempo\/wp-json\/wp\/v2\/pages"}],"about":[{"href":"https:\/\/blogsaverroes.juntadeandalucia.es\/espaciotiempo\/wp-json\/wp\/v2\/types\/page"}],"author":[{"embeddable":true,"href":"https:\/\/blogsaverroes.juntadeandalucia.es\/espaciotiempo\/wp-json\/wp\/v2\/users\/18664"}],"replies":[{"embeddable":true,"href":"https:\/\/blogsaverroes.juntadeandalucia.es\/espaciotiempo\/wp-json\/wp\/v2\/comments?post=101"}],"version-history":[{"count":2,"href":"https:\/\/blogsaverroes.juntadeandalucia.es\/espaciotiempo\/wp-json\/wp\/v2\/pages\/101\/revisions"}],"predecessor-version":[{"id":103,"href":"https:\/\/blogsaverroes.juntadeandalucia.es\/espaciotiempo\/wp-json\/wp\/v2\/pages\/101\/revisions\/103"}],"wp:attachment":[{"href":"https:\/\/blogsaverroes.juntadeandalucia.es\/espaciotiempo\/wp-json\/wp\/v2\/media?parent=101"}],"curies":[{"name":"wp","href":"https:\/\/api.w.org\/{rel}","templated":true}]}}