{"id":108,"date":"2024-04-17T13:18:21","date_gmt":"2024-04-17T13:18:21","guid":{"rendered":"https:\/\/blogsaverroes.juntadeandalucia.es\/espaciotiempo\/?page_id=108"},"modified":"2024-04-17T13:18:21","modified_gmt":"2024-04-17T13:18:21","slug":"documentales","status":"publish","type":"page","link":"https:\/\/blogsaverroes.juntadeandalucia.es\/espaciotiempo\/recursos\/documentales\/","title":{"rendered":"Documentales"},"content":{"rendered":"<p><strong>Historia de Espa\u00f1a&nbsp;<\/strong><\/p>\n<p><strong>Edad Media <\/strong><\/p>\n<p><strong><a href=\"https:\/\/www.netflix.com\/es\/title\/81634721?s=a&amp;trkid=13747225&amp;trg=cp&amp;vlang=es&amp;clip=\">Comuneros (DOCUMENTAL)<\/a><\/strong><\/p>\n<p><strong>La Guerra Civil en Andaluc\u00eda (DOCUMENTAL)<br \/>\n<\/strong><a href=\"https:\/\/www.canalsur.es\/documentales-andaluces-la-guerra-civil-en-andalucia\/920603.html\">Noticia de Canal Sur Televisi\u00f3n<\/a><br \/>\n<a href=\"https:\/\/www.youtube.com\/watch?v=VqoNTjWZmxc&amp;list=PLhkDsDY72xh2V2il_xD3y1AoKuMVd-27T&amp;index=2\">Documental por Cap\u00edtulos en Youtube<\/a><strong><br \/>\n<\/strong><\/p>\n<p><a href=\"https:\/\/www.rtve.es\/play\/videos\/la-transicion\/\"><strong>La Transici\u00f3n (Documental)&nbsp;<\/strong><\/a><\/p>\n","protected":false},"excerpt":{"rendered":"<p>Historia de Espa\u00f1a&nbsp; Edad Media Comuneros (DOCUMENTAL) La Guerra Civil en Andaluc\u00eda (DOCUMENTAL) Noticia de Canal Sur Televisi\u00f3n Documental por Cap\u00edtulos en Youtube La Transici\u00f3n (Documental)&nbsp;<\/p>\n","protected":false},"author":18664,"featured_media":0,"parent":101,"menu_order":0,"comment_status":"closed","ping_status":"closed","template":"","meta":{"ngg_post_thumbnail":0,"footnotes":""},"aioseo_notices":[],"_links":{"self":[{"href":"https:\/\/blogsaverroes.juntadeandalucia.es\/espaciotiempo\/wp-json\/wp\/v2\/pages\/108"}],"collection":[{"href":"https:\/\/blogsaverroes.juntadeandalucia.es\/espaciotiempo\/wp-json\/wp\/v2\/pages"}],"about":[{"href":"https:\/\/blogsaverroes.juntadeandalucia.es\/espaciotiempo\/wp-json\/wp\/v2\/types\/page"}],"author":[{"embeddable":true,"href":"https:\/\/blogsaverroes.juntadeandalucia.es\/espaciotiempo\/wp-json\/wp\/v2\/users\/18664"}],"replies":[{"embeddable":true,"href":"https:\/\/blogsaverroes.juntadeandalucia.es\/espaciotiempo\/wp-json\/wp\/v2\/comments?post=108"}],"version-history":[{"count":1,"href":"https:\/\/blogsaverroes.juntadeandalucia.es\/espaciotiempo\/wp-json\/wp\/v2\/pages\/108\/revisions"}],"predecessor-version":[{"id":109,"href":"https:\/\/blogsaverroes.juntadeandalucia.es\/espaciotiempo\/wp-json\/wp\/v2\/pages\/108\/revisions\/109"}],"up":[{"embeddable":true,"href":"https:\/\/blogsaverroes.juntadeandalucia.es\/espaciotiempo\/wp-json\/wp\/v2\/pages\/101"}],"wp:attachment":[{"href":"https:\/\/blogsaverroes.juntadeandalucia.es\/espaciotiempo\/wp-json\/wp\/v2\/media?parent=108"}],"curies":[{"name":"wp","href":"https:\/\/api.w.org\/{rel}","templated":true}]}}