{"id":116,"date":"2024-04-17T13:36:26","date_gmt":"2024-04-17T13:36:26","guid":{"rendered":"https:\/\/blogsaverroes.juntadeandalucia.es\/espaciotiempo\/?page_id=116"},"modified":"2024-04-17T13:36:26","modified_gmt":"2024-04-17T13:36:26","slug":"documentales-historia-de-espana-s-xix","status":"publish","type":"page","link":"https:\/\/blogsaverroes.juntadeandalucia.es\/espaciotiempo\/recursos\/documentales\/documentales-historia-de-espana-s-xix\/","title":{"rendered":"Documentales Historia de Espa\u00f1a s. XIX"},"content":{"rendered":"<div><strong>RECOPILACI\u00d3N DE DOCUMENTALES Y VIDEOS CORTOS REALIZADA POR <a href=\"https:\/\/www.profesorfrancisco.es\/2022\/01\/videos-construccion-estado-liberal.html\">PROFESOR FRANCISCO<\/a><\/strong><\/div>\n<div>\n<ul>\n<li><a href=\"https:\/\/youtu.be\/_Hn4loVyBp0\" target=\"_blank\" rel=\"noopener\">Documental del la colecci\u00f3n \u00abNueva Historia de Espa\u00f1a\u00bb sobre la historia de Espa\u00f1a en los a\u00f1os centrales del siglo XIX<br \/>\n(32 minutos).<\/a><\/li>\n<li><a href=\"https:\/\/youtu.be\/wgzhZ9llYeQ\">Documental sobre la Guerra de Cuba y la derrota espa\u00f1ola<br \/>\n(56 minutos)&nbsp;<\/a><\/li>\n<li><u><a href=\"https:\/\/youtu.be\/hnoVMhoe1xY\" target=\"_blank\" rel=\"nofollow noopener\">Jos\u00e9 Antonio Lucero en la Cuna de Halicarnso sobre la Construcci\u00f3n del Estado liberal<br \/>\n(16 minutos).<\/a><\/u><\/li>\n<li><a href=\"https:\/\/www.youtube.com\/watch?v=nQRTjp1s800\" target=\"_blank\" rel=\"nofollow noopener\">Fernando VII&nbsp;<\/a>en Memoria de Espa\u00f1a de RTVE<br \/>\n(14 minutos)<\/li>\n<li><a href=\"https:\/\/www.youtube.com\/watch?v=8W1Q4snUfk0\" target=\"_blank\" rel=\"nofollow noopener\">Sexenio Democr\u00e1tico&nbsp;<\/a>en Memoria de Espa\u00f1a de RTVE<br \/>\n(17 minutos)<\/li>\n<li><u><a href=\"https:\/\/youtu.be\/2u6GeD7Go78\" target=\"_blank\" rel=\"nofollow noopener\">Jos\u00e9 Antonio Lucero en la Cuna de Halicarnaso de Fernando VII al Sexenio<br \/>\n(16 minutos)<\/a><\/u><\/li>\n<li><u><a href=\"https:\/\/www.youtube.com\/watch?v=MGL3ukFsU18\" target=\"_blank\" rel=\"nofollow noopener\">Resumen en v\u00eddeo de este tema y el anterior en Artehistoria<\/a>&nbsp;<br \/>\n(6 minutos)<\/u><\/li>\n<li><a href=\"https:\/\/www.youtube.com\/watch?v=w9vcArPDf10&amp;feature=youtu.be\" target=\"_blank\" rel=\"nofollow noopener\">Resumen del Sexenio Revolucionario al estilo de practicopedia<br \/>\n(3 minutos)<\/a><\/li>\n<li>\n<h4><span style=\"font-size: 12pt\"><i>Memoria de Espa\u00f1a&nbsp;<\/i>(RTVE). Todos los documentales de esta serie est\u00e1n disponibles&nbsp;<a href=\"http:\/\/www.rtve.es\/alacarta\/videos\/memoria-de-espana\/\" target=\"_blank\" rel=\"nofollow noopener\">en este enlace<\/a>. Por ejemplo&nbsp;<a href=\"https:\/\/www.rtve.es\/play\/videos\/memoria-de-espana\/memoria-espana-senda-liberal\/3290182\/\" target=\"_blank\" rel=\"nofollow noopener\">este&nbsp;<\/a>sobre la 1\u00aa Guerra carlista y las regencias o este de&nbsp;<a href=\"https:\/\/www.rtve.es\/play\/videos\/memoria-de-espana\/memoria-espana-viva-espana-honra\/3293548\/\" target=\"_blank\" rel=\"nofollow noopener\">Isabel II y el Sexenio democr\u00e1tico<\/a>.&nbsp;<\/span><\/h4>\n<\/li>\n<\/ul>\n<\/div>\n","protected":false},"excerpt":{"rendered":"<p>RECOPILACI\u00d3N DE DOCUMENTALES Y VIDEOS CORTOS REALIZADA POR PROFESOR FRANCISCO Documental del la colecci\u00f3n \u00abNueva Historia de Espa\u00f1a\u00bb sobre la historia de Espa\u00f1a en los a\u00f1os centrales del siglo XIX (32 minutos). Documental sobre la Guerra de Cuba y la derrota espa\u00f1ola (56 minutos)&nbsp; Jos\u00e9 Antonio Lucero en la Cuna de Halicarnso sobre la Construcci\u00f3n &hellip; <a href=\"https:\/\/blogsaverroes.juntadeandalucia.es\/espaciotiempo\/recursos\/documentales\/documentales-historia-de-espana-s-xix\/\" class=\"more-link\">Seguir leyendo <span class=\"screen-reader-text\">Documentales Historia de Espa\u00f1a s. XIX<\/span> <span class=\"meta-nav\">&rarr;<\/span><\/a><\/p>\n","protected":false},"author":18664,"featured_media":0,"parent":108,"menu_order":0,"comment_status":"closed","ping_status":"closed","template":"","meta":{"ngg_post_thumbnail":0,"footnotes":""},"aioseo_notices":[],"_links":{"self":[{"href":"https:\/\/blogsaverroes.juntadeandalucia.es\/espaciotiempo\/wp-json\/wp\/v2\/pages\/116"}],"collection":[{"href":"https:\/\/blogsaverroes.juntadeandalucia.es\/espaciotiempo\/wp-json\/wp\/v2\/pages"}],"about":[{"href":"https:\/\/blogsaverroes.juntadeandalucia.es\/espaciotiempo\/wp-json\/wp\/v2\/types\/page"}],"author":[{"embeddable":true,"href":"https:\/\/blogsaverroes.juntadeandalucia.es\/espaciotiempo\/wp-json\/wp\/v2\/users\/18664"}],"replies":[{"embeddable":true,"href":"https:\/\/blogsaverroes.juntadeandalucia.es\/espaciotiempo\/wp-json\/wp\/v2\/comments?post=116"}],"version-history":[{"count":1,"href":"https:\/\/blogsaverroes.juntadeandalucia.es\/espaciotiempo\/wp-json\/wp\/v2\/pages\/116\/revisions"}],"predecessor-version":[{"id":117,"href":"https:\/\/blogsaverroes.juntadeandalucia.es\/espaciotiempo\/wp-json\/wp\/v2\/pages\/116\/revisions\/117"}],"up":[{"embeddable":true,"href":"https:\/\/blogsaverroes.juntadeandalucia.es\/espaciotiempo\/wp-json\/wp\/v2\/pages\/108"}],"wp:attachment":[{"href":"https:\/\/blogsaverroes.juntadeandalucia.es\/espaciotiempo\/wp-json\/wp\/v2\/media?parent=116"}],"curies":[{"name":"wp","href":"https:\/\/api.w.org\/{rel}","templated":true}]}}