{"id":76,"date":"2024-03-30T18:06:16","date_gmt":"2024-03-30T18:06:16","guid":{"rendered":"https:\/\/blogsaverroes.juntadeandalucia.es\/espaciotiempo\/?page_id=76"},"modified":"2024-03-30T19:22:02","modified_gmt":"2024-03-30T19:22:02","slug":"herramientas-o-aplicaciones","status":"publish","type":"page","link":"https:\/\/blogsaverroes.juntadeandalucia.es\/espaciotiempo\/inteligencia-artificial\/herramientas-o-aplicaciones\/","title":{"rendered":"Herramientas Aplicaciones"},"content":{"rendered":"<p>A continuaci\u00f3n se plantean algunas caracter\u00edsticas y aplicaciones de determinadas herramientas de IA que podemos utilizar en el proceso de ense\u00f1anza y aprendizaje.&nbsp;<\/p>\n<p><a href=\"https:\/\/edpuzzle.com\/discover\"><strong>Edpuzzle: Aprendizaje Interactivo a Trav\u00e9s del V\u00eddeo<\/strong><\/a><\/p>\n<p>Edpuzzle es una plataforma educativa que utiliza la IA para crear experiencias de aprendizaje interactivas a partir de v\u00eddeos. \u00bfC\u00f3mo funciona? Los profesores pueden seleccionar v\u00eddeos educativos y agregarles capas de preguntas, comentarios y notas para involucrar a los estudiantes de manera activa durante la reproducci\u00f3n. La IA de Edpuzzle proporciona an\u00e1lisis detallados sobre el progreso y la participaci\u00f3n de los estudiantes, permitiendo a los docentes adaptar su ense\u00f1anza de manera m\u00e1s efectiva.<\/p>\n<p><span style=\"text-decoration: underline\"><span style=\"text-decoration: underline\">A<\/span>plicaciones Clave:<\/span><br \/>\n&#8211; Mejora la comprensi\u00f3n de los estudiantes al combinar la visualizaci\u00f3n de v\u00eddeos con la interacci\u00f3n activa.<br \/>\n&#8211; Proporciona retroalimentaci\u00f3n instant\u00e1nea y an\u00e1lisis de datos para guiar la instrucci\u00f3n personalizada.<br \/>\n&#8211; Fomenta la participaci\u00f3n y el compromiso de los estudiantes a trav\u00e9s de actividades multimedia.<\/p>\n<p><a href=\"https:\/\/app.algoreducation.com\/\"><strong>Algor Education: Programaci\u00f3n Educativa Basada en IA<\/strong><\/a><\/p>\n<p>Algor Education es una herramienta innovadora que introduce a los estudiantes en el mundo de la programaci\u00f3n a trav\u00e9s de la IA. Esta plataforma utiliza algoritmos de aprendizaje autom\u00e1tico para adaptar el contenido y los desaf\u00edos de programaci\u00f3n seg\u00fan el nivel de habilidad y el progreso individual de cada estudiante. Desde principiantes hasta expertos, Algor Education ofrece un entorno de aprendizaje inclusivo y estimulante para desarrollar habilidades de pensamiento computacional y resoluci\u00f3n de problemas.<\/p>\n<p><span style=\"text-decoration: underline\">Aplicaciones Clave:<\/span><br \/>\n&#8211; Facilita el aprendizaje de la programaci\u00f3n mediante la adaptaci\u00f3n inteligente del contenido y los desaf\u00edos.<br \/>\n&#8211; Promueve la autonom\u00eda y la autoeficacia al permitir que los estudiantes avancen a su propio ritmo.<br \/>\n&#8211; Proporciona retroalimentaci\u00f3n instant\u00e1nea y evaluaciones personalizadas para apoyar el crecimiento y el desarrollo individual.<\/p>\n<p><a href=\"https:\/\/chat.openai.com\/\"><strong>Chat GPT: Asistente Virtual para la Ense\u00f1anza Personalizada<\/strong><\/a><\/p>\n<p>Chat GPT, como el que est\u00e1s experimentando ahora mismo, es un ejemplo de IA aplicada a la comunicaci\u00f3n y la interacci\u00f3n personalizada. Esta tecnolog\u00eda de procesamiento del lenguaje natural puede ser utilizada en entornos educativos como un asistente virtual para proporcionar respuestas a preguntas, explicaciones conceptuales y gu\u00eda de estudio. Los docentes pueden integrar Chat GPT en sus clases para ofrecer soporte individualizado y enriquecer la experiencia de aprendizaje de los estudiantes.<\/p>\n<p><span style=\"text-decoration: underline\">Aplicaciones Clave:<\/span><br \/>\n&#8211; Brinda respuestas instant\u00e1neas a preguntas y consultas de los estudiantes en cualquier momento y lugar.<br \/>\n&#8211; Ofrece explicaciones detalladas y ejemplos contextualizados para facilitar la comprensi\u00f3n de los conceptos.<br \/>\n&#8211; Fomenta la exploraci\u00f3n y el descubrimiento a trav\u00e9s de conversaciones interactivas y din\u00e1micas.<\/p>\n<p><strong><a href=\"https:\/\/app.magicschool.ai\/\">Magic School<\/a><\/strong><\/p>\n<p>Magic School es una plataforma educativa revolucionaria que combina la magia de la tecnolog\u00eda con el arte de ense\u00f1ar. Alimentada por algoritmos avanzados de Inteligencia Artificial, esta herramienta ofrece una experiencia de aprendizaje \u00fanica, interactiva y altamente personalizada para estudiantes de todas las edades y niveles de habilidad.<\/p>\n<p><span style=\"text-decoration: underline\">Aplicaciones clave:<br \/>\n<\/span>&#8211; Aprendizaje Adaptativo: La IA de Magic School personaliza el plan de estudios seg\u00fan el progreso y preferencias de cada estudiante, maximizando el aprendizaje individualizado.<br \/>\n&#8211; Realidad Aumentada: Magic School utiliza realidad aumentada para hacer que los conceptos abstractos cobren vida, permitiendo a los estudiantes interactuar con objetos virtuales en su entorno f\u00edsico.<br \/>\n&#8211; Simulaciones Inmersivas: Ofrece experiencias inmersivas que transportan a los estudiantes a diferentes escenarios, desde explorar el cuerpo humano en 3D hasta viajar en el tiempo a eventos hist\u00f3ricos.<br \/>\n&#8211; Tutores Virtuales Inteligentes: Los tutores virtuales alimentados por IA proporcionan orientaci\u00f3n personalizada, retroalimentaci\u00f3n instant\u00e1nea y explicaciones detalladas en tiempo real para los estudiantes.<\/p>\n","protected":false},"excerpt":{"rendered":"<p>A continuaci\u00f3n se plantean algunas caracter\u00edsticas y aplicaciones de determinadas herramientas de IA que podemos utilizar en el proceso de ense\u00f1anza y aprendizaje.&nbsp; Edpuzzle: Aprendizaje Interactivo a Trav\u00e9s del V\u00eddeo Edpuzzle es una plataforma educativa que utiliza la IA para crear experiencias de aprendizaje interactivas a partir de v\u00eddeos. \u00bfC\u00f3mo funciona? Los profesores pueden seleccionar &hellip; <a href=\"https:\/\/blogsaverroes.juntadeandalucia.es\/espaciotiempo\/inteligencia-artificial\/herramientas-o-aplicaciones\/\" class=\"more-link\">Seguir leyendo <span class=\"screen-reader-text\">Herramientas Aplicaciones<\/span> <span class=\"meta-nav\">&rarr;<\/span><\/a><\/p>\n","protected":false},"author":18664,"featured_media":0,"parent":81,"menu_order":0,"comment_status":"closed","ping_status":"closed","template":"","meta":{"ngg_post_thumbnail":0,"footnotes":""},"aioseo_notices":[],"_links":{"self":[{"href":"https:\/\/blogsaverroes.juntadeandalucia.es\/espaciotiempo\/wp-json\/wp\/v2\/pages\/76"}],"collection":[{"href":"https:\/\/blogsaverroes.juntadeandalucia.es\/espaciotiempo\/wp-json\/wp\/v2\/pages"}],"about":[{"href":"https:\/\/blogsaverroes.juntadeandalucia.es\/espaciotiempo\/wp-json\/wp\/v2\/types\/page"}],"author":[{"embeddable":true,"href":"https:\/\/blogsaverroes.juntadeandalucia.es\/espaciotiempo\/wp-json\/wp\/v2\/users\/18664"}],"replies":[{"embeddable":true,"href":"https:\/\/blogsaverroes.juntadeandalucia.es\/espaciotiempo\/wp-json\/wp\/v2\/comments?post=76"}],"version-history":[{"count":5,"href":"https:\/\/blogsaverroes.juntadeandalucia.es\/espaciotiempo\/wp-json\/wp\/v2\/pages\/76\/revisions"}],"predecessor-version":[{"id":89,"href":"https:\/\/blogsaverroes.juntadeandalucia.es\/espaciotiempo\/wp-json\/wp\/v2\/pages\/76\/revisions\/89"}],"up":[{"embeddable":true,"href":"https:\/\/blogsaverroes.juntadeandalucia.es\/espaciotiempo\/wp-json\/wp\/v2\/pages\/81"}],"wp:attachment":[{"href":"https:\/\/blogsaverroes.juntadeandalucia.es\/espaciotiempo\/wp-json\/wp\/v2\/media?parent=76"}],"curies":[{"name":"wp","href":"https:\/\/api.w.org\/{rel}","templated":true}]}}