{"id":262,"date":"2025-06-06T01:42:46","date_gmt":"2025-06-05T23:42:46","guid":{"rendered":"https:\/\/blogsaverroes.juntadeandalucia.es\/etpgranada\/?page_id=262"},"modified":"2025-06-06T01:42:46","modified_gmt":"2025-06-05T23:42:46","slug":"reuniones-coordinacion-eoes","status":"publish","type":"page","link":"https:\/\/blogsaverroes.juntadeandalucia.es\/etpgranada\/reuniones-coordinacion-eoes\/","title":{"rendered":"REUNIONES COORDINACI\u00d3N EOEs"},"content":{"rendered":"<p><strong>REUNI\u00d3N COORDINACI\u00d3N 05\/06\/2025<\/strong><\/p>\n<p>CEP de granada<\/p>\n<p><img loading=\"lazy\" decoding=\"async\" class=\"alignnone size-medium wp-image-263\" src=\"https:\/\/blogsaverroes.juntadeandalucia.es\/etpgranada\/files\/2025\/06\/joSE1-300x169.jpg\" alt=\"\" width=\"300\" height=\"169\" srcset=\"https:\/\/blogsaverroes.juntadeandalucia.es\/etpgranada\/files\/2025\/06\/joSE1-300x169.jpg 300w, https:\/\/blogsaverroes.juntadeandalucia.es\/etpgranada\/files\/2025\/06\/joSE1-1024x576.jpg 1024w, https:\/\/blogsaverroes.juntadeandalucia.es\/etpgranada\/files\/2025\/06\/joSE1-768x432.jpg 768w, https:\/\/blogsaverroes.juntadeandalucia.es\/etpgranada\/files\/2025\/06\/joSE1-1536x864.jpg 1536w, https:\/\/blogsaverroes.juntadeandalucia.es\/etpgranada\/files\/2025\/06\/joSE1.jpg 2048w\" sizes=\"(max-width: 300px) 100vw, 300px\" \/><\/p>\n<p><strong><em>Presentaci\u00f3n informativa<\/em><\/strong> (05\/06\/2025):<\/p>\n<p><img loading=\"lazy\" decoding=\"async\" class=\"alignnone size-medium wp-image-264\" src=\"https:\/\/blogsaverroes.juntadeandalucia.es\/etpgranada\/files\/2025\/06\/0Coordinacion_EOEs_05_05_25_001-300x169.jpg\" alt=\"\" width=\"300\" height=\"169\" srcset=\"https:\/\/blogsaverroes.juntadeandalucia.es\/etpgranada\/files\/2025\/06\/0Coordinacion_EOEs_05_05_25_001-300x169.jpg 300w, https:\/\/blogsaverroes.juntadeandalucia.es\/etpgranada\/files\/2025\/06\/0Coordinacion_EOEs_05_05_25_001-1024x576.jpg 1024w, https:\/\/blogsaverroes.juntadeandalucia.es\/etpgranada\/files\/2025\/06\/0Coordinacion_EOEs_05_05_25_001-768x432.jpg 768w, https:\/\/blogsaverroes.juntadeandalucia.es\/etpgranada\/files\/2025\/06\/0Coordinacion_EOEs_05_05_25_001.jpg 1440w\" sizes=\"(max-width: 300px) 100vw, 300px\" \/><\/p>\n<p><a href=\"https:\/\/drive.google.com\/file\/d\/1jxe_oBVOmKQ5cJoSR3i4K-mko_-zuePf\/view?usp=sharing\">https:\/\/drive.google.com\/file\/d\/1jxe_oBVOmKQ5cJoSR3i4K-mko_-zuePf\/view?usp=sharing<\/a><\/p>\n<p>&nbsp;<\/p>\n<p>&nbsp;<\/p>\n<p>&nbsp;<\/p>\n<p>&nbsp;<\/p>\n<p>&nbsp;<\/p>\n<p>&nbsp;<\/p>\n","protected":false},"excerpt":{"rendered":"<p>REUNI\u00d3N COORDINACI\u00d3N 05\/06\/2025 CEP de granada Presentaci\u00f3n informativa (05\/06\/2025): https:\/\/drive.google.com\/file\/d\/1jxe_oBVOmKQ5cJoSR3i4K-mko_-zuePf\/view?usp=sharing &nbsp; &nbsp; &nbsp; &nbsp; &nbsp; &nbsp;<\/p>\n","protected":false},"author":19844,"featured_media":0,"parent":0,"menu_order":0,"comment_status":"closed","ping_status":"closed","template":"","meta":{"footnotes":""},"aioseo_notices":[],"_links":{"self":[{"href":"https:\/\/blogsaverroes.juntadeandalucia.es\/etpgranada\/wp-json\/wp\/v2\/pages\/262"}],"collection":[{"href":"https:\/\/blogsaverroes.juntadeandalucia.es\/etpgranada\/wp-json\/wp\/v2\/pages"}],"about":[{"href":"https:\/\/blogsaverroes.juntadeandalucia.es\/etpgranada\/wp-json\/wp\/v2\/types\/page"}],"author":[{"embeddable":true,"href":"https:\/\/blogsaverroes.juntadeandalucia.es\/etpgranada\/wp-json\/wp\/v2\/users\/19844"}],"replies":[{"embeddable":true,"href":"https:\/\/blogsaverroes.juntadeandalucia.es\/etpgranada\/wp-json\/wp\/v2\/comments?post=262"}],"version-history":[{"count":1,"href":"https:\/\/blogsaverroes.juntadeandalucia.es\/etpgranada\/wp-json\/wp\/v2\/pages\/262\/revisions"}],"predecessor-version":[{"id":266,"href":"https:\/\/blogsaverroes.juntadeandalucia.es\/etpgranada\/wp-json\/wp\/v2\/pages\/262\/revisions\/266"}],"wp:attachment":[{"href":"https:\/\/blogsaverroes.juntadeandalucia.es\/etpgranada\/wp-json\/wp\/v2\/media?parent=262"}],"curies":[{"name":"wp","href":"https:\/\/api.w.org\/{rel}","templated":true}]}}