{"id":285,"date":"2025-06-10T02:38:59","date_gmt":"2025-06-10T00:38:59","guid":{"rendered":"https:\/\/blogsaverroes.juntadeandalucia.es\/etpgranada\/?page_id=285"},"modified":"2025-06-10T02:52:32","modified_gmt":"2025-06-10T00:52:32","slug":"programas-compensacion-educativa","status":"publish","type":"page","link":"https:\/\/blogsaverroes.juntadeandalucia.es\/etpgranada\/programas-compensacion-educativa\/","title":{"rendered":"Programas Compensaci\u00f3n Educativa"},"content":{"rendered":"<p><img loading=\"lazy\" decoding=\"async\" class=\"alignnone wp-image-286 size-full\" src=\"https:\/\/blogsaverroes.juntadeandalucia.es\/etpgranada\/files\/2025\/06\/descarga-1.png\" alt=\"\" width=\"444\" height=\"113\" srcset=\"https:\/\/blogsaverroes.juntadeandalucia.es\/etpgranada\/files\/2025\/06\/descarga-1.png 444w, https:\/\/blogsaverroes.juntadeandalucia.es\/etpgranada\/files\/2025\/06\/descarga-1-300x76.png 300w\" sizes=\"(max-width: 444px) 100vw, 444px\" \/><\/p>\n<p><em><strong>Programa de atenci\u00f3n socioeducativa en Zonas de Transformaci\u00f3n Social<\/strong><\/em> (ZTS):<\/p>\n<p><a href=\"https:\/\/www.adideandalucia.es\/normas\/resoluc\/Resolucion28mayo2025programaAtencionSocioeducativa.pdf\">https:\/\/www.adideandalucia.es\/normas\/resoluc\/Resolucion28mayo2025programaAtencionSocioeducativa.pdf<\/a><\/p>\n<p><em><strong>Aulas Temporales de Adaptaci\u00f3n Ling\u00fc\u00edstica:<\/strong><\/em><\/p>\n<p><a href=\"https:\/\/www.adideandalucia.es\/normas\/ordenes\/Orden%2015-1-2007%20Inmigrantes%20ATAL.pdf\">https:\/\/www.adideandalucia.es\/normas\/ordenes\/Orden%2015-1-2007%20Inmigrantes%20ATAL.pdf<\/a><\/p>\n<p><em><strong>Aulas hospitalarias:<\/strong><\/em><\/p>\n<p><a href=\"https:\/\/www.adideandalucia.es\/normas\/instruc\/Instrucciones28junio2024AulasHospitalarias.pdf\">https:\/\/www.adideandalucia.es\/normas\/instruc\/Instrucciones28junio2024AulasHospitalarias.pdf<\/a><\/p>\n<p><strong><em>Atenci\u00f3n Educativa domiciliaria:<\/em><\/strong><\/p>\n<p><a href=\"https:\/\/www.adideandalucia.es\/normas\/instruc\/Instruc14nov2014AtencionDomiciliaria.pdf\">https:\/\/www.adideandalucia.es\/normas\/instruc\/Instruc14nov2014AtencionDomiciliaria.pdf<\/a><\/p>\n<p>&nbsp;<\/p>\n","protected":false},"excerpt":{"rendered":"<p>Programa de atenci\u00f3n socioeducativa en Zonas de Transformaci\u00f3n Social (ZTS): https:\/\/www.adideandalucia.es\/normas\/resoluc\/Resolucion28mayo2025programaAtencionSocioeducativa.pdf Aulas Temporales de Adaptaci\u00f3n Ling\u00fc\u00edstica: https:\/\/www.adideandalucia.es\/normas\/ordenes\/Orden%2015-1-2007%20Inmigrantes%20ATAL.pdf Aulas hospitalarias: https:\/\/www.adideandalucia.es\/normas\/instruc\/Instrucciones28junio2024AulasHospitalarias.pdf Atenci\u00f3n Educativa domiciliaria: https:\/\/www.adideandalucia.es\/normas\/instruc\/Instruc14nov2014AtencionDomiciliaria.pdf &nbsp;<\/p>\n","protected":false},"author":19844,"featured_media":0,"parent":0,"menu_order":0,"comment_status":"closed","ping_status":"closed","template":"","meta":{"footnotes":""},"aioseo_notices":[],"_links":{"self":[{"href":"https:\/\/blogsaverroes.juntadeandalucia.es\/etpgranada\/wp-json\/wp\/v2\/pages\/285"}],"collection":[{"href":"https:\/\/blogsaverroes.juntadeandalucia.es\/etpgranada\/wp-json\/wp\/v2\/pages"}],"about":[{"href":"https:\/\/blogsaverroes.juntadeandalucia.es\/etpgranada\/wp-json\/wp\/v2\/types\/page"}],"author":[{"embeddable":true,"href":"https:\/\/blogsaverroes.juntadeandalucia.es\/etpgranada\/wp-json\/wp\/v2\/users\/19844"}],"replies":[{"embeddable":true,"href":"https:\/\/blogsaverroes.juntadeandalucia.es\/etpgranada\/wp-json\/wp\/v2\/comments?post=285"}],"version-history":[{"count":4,"href":"https:\/\/blogsaverroes.juntadeandalucia.es\/etpgranada\/wp-json\/wp\/v2\/pages\/285\/revisions"}],"predecessor-version":[{"id":292,"href":"https:\/\/blogsaverroes.juntadeandalucia.es\/etpgranada\/wp-json\/wp\/v2\/pages\/285\/revisions\/292"}],"wp:attachment":[{"href":"https:\/\/blogsaverroes.juntadeandalucia.es\/etpgranada\/wp-json\/wp\/v2\/media?parent=285"}],"curies":[{"name":"wp","href":"https:\/\/api.w.org\/{rel}","templated":true}]}}