{"id":55,"date":"2025-05-13T02:12:49","date_gmt":"2025-05-13T00:12:49","guid":{"rendered":"https:\/\/blogsaverroes.juntadeandalucia.es\/etpgranada\/?page_id=55"},"modified":"2025-09-26T09:14:00","modified_gmt":"2025-09-26T07:14:00","slug":"equipo-emocional","status":"publish","type":"page","link":"https:\/\/blogsaverroes.juntadeandalucia.es\/etpgranada\/equipo-emocional\/","title":{"rendered":"EQUIPO EMOCIONAL"},"content":{"rendered":"<p><strong>\ud83e\udde0\ud83d\udc9a Equipo de Bienestar Emocional: Cuidando la salud mental en los centros educativos<\/strong><br \/>\nDesde el Programa de Bienestar Emocional en el \u00e1mbito educativo, trabajamos con el objetivo de f<strong>avorecer el desarrollo integral del alumnado<\/strong>\u00a0desde la perspectiva de la salud mental y emocional. Nuestro prop\u00f3sito es que\u00a0<strong>ni\u00f1os, ni\u00f1as y adolescentes<\/strong>\u00a0cuenten con herramientas para afrontar su d\u00eda a d\u00eda, y que podamos detectar de forma temprana cualquier se\u00f1al de alarma que indique la necesidad de atenci\u00f3n especializada.<\/p>\n<p><strong>\ud83d\udc69\u200d\ud83c\udfeb \u00bfQui\u00e9nes somos?<\/strong><br \/>\nSomos\u00a0<strong>Elena, Silvia y Jordi<\/strong>, tres orientadores que formamos parte del Equipo de Bienestar Emocional en nuestra provincia en el\u00a0<strong>curso 2025-.2026<\/strong>. Juntos, trabajamos para apoyar a la comunidad educativa en todo lo relacionado con la salud mental y el bienestar emocional del alumnado.<\/p>\n<p><strong>\ud83d\udd0d \u00bfQu\u00e9 hacemos?<\/strong><br \/>\nDe forma resumida, estas son nuestras principales funciones:<\/p>\n<ul>\n<li>\n<ul>\n<li><strong>Acompa\u00f1ar al alumnado<\/strong>\u00a0que presenta dificultades emocionales, alteraciones del estado de \u00e1nimo, problemas de regulaci\u00f3n emocional o riesgo por causas relacionadas con la salud mental.<\/li>\n<li><strong>Apoyar al profesorado y a las familias<\/strong>\u00a0mediante formaci\u00f3n espec\u00edfica basada en el buen trato y el respeto a los derechos de la infancia y adolescencia.<\/li>\n<li><strong>Asesorar a los centros educativos<\/strong>\u00a0sobre la aplicaci\u00f3n de protocolos en casos de acoso escolar, ciberacoso, maltrato, ideaci\u00f3n suicida o violencia de g\u00e9nero.<\/li>\n<li><strong>Coordinar con los servicios sanitarios<\/strong>\u00a0para la derivaci\u00f3n y seguimiento del alumnado que necesita atenci\u00f3n especializada.<\/li>\n<li><strong>Colaborar con las personas coordinadoras de bienestar<\/strong>\u00a0de los centros, brindando apoyo, formaci\u00f3n y acompa\u00f1amiento.<\/li>\n<li><strong>Desarrollar actuaciones individualizadas y grupales<\/strong>\u00a0con el alumnado, priorizando siempre la prevenci\u00f3n y el acompa\u00f1amiento emocional.<\/li>\n<li><strong>Fomentar buenas pr\u00e1cticas<\/strong>\u00a0en salud mental dentro de la comunidad educativa.<\/li>\n<li><strong>Evaluar y mejorar<\/strong>\u00a0nuestras intervenciones mediante una programaci\u00f3n anual y la elaboraci\u00f3n de una memoria final de resultados.<\/li>\n<\/ul>\n<\/li>\n<\/ul>\n<p>\ud83e\udd1d\u00a0<strong>Un compromiso con toda la comunidad educativa<\/strong><br \/>\nNuestro trabajo se dirige a todo el\u00a0<strong>ecosistema educativo: alumnado, docentes, familias y equipos directivos<\/strong>. Queremos contribuir a construir entornos seguros, emp\u00e1ticos y saludables que permitan al alumnado desarrollarse con bienestar y plenitud.<\/p>\n<p>Desde el Equipo de Bienestar Emocional, apostamos por una educaci\u00f3n que cuide no solo el conocimiento, sino tambi\u00e9n el coraz\u00f3n.<\/p>\n<p><img loading=\"lazy\" decoding=\"async\" class=\"alignnone wp-image-470 size-full\" src=\"https:\/\/blogsaverroes.juntadeandalucia.es\/etpgranada\/files\/2025\/09\/1758799936687.png\" alt=\"\" width=\"1024\" height=\"490\" srcset=\"https:\/\/blogsaverroes.juntadeandalucia.es\/etpgranada\/files\/2025\/09\/1758799936687.png 1024w, https:\/\/blogsaverroes.juntadeandalucia.es\/etpgranada\/files\/2025\/09\/1758799936687-300x144.png 300w, https:\/\/blogsaverroes.juntadeandalucia.es\/etpgranada\/files\/2025\/09\/1758799936687-768x368.png 768w\" sizes=\"(max-width: 1024px) 100vw, 1024px\" \/><\/p>\n","protected":false},"excerpt":{"rendered":"<p>\ud83e\udde0\ud83d\udc9a Equipo de Bienestar Emocional: Cuidando la salud mental en los centros educativos Desde el Programa de Bienestar Emocional en el \u00e1mbito educativo, trabajamos con el objetivo de favorecer el desarrollo integral del alumnado\u00a0desde&#46;&#46;&#46;<\/p>\n","protected":false},"author":19844,"featured_media":0,"parent":0,"menu_order":0,"comment_status":"closed","ping_status":"closed","template":"","meta":{"footnotes":""},"aioseo_notices":[],"_links":{"self":[{"href":"https:\/\/blogsaverroes.juntadeandalucia.es\/etpgranada\/wp-json\/wp\/v2\/pages\/55"}],"collection":[{"href":"https:\/\/blogsaverroes.juntadeandalucia.es\/etpgranada\/wp-json\/wp\/v2\/pages"}],"about":[{"href":"https:\/\/blogsaverroes.juntadeandalucia.es\/etpgranada\/wp-json\/wp\/v2\/types\/page"}],"author":[{"embeddable":true,"href":"https:\/\/blogsaverroes.juntadeandalucia.es\/etpgranada\/wp-json\/wp\/v2\/users\/19844"}],"replies":[{"embeddable":true,"href":"https:\/\/blogsaverroes.juntadeandalucia.es\/etpgranada\/wp-json\/wp\/v2\/comments?post=55"}],"version-history":[{"count":2,"href":"https:\/\/blogsaverroes.juntadeandalucia.es\/etpgranada\/wp-json\/wp\/v2\/pages\/55\/revisions"}],"predecessor-version":[{"id":473,"href":"https:\/\/blogsaverroes.juntadeandalucia.es\/etpgranada\/wp-json\/wp\/v2\/pages\/55\/revisions\/473"}],"wp:attachment":[{"href":"https:\/\/blogsaverroes.juntadeandalucia.es\/etpgranada\/wp-json\/wp\/v2\/media?parent=55"}],"curies":[{"name":"wp","href":"https:\/\/api.w.org\/{rel}","templated":true}]}}