{"id":551,"date":"2025-11-03T13:35:52","date_gmt":"2025-11-03T12:35:52","guid":{"rendered":"https:\/\/blogsaverroes.juntadeandalucia.es\/etpgranada\/?page_id=551"},"modified":"2025-11-03T13:35:52","modified_gmt":"2025-11-03T12:35:52","slug":"profesionales-medicos-eoe","status":"publish","type":"page","link":"https:\/\/blogsaverroes.juntadeandalucia.es\/etpgranada\/profesionales-medicos-eoe\/","title":{"rendered":"Profesionales M\u00e9dicos EOE"},"content":{"rendered":"<p><img loading=\"lazy\" decoding=\"async\" class=\"wp-image-790 alignright\" src=\"https:\/\/blogsaverroes.juntadeandalucia.es\/etpgranada\/files\/2026\/02\/medico-as-ENFERMERIA-1024x683.png\" alt=\"\" width=\"473\" height=\"315\" srcset=\"https:\/\/blogsaverroes.juntadeandalucia.es\/etpgranada\/files\/2026\/02\/medico-as-ENFERMERIA-1024x683.png 1024w, https:\/\/blogsaverroes.juntadeandalucia.es\/etpgranada\/files\/2026\/02\/medico-as-ENFERMERIA-300x200.png 300w, https:\/\/blogsaverroes.juntadeandalucia.es\/etpgranada\/files\/2026\/02\/medico-as-ENFERMERIA-768x512.png 768w, https:\/\/blogsaverroes.juntadeandalucia.es\/etpgranada\/files\/2026\/02\/medico-as-ENFERMERIA.png 1536w\" sizes=\"(max-width: 473px) 100vw, 473px\" \/><\/p>\n<p>&nbsp;<\/p>\n<p>Actualmente, en la provincia de Granada, disponemos de <strong>cuatro profesionales M\u00e9dicos\/as<\/strong> adscritos a los siguientes EOEs:<\/p>\n<ul>\n<li><strong>EOE Granada-Zaid\u00edn.<\/strong><\/li>\n<li><strong>EOE Albaic\u00edn-Centro.<\/strong><\/li>\n<li><strong>EOE Montefr\u00edo.<\/strong><\/li>\n<li><strong>EOE Loja<\/strong>.<\/li>\n<\/ul>\n<p>&nbsp;<\/p>\n<p><strong>Procedimiento solicitud de intervenci\u00f3n M\u00e9dicos\/as EOE<\/strong>:<\/p>\n<ul>\n<li>Las direcciones de los centros educativos dirigir\u00e1n una <strong>Ventanilla Electr\u00f3nica<\/strong> al <strong>Servicio de Ordenaci\u00f3n Educativa-ETPOEP-Acci\u00f3n Tutorial<\/strong> indicando los <strong>datos del alumnado<\/strong> y por qu\u00e9 es necesaria la intervenci\u00f3n del m\u00e9dico\/a del EOE.<\/li>\n<\/ul>\n<p><span style=\"font-size: 12pt\">Os facilitamos los <strong>datos de contacto de estos profesionales<\/strong> y <strong>coordinadores\/as del EOE<\/strong>:<\/span><\/p>\n<p><iframe loading=\"lazy\" src=\"https:\/\/drive.google.com\/file\/d\/1IK0VF4w42N9gIjXsxpR_lCYboLya50KH\/preview\" width=\"640\" height=\"480\"><\/iframe><\/p>\n","protected":false},"excerpt":{"rendered":"<p>&nbsp; Actualmente, en la provincia de Granada, disponemos de cuatro profesionales M\u00e9dicos\/as adscritos a los siguientes EOEs: EOE Granada-Zaid\u00edn. EOE Albaic\u00edn-Centro. EOE Montefr\u00edo. EOE Loja. &nbsp; Procedimiento solicitud de intervenci\u00f3n M\u00e9dicos\/as EOE: Las direcciones&#46;&#46;&#46;<\/p>\n","protected":false},"author":12581,"featured_media":0,"parent":0,"menu_order":0,"comment_status":"closed","ping_status":"closed","template":"","meta":{"footnotes":""},"aioseo_notices":[],"_links":{"self":[{"href":"https:\/\/blogsaverroes.juntadeandalucia.es\/etpgranada\/wp-json\/wp\/v2\/pages\/551"}],"collection":[{"href":"https:\/\/blogsaverroes.juntadeandalucia.es\/etpgranada\/wp-json\/wp\/v2\/pages"}],"about":[{"href":"https:\/\/blogsaverroes.juntadeandalucia.es\/etpgranada\/wp-json\/wp\/v2\/types\/page"}],"author":[{"embeddable":true,"href":"https:\/\/blogsaverroes.juntadeandalucia.es\/etpgranada\/wp-json\/wp\/v2\/users\/12581"}],"replies":[{"embeddable":true,"href":"https:\/\/blogsaverroes.juntadeandalucia.es\/etpgranada\/wp-json\/wp\/v2\/comments?post=551"}],"version-history":[{"count":4,"href":"https:\/\/blogsaverroes.juntadeandalucia.es\/etpgranada\/wp-json\/wp\/v2\/pages\/551\/revisions"}],"predecessor-version":[{"id":788,"href":"https:\/\/blogsaverroes.juntadeandalucia.es\/etpgranada\/wp-json\/wp\/v2\/pages\/551\/revisions\/788"}],"wp:attachment":[{"href":"https:\/\/blogsaverroes.juntadeandalucia.es\/etpgranada\/wp-json\/wp\/v2\/media?parent=551"}],"curies":[{"name":"wp","href":"https:\/\/api.w.org\/{rel}","templated":true}]}}