{"id":557,"date":"2025-11-03T13:35:53","date_gmt":"2025-11-03T12:35:53","guid":{"rendered":"https:\/\/blogsaverroes.juntadeandalucia.es\/etpgranada\/?page_id=557"},"modified":"2025-11-03T13:35:53","modified_gmt":"2025-11-03T12:35:53","slug":"proyecto-piiisa","status":"publish","type":"page","link":"https:\/\/blogsaverroes.juntadeandalucia.es\/etpgranada\/proyecto-piiisa\/","title":{"rendered":"Proyecto PIIISA"},"content":{"rendered":"<p>En la siguiente <a href=\"https:\/\/piiisa.es\/\">p\u00e1gina<\/a> podr\u00e9is encontrar toda la informaci\u00f3n relativa al desarrollo del Programa PIIISA para este curso 2025-2026<\/p>\n<p>&nbsp;<\/p>\n<p><a href=\"https:\/\/piiisa.es\/\"><img loading=\"lazy\" decoding=\"async\" class=\"aligncenter wp-image-740 size-large\" src=\"https:\/\/blogsaverroes.juntadeandalucia.es\/etpgranada\/files\/2025\/12\/pagina-PIIISA-1024x511.png\" alt=\"\" width=\"1024\" height=\"511\" srcset=\"https:\/\/blogsaverroes.juntadeandalucia.es\/etpgranada\/files\/2025\/12\/pagina-PIIISA-1024x511.png 1024w, https:\/\/blogsaverroes.juntadeandalucia.es\/etpgranada\/files\/2025\/12\/pagina-PIIISA-300x150.png 300w, https:\/\/blogsaverroes.juntadeandalucia.es\/etpgranada\/files\/2025\/12\/pagina-PIIISA-768x383.png 768w, https:\/\/blogsaverroes.juntadeandalucia.es\/etpgranada\/files\/2025\/12\/pagina-PIIISA-1536x767.png 1536w, https:\/\/blogsaverroes.juntadeandalucia.es\/etpgranada\/files\/2025\/12\/pagina-PIIISA.png 1715w\" sizes=\"(max-width: 1024px) 100vw, 1024px\" \/><\/a><\/p>\n","protected":false},"excerpt":{"rendered":"<p>En la siguiente p\u00e1gina podr\u00e9is encontrar toda la informaci\u00f3n relativa al desarrollo del Programa PIIISA para este curso 2025-2026 &nbsp;<\/p>\n","protected":false},"author":12581,"featured_media":0,"parent":0,"menu_order":0,"comment_status":"closed","ping_status":"closed","template":"","meta":{"footnotes":""},"aioseo_notices":[],"_links":{"self":[{"href":"https:\/\/blogsaverroes.juntadeandalucia.es\/etpgranada\/wp-json\/wp\/v2\/pages\/557"}],"collection":[{"href":"https:\/\/blogsaverroes.juntadeandalucia.es\/etpgranada\/wp-json\/wp\/v2\/pages"}],"about":[{"href":"https:\/\/blogsaverroes.juntadeandalucia.es\/etpgranada\/wp-json\/wp\/v2\/types\/page"}],"author":[{"embeddable":true,"href":"https:\/\/blogsaverroes.juntadeandalucia.es\/etpgranada\/wp-json\/wp\/v2\/users\/12581"}],"replies":[{"embeddable":true,"href":"https:\/\/blogsaverroes.juntadeandalucia.es\/etpgranada\/wp-json\/wp\/v2\/comments?post=557"}],"version-history":[{"count":2,"href":"https:\/\/blogsaverroes.juntadeandalucia.es\/etpgranada\/wp-json\/wp\/v2\/pages\/557\/revisions"}],"predecessor-version":[{"id":742,"href":"https:\/\/blogsaverroes.juntadeandalucia.es\/etpgranada\/wp-json\/wp\/v2\/pages\/557\/revisions\/742"}],"wp:attachment":[{"href":"https:\/\/blogsaverroes.juntadeandalucia.es\/etpgranada\/wp-json\/wp\/v2\/media?parent=557"}],"curies":[{"name":"wp","href":"https:\/\/api.w.org\/{rel}","templated":true}]}}