{"id":709,"date":"2025-12-10T10:14:03","date_gmt":"2025-12-10T09:14:03","guid":{"rendered":"https:\/\/blogsaverroes.juntadeandalucia.es\/etpgranada\/?page_id=709"},"modified":"2025-12-10T10:13:23","modified_gmt":"2025-12-10T09:13:23","slug":"curso-25-26","status":"publish","type":"page","link":"https:\/\/blogsaverroes.juntadeandalucia.es\/etpgranada\/curso-25-26\/","title":{"rendered":"CURSO 25\/26"},"content":{"rendered":"<p><a href=\"https:\/\/drive.google.com\/file\/d\/1afD3KpsbSIJTg7htUIBMfjrkmlawehOI\/view?usp=sharing\"><strong>Reuni\u00f3n ETPOEP-Coordinadores\/as 06\/11\/2025<\/strong><\/a><\/p>\n<p><iframe loading=\"lazy\" src=\"https:\/\/drive.google.com\/file\/d\/1afD3KpsbSIJTg7htUIBMfjrkmlawehOI\/preview\" width=\"640\" height=\"480\"><\/iframe><\/p>\n<p><a href=\"https:\/\/drive.google.com\/file\/d\/1WjK3IDDPU7HpBDoOd6SC8yuKlf0PIBZB\/view?usp=sharing\"><strong>I Jornadas Provinciales de Orientaci\u00f3n 28\/11\/2025<\/strong><\/a><\/p>\n<p><iframe loading=\"lazy\" src=\"https:\/\/drive.google.com\/file\/d\/1WjK3IDDPU7HpBDoOd6SC8yuKlf0PIBZB\/preview\" width=\"640\" height=\"480\"><\/iframe><\/p>\n<p><a href=\"https:\/\/drive.google.com\/file\/d\/1_hHHQSz-y92qVtptFq4WCZ4G5DM0z1xl\/view?usp=sharing\"><strong>Dificultades Espec\u00edficas del Aprendizaje Lectoescritor (I Jornadas Provinciales de Orientaci\u00f3n 28\/11\/2025)<\/strong><\/a><\/p>\n<p><iframe loading=\"lazy\" src=\"https:\/\/drive.google.com\/file\/d\/1_hHHQSz-y92qVtptFq4WCZ4G5DM0z1xl\/preview\" width=\"640\" height=\"480\"><\/iframe><\/p>\n<p><a href=\"https:\/\/drive.google.com\/file\/d\/1d42Eb04qYlxO2k-DMKzlLR3P-Jnepcre\/view?usp=sharing\"><strong>V\u00edas de Acceso a FP para personas sin requisitos acad\u00e9micos (I Jornadas Provinciales de Orientaci\u00f3n 28\/11\/2025)<\/strong><\/a><\/p>\n<p><iframe loading=\"lazy\" src=\"https:\/\/drive.google.com\/file\/d\/1d42Eb04qYlxO2k-DMKzlLR3P-Jnepcre\/preview\" width=\"640\" height=\"480\"><\/iframe><\/p>\n<p><strong>Reuni\u00f3n de Coordinaci\u00f3n del ETPOEP- \u00c1rea de Acci\u00f3n Tutorial, Personal M\u00e9dico de EOEs y Enfermeras\/os Referentes Escolares (19\/02\/26).<\/strong><\/p>\n<p><iframe loading=\"lazy\" src=\"https:\/\/drive.google.com\/file\/d\/1x3LI49KQSEbGtp06mLF0RATQUOsrYRXV\/preview\" width=\"640\" height=\"480\"><\/iframe><\/p>\n","protected":false},"excerpt":{"rendered":"<p>Reuni\u00f3n ETPOEP-Coordinadores\/as 06\/11\/2025 I Jornadas Provinciales de Orientaci\u00f3n 28\/11\/2025 Dificultades Espec\u00edficas del Aprendizaje Lectoescritor (I Jornadas Provinciales de Orientaci\u00f3n 28\/11\/2025) V\u00edas de Acceso a FP para personas sin requisitos acad\u00e9micos (I Jornadas Provinciales de&#46;&#46;&#46;<\/p>\n","protected":false},"author":21030,"featured_media":0,"parent":0,"menu_order":0,"comment_status":"closed","ping_status":"closed","template":"","meta":{"footnotes":""},"aioseo_notices":[],"_links":{"self":[{"href":"https:\/\/blogsaverroes.juntadeandalucia.es\/etpgranada\/wp-json\/wp\/v2\/pages\/709"}],"collection":[{"href":"https:\/\/blogsaverroes.juntadeandalucia.es\/etpgranada\/wp-json\/wp\/v2\/pages"}],"about":[{"href":"https:\/\/blogsaverroes.juntadeandalucia.es\/etpgranada\/wp-json\/wp\/v2\/types\/page"}],"author":[{"embeddable":true,"href":"https:\/\/blogsaverroes.juntadeandalucia.es\/etpgranada\/wp-json\/wp\/v2\/users\/21030"}],"replies":[{"embeddable":true,"href":"https:\/\/blogsaverroes.juntadeandalucia.es\/etpgranada\/wp-json\/wp\/v2\/comments?post=709"}],"version-history":[{"count":6,"href":"https:\/\/blogsaverroes.juntadeandalucia.es\/etpgranada\/wp-json\/wp\/v2\/pages\/709\/revisions"}],"predecessor-version":[{"id":728,"href":"https:\/\/blogsaverroes.juntadeandalucia.es\/etpgranada\/wp-json\/wp\/v2\/pages\/709\/revisions\/728"}],"wp:attachment":[{"href":"https:\/\/blogsaverroes.juntadeandalucia.es\/etpgranada\/wp-json\/wp\/v2\/media?parent=709"}],"curies":[{"name":"wp","href":"https:\/\/api.w.org\/{rel}","templated":true}]}}