{"id":732,"date":"2025-12-19T13:13:03","date_gmt":"2025-12-19T12:13:03","guid":{"rendered":"https:\/\/blogsaverroes.juntadeandalucia.es\/etpgranada\/?page_id=732"},"modified":"2025-12-19T13:12:45","modified_gmt":"2025-12-19T12:12:45","slug":"desbloqueos","status":"publish","type":"page","link":"https:\/\/blogsaverroes.juntadeandalucia.es\/etpgranada\/desbloqueos\/","title":{"rendered":"Desbloqueos"},"content":{"rendered":"<p>A continuaci\u00f3n se explica el procedimiento de solicitud de desbloqueo de informes de evaluaci\u00f3n psicopedag\u00f3gica, dict\u00e1menes de escolarizaci\u00f3n, adaptaciones curriculares significativas&#8230; Del mismo modo, se adjunta el <a href=\"https:\/\/drive.google.com\/file\/d\/1Ad-DTP_tK0Kf5Dbr2IOjZSVLfQl393c6\/view?usp=sharing\"><strong>documento<\/strong><\/a> a utilizar por las personas solicitantes:<\/p>\n<p><strong>Procedimiento de solicitud<\/strong> de Desbloqueo:<\/p>\n<p><strong>1. Cumplimentar el documento<\/strong>\u00a0<em>(Aclaraciones: Los datos del centro se refieren al centro educativo donde est\u00e1 escolarizado el alumno\/a del que se solicita el desbloqueo y las iniciales del mismo se reflejar\u00e1n teniendo en cuenta que el nombre es la primera inicial y le seguir\u00e1n primer y segundo apellido. Adem\u00e1s el NIE hace referencia al N\u00famero de Identificaci\u00f3n Escolar).<\/em><\/p>\n<p>2. <strong>Firma del documento<\/strong> por parte de la persona que ha elaborado el documento a desbloquear y del Director\/a y Coordinador\/a de EOE seg\u00fan corresponda.<\/p>\n<p>3. <strong>Remitir<\/strong> por <strong>correo electr\u00f3nico<\/strong> a recursostecnicos.dpgr.ced@juntadeandalucia.es<\/p>\n<p><iframe loading=\"lazy\" src=\"https:\/\/drive.google.com\/file\/d\/1Ad-DTP_tK0Kf5Dbr2IOjZSVLfQl393c6\/preview\" width=\"640\" height=\"480\"><\/iframe><\/p>\n<p>&nbsp;<\/p>\n<p>&nbsp;<\/p>\n<p>&nbsp;<\/p>\n<p>&nbsp;<\/p>\n","protected":false},"excerpt":{"rendered":"<p>A continuaci\u00f3n se explica el procedimiento de solicitud de desbloqueo de informes de evaluaci\u00f3n psicopedag\u00f3gica, dict\u00e1menes de escolarizaci\u00f3n, adaptaciones curriculares significativas&#8230; Del mismo modo, se adjunta el documento a utilizar por las personas solicitantes:&#46;&#46;&#46;<\/p>\n","protected":false},"author":21030,"featured_media":0,"parent":0,"menu_order":0,"comment_status":"closed","ping_status":"closed","template":"","meta":{"footnotes":""},"aioseo_notices":[],"_links":{"self":[{"href":"https:\/\/blogsaverroes.juntadeandalucia.es\/etpgranada\/wp-json\/wp\/v2\/pages\/732"}],"collection":[{"href":"https:\/\/blogsaverroes.juntadeandalucia.es\/etpgranada\/wp-json\/wp\/v2\/pages"}],"about":[{"href":"https:\/\/blogsaverroes.juntadeandalucia.es\/etpgranada\/wp-json\/wp\/v2\/types\/page"}],"author":[{"embeddable":true,"href":"https:\/\/blogsaverroes.juntadeandalucia.es\/etpgranada\/wp-json\/wp\/v2\/users\/21030"}],"replies":[{"embeddable":true,"href":"https:\/\/blogsaverroes.juntadeandalucia.es\/etpgranada\/wp-json\/wp\/v2\/comments?post=732"}],"version-history":[{"count":6,"href":"https:\/\/blogsaverroes.juntadeandalucia.es\/etpgranada\/wp-json\/wp\/v2\/pages\/732\/revisions"}],"predecessor-version":[{"id":776,"href":"https:\/\/blogsaverroes.juntadeandalucia.es\/etpgranada\/wp-json\/wp\/v2\/pages\/732\/revisions\/776"}],"wp:attachment":[{"href":"https:\/\/blogsaverroes.juntadeandalucia.es\/etpgranada\/wp-json\/wp\/v2\/media?parent=732"}],"curies":[{"name":"wp","href":"https:\/\/api.w.org\/{rel}","templated":true}]}}