{"id":747,"date":"2026-01-07T10:54:07","date_gmt":"2026-01-07T09:54:07","guid":{"rendered":"https:\/\/blogsaverroes.juntadeandalucia.es\/etpgranada\/?page_id=747"},"modified":"2026-01-07T10:53:57","modified_gmt":"2026-01-07T09:53:57","slug":"recursos-materiales-especificos","status":"publish","type":"page","link":"https:\/\/blogsaverroes.juntadeandalucia.es\/etpgranada\/recursos-materiales-especificos\/","title":{"rendered":"Recursos Materiales Espec\u00edficos"},"content":{"rendered":"<p>En este apartado encontrar\u00e9is informaci\u00f3n referente a los recursos materiales espec\u00edficos que puede precisar el alumnado con NEAE; <em>procedimiento de solicitud, recepci\u00f3n, normativa&#8230;<\/em><\/p>\n","protected":false},"excerpt":{"rendered":"<p>En este apartado encontrar\u00e9is informaci\u00f3n referente a los recursos materiales espec\u00edficos que puede precisar el alumnado con NEAE; procedimiento de solicitud, recepci\u00f3n, normativa&#8230;<\/p>\n","protected":false},"author":21030,"featured_media":0,"parent":0,"menu_order":0,"comment_status":"closed","ping_status":"closed","template":"","meta":{"footnotes":""},"aioseo_notices":[],"_links":{"self":[{"href":"https:\/\/blogsaverroes.juntadeandalucia.es\/etpgranada\/wp-json\/wp\/v2\/pages\/747"}],"collection":[{"href":"https:\/\/blogsaverroes.juntadeandalucia.es\/etpgranada\/wp-json\/wp\/v2\/pages"}],"about":[{"href":"https:\/\/blogsaverroes.juntadeandalucia.es\/etpgranada\/wp-json\/wp\/v2\/types\/page"}],"author":[{"embeddable":true,"href":"https:\/\/blogsaverroes.juntadeandalucia.es\/etpgranada\/wp-json\/wp\/v2\/users\/21030"}],"replies":[{"embeddable":true,"href":"https:\/\/blogsaverroes.juntadeandalucia.es\/etpgranada\/wp-json\/wp\/v2\/comments?post=747"}],"version-history":[{"count":1,"href":"https:\/\/blogsaverroes.juntadeandalucia.es\/etpgranada\/wp-json\/wp\/v2\/pages\/747\/revisions"}],"predecessor-version":[{"id":749,"href":"https:\/\/blogsaverroes.juntadeandalucia.es\/etpgranada\/wp-json\/wp\/v2\/pages\/747\/revisions\/749"}],"wp:attachment":[{"href":"https:\/\/blogsaverroes.juntadeandalucia.es\/etpgranada\/wp-json\/wp\/v2\/media?parent=747"}],"curies":[{"name":"wp","href":"https:\/\/api.w.org\/{rel}","templated":true}]}}