{"id":80,"date":"2025-05-21T09:52:28","date_gmt":"2025-05-21T07:52:28","guid":{"rendered":"https:\/\/blogsaverroes.juntadeandalucia.es\/etpgranada\/?page_id=80"},"modified":"2025-09-26T09:15:36","modified_gmt":"2025-09-26T07:15:36","slug":"bienvenida-equipo-emocional","status":"publish","type":"page","link":"https:\/\/blogsaverroes.juntadeandalucia.es\/etpgranada\/bienvenida-equipo-emocional\/","title":{"rendered":"Contactos"},"content":{"rendered":"<p><strong><span style=\"color: #111111\"><span style=\"font-family: inherit\"><b>EQUIPO DE BIENESTAR EMOCIONAL. <\/b><\/span><\/span><\/strong><strong><span style=\"color: #111111\"><span style=\"font-family: inherit\"><b>GRANADA<\/b><\/span><\/span><\/strong><\/p>\n<p><span style=\"color: #111111\"><span style=\"font-family: inherit\">EMAIL del Equipo de Bienestar Emocional de Granada: bienestar.emocional.dpgr.ced@juntadeandalucia.es<\/span><\/span><\/p>\n<p><strong><span style=\"color: #111111\"><span style=\"font-family: inherit\"><b>Componentes:<\/b><\/span><\/span><\/strong><\/p>\n<ol>\n<li><span style=\"color: #111111\"> <span style=\"font-family: inherit\">Elena Araque de la Casa<\/span><span style=\"font-family: inherit\">&#8211; tel\u00e9fono de contacto: <\/span><span style=\"font-family: inherit\">958029<\/span><span style=\"font-family: inherit\">401<\/span><span style=\"font-family: inherit\"> (<\/span><span style=\"font-family: inherit\">1<\/span><span style=\"font-family: inherit\">29401<\/span><span style=\"font-family: inherit\">). Zona de referencia: <\/span><\/span><\/li>\n<\/ol>\n<ul>\n<li><span style=\"color: #111111\"><span style=\"font-family: inherit\">E.O.E. Granada Albaic\u00edn-Centro <\/span><\/span><\/li>\n<li><span style=\"color: #111111\"><span style=\"font-family: inherit\">E.O.E. Granada Zaid\u00edn<\/span><\/span><\/li>\n<li><span style=\"color: #111111\"><span style=\"font-family: inherit\">E.O.E. D\u00farcal <\/span><\/span><\/li>\n<li><span style=\"color: #111111\"><span style=\"font-family: inherit\">E.O.E. Almu\u00f1\u00e9car <\/span><\/span><\/li>\n<li><span style=\"color: #111111\"><span style=\"font-family: inherit\">E.O.E. Albu\u00f1ol <\/span><\/span><\/li>\n<li><span style=\"color: #111111\"><span style=\"font-family: inherit\">E.O.E. \u00d3rgiva <\/span><\/span><\/li>\n<\/ul>\n<ol start=\"2\">\n<li><span style=\"color: #111111\">\u00a0<span style=\"font-family: inherit\">Jordi Alba Rodr\u00edguez- tel\u00e9fono de contacto: 958029085 (129085). Zona de referencia: <\/span><\/span><\/li>\n<\/ol>\n<ul>\n<li><span style=\"color: #111111\"><span style=\"font-family: inherit\">E.O.E. Santa Fe <\/span><\/span><\/li>\n<li><span style=\"color: #111111\"><span style=\"font-family: inherit\">E.O.E. Churriana de la Vega <\/span><\/span><\/li>\n<li><span style=\"color: #111111\"><span style=\"font-family: inherit\">E.O.E. Armilla <\/span><\/span><\/li>\n<li><span style=\"color: #111111\"><span style=\"font-family: inherit\">E.O.E. Alhama de Granada <\/span><\/span><\/li>\n<li><span style=\"color: #111111\"><span style=\"font-family: inherit\">E.O.E. Loja <\/span><\/span><\/li>\n<li><span style=\"color: #111111\"><span style=\"font-family: inherit\">E.O.E. Hu\u00e9scar<\/span><\/span><\/li>\n<li><span style=\"color: #111111\"><span style=\"font-family: inherit\">E.O.E. Granada Chana <\/span><\/span><\/li>\n<\/ul>\n<ol start=\"2\">\n<li><span style=\"color: #111111\"><span style=\"font-family: inherit\">Silvia Cano Mata &#8211; tel\u00e9fono de contacto: 958029008 (129008). Zona de referencia: <\/span><\/span><\/li>\n<\/ol>\n<ul>\n<li><span style=\"color: #111111\"><span style=\"font-family: inherit\">E.O.E. Granada Albaic\u00edn-Centro <\/span><\/span><\/li>\n<li><span style=\"color: #111111\"><span style=\"font-family: inherit\">E.O.E. Granada Cartuja-Alfacar <\/span><\/span><\/li>\n<li><span style=\"color: #111111\"><span style=\"font-family: inherit\">E.O.E. Atarfe <\/span><\/span><\/li>\n<li><span style=\"color: #111111\"><span style=\"font-family: inherit\">E.O.E. Motril <\/span><\/span><\/li>\n<li><span style=\"color: #111111\"><span style=\"font-family: inherit\">E.O.E. Guadix <\/span><\/span><\/li>\n<li><span style=\"color: #111111\"><span style=\"font-family: inherit\">E.O.E. Iznalloz <\/span><\/span><\/li>\n<li><span style=\"color: #111111\"><span style=\"font-family: inherit\">E.O.E. Montefr\u00edo<\/span> <\/span><\/li>\n<li><span style=\"color: #111111\"><span style=\"font-family: inherit\">E.O.E. Baza<\/span><\/span><\/li>\n<\/ul>\n","protected":false},"excerpt":{"rendered":"<p>EQUIPO DE BIENESTAR EMOCIONAL. GRANADA EMAIL del Equipo de Bienestar Emocional de Granada: bienestar.emocional.dpgr.ced@juntadeandalucia.es Componentes: Elena Araque de la Casa&#8211; tel\u00e9fono de contacto: 958029401 (129401). Zona de referencia: E.O.E. Granada Albaic\u00edn-Centro E.O.E. Granada Zaid\u00edn&#46;&#46;&#46;<\/p>\n","protected":false},"author":19844,"featured_media":0,"parent":0,"menu_order":0,"comment_status":"closed","ping_status":"closed","template":"","meta":{"footnotes":""},"aioseo_notices":[],"_links":{"self":[{"href":"https:\/\/blogsaverroes.juntadeandalucia.es\/etpgranada\/wp-json\/wp\/v2\/pages\/80"}],"collection":[{"href":"https:\/\/blogsaverroes.juntadeandalucia.es\/etpgranada\/wp-json\/wp\/v2\/pages"}],"about":[{"href":"https:\/\/blogsaverroes.juntadeandalucia.es\/etpgranada\/wp-json\/wp\/v2\/types\/page"}],"author":[{"embeddable":true,"href":"https:\/\/blogsaverroes.juntadeandalucia.es\/etpgranada\/wp-json\/wp\/v2\/users\/19844"}],"replies":[{"embeddable":true,"href":"https:\/\/blogsaverroes.juntadeandalucia.es\/etpgranada\/wp-json\/wp\/v2\/comments?post=80"}],"version-history":[{"count":13,"href":"https:\/\/blogsaverroes.juntadeandalucia.es\/etpgranada\/wp-json\/wp\/v2\/pages\/80\/revisions"}],"predecessor-version":[{"id":474,"href":"https:\/\/blogsaverroes.juntadeandalucia.es\/etpgranada\/wp-json\/wp\/v2\/pages\/80\/revisions\/474"}],"wp:attachment":[{"href":"https:\/\/blogsaverroes.juntadeandalucia.es\/etpgranada\/wp-json\/wp\/v2\/media?parent=80"}],"curies":[{"name":"wp","href":"https:\/\/api.w.org\/{rel}","templated":true}]}}