{"id":84,"date":"2025-05-21T09:56:15","date_gmt":"2025-05-21T07:56:15","guid":{"rendered":"https:\/\/blogsaverroes.juntadeandalucia.es\/etpgranada\/?page_id=84"},"modified":"2025-05-21T13:42:21","modified_gmt":"2025-05-21T11:42:21","slug":"recursos-emocionales","status":"publish","type":"page","link":"https:\/\/blogsaverroes.juntadeandalucia.es\/etpgranada\/recursos-emocionales\/","title":{"rendered":"Recursos Emocionales"},"content":{"rendered":"<p>En este espacio, hemos creado una serie de infograf\u00edas\u00a0 dise\u00f1adas para proporcionar a los centros educativos<strong> herramientas y recursos<\/strong> fundamentales para abordar la salud emocional de la comunidad escolar. Sabemos que, hoy en d\u00eda, los desaf\u00edos emocionales en los entornos educativos son una realidad cada vez m\u00e1s presente, por lo que nuestro objetivo es ofrecer <strong>materiales pr\u00e1cticos, claros y accesibles<\/strong> para ayudar a prevenir y gestionar situaciones de riesgo \u00a0que sirvan como gu\u00eda en el d\u00eda a d\u00eda educativo, ayudando a crear un ambiente escolar donde el <strong>bienestar emocional<\/strong> sea una prioridad y todos los miembros de la comunidad educativa se sientan apoyados y seguros.<\/p>\n<p>\u00a1Te invitamos a explorar estas infograf\u00edas y compartirlas con quienes m\u00e1s lo necesiten! Juntos podemos contribuir a una educaci\u00f3n m\u00e1s saludable y consciente.<\/p>\n","protected":false},"excerpt":{"rendered":"<p>En este espacio, hemos creado una serie de infograf\u00edas\u00a0 dise\u00f1adas para proporcionar a los centros educativos herramientas y recursos fundamentales para abordar la salud emocional de la comunidad escolar. Sabemos que, hoy en d\u00eda,&#46;&#46;&#46;<\/p>\n","protected":false},"author":19844,"featured_media":0,"parent":0,"menu_order":0,"comment_status":"closed","ping_status":"closed","template":"","meta":{"footnotes":""},"aioseo_notices":[],"_links":{"self":[{"href":"https:\/\/blogsaverroes.juntadeandalucia.es\/etpgranada\/wp-json\/wp\/v2\/pages\/84"}],"collection":[{"href":"https:\/\/blogsaverroes.juntadeandalucia.es\/etpgranada\/wp-json\/wp\/v2\/pages"}],"about":[{"href":"https:\/\/blogsaverroes.juntadeandalucia.es\/etpgranada\/wp-json\/wp\/v2\/types\/page"}],"author":[{"embeddable":true,"href":"https:\/\/blogsaverroes.juntadeandalucia.es\/etpgranada\/wp-json\/wp\/v2\/users\/19844"}],"replies":[{"embeddable":true,"href":"https:\/\/blogsaverroes.juntadeandalucia.es\/etpgranada\/wp-json\/wp\/v2\/comments?post=84"}],"version-history":[{"count":5,"href":"https:\/\/blogsaverroes.juntadeandalucia.es\/etpgranada\/wp-json\/wp\/v2\/pages\/84\/revisions"}],"predecessor-version":[{"id":119,"href":"https:\/\/blogsaverroes.juntadeandalucia.es\/etpgranada\/wp-json\/wp\/v2\/pages\/84\/revisions\/119"}],"wp:attachment":[{"href":"https:\/\/blogsaverroes.juntadeandalucia.es\/etpgranada\/wp-json\/wp\/v2\/media?parent=84"}],"curies":[{"name":"wp","href":"https:\/\/api.w.org\/{rel}","templated":true}]}}