{"id":7675,"date":"2020-04-30T15:44:48","date_gmt":"2020-04-30T14:44:48","guid":{"rendered":"https:\/\/blogsaverroes.juntadeandalucia.es\/etpoepcordoba\/?page_id=7675"},"modified":"2024-01-27T17:38:16","modified_gmt":"2024-01-27T16:38:16","slug":"tutoriales-pasen-y-ventanilla-electronica","status":"publish","type":"page","link":"https:\/\/blogsaverroes.juntadeandalucia.es\/etpoepcordoba\/tutoriales-pasen-y-ventanilla-electronica\/","title":{"rendered":"Tutoriales PASEN y Ventanilla Electr\u00f3nica"},"content":{"rendered":"<div class=\"breadcrum\">Recursos T\u00e9cnicos y S\u00e9neca \/ Tutoriales PASEN y Ventanilla Electr\u00f3nica<\/div>\n<p>ENLACE a tutoriales de:<\/p>\n<ol>\n<li><a href=\"https:\/\/drive.google.com\/open?id=1dnfuYB-SGj1nMdCGD7c6zjwHkRX17zxe\">VENTANILLA ELECTR\u00d3NICA<\/a><\/li>\n<li><a href=\"https:\/\/drive.google.com\/open?id=10HcxrYHv-PYr3QrCxXVZ7TkSaN9a2dwE\">MANUAL PASEN PERFIL TUTORES Y TUTORAS LEGALES<\/a><\/li>\n<li><a href=\"https:\/\/drive.google.com\/open?id=1jlyInD-6--6bgXY8hfVaz9L1cFWEisUE\">MANUAL PASEN PERFIL PROFESORADO<\/a><\/li>\n<li><a href=\"https:\/\/drive.google.com\/open?id=1yAaK9tIdOjeh52ErtBJlhGmpRhEj8cew\">MANUAL PASEN PERFIL DIRECCI\u00d3N<\/a><\/li>\n<li><a href=\"https:\/\/drive.google.com\/open?id=1p7QYkO2R9UWvc8s7LKkHM7zW8UTTRsIq\">MANUAL PASEN PERFIL ALUMNADO<\/a><\/li>\n<li><a href=\"https:\/\/drive.google.com\/file\/d\/1QjbVz0IwA1_K2rRpYnqU2jvT0abJ3qpF\/view?usp=sharing\">MANUAL ORIENTACI\u00d3N GRABACI\u00d3N BECAS NEAE 20-21.<\/a><\/li>\n<\/ol>\n","protected":false},"excerpt":{"rendered":"<p>Recursos T\u00e9cnicos y S\u00e9neca \/ Tutoriales PASEN y Ventanilla Electr\u00f3nica ENLACE a tutoriales de: VENTANILLA ELECTR\u00d3NICA MANUAL PASEN PERFIL TUTORES Y TUTORAS LEGALES MANUAL PASEN PERFIL PROFESORADO MANUAL PASEN PERFIL DIRECCI\u00d3N MANUAL PASEN PERFIL&#46;&#46;&#46;<\/p>\n","protected":false},"author":5183,"featured_media":7681,"parent":0,"menu_order":0,"comment_status":"closed","ping_status":"closed","template":"","meta":{"ngg_post_thumbnail":0,"footnotes":"","_mc_calendar":[]},"aioseo_notices":[],"_links":{"self":[{"href":"https:\/\/blogsaverroes.juntadeandalucia.es\/etpoepcordoba\/wp-json\/wp\/v2\/pages\/7675"}],"collection":[{"href":"https:\/\/blogsaverroes.juntadeandalucia.es\/etpoepcordoba\/wp-json\/wp\/v2\/pages"}],"about":[{"href":"https:\/\/blogsaverroes.juntadeandalucia.es\/etpoepcordoba\/wp-json\/wp\/v2\/types\/page"}],"author":[{"embeddable":true,"href":"https:\/\/blogsaverroes.juntadeandalucia.es\/etpoepcordoba\/wp-json\/wp\/v2\/users\/5183"}],"replies":[{"embeddable":true,"href":"https:\/\/blogsaverroes.juntadeandalucia.es\/etpoepcordoba\/wp-json\/wp\/v2\/comments?post=7675"}],"version-history":[{"count":5,"href":"https:\/\/blogsaverroes.juntadeandalucia.es\/etpoepcordoba\/wp-json\/wp\/v2\/pages\/7675\/revisions"}],"predecessor-version":[{"id":9007,"href":"https:\/\/blogsaverroes.juntadeandalucia.es\/etpoepcordoba\/wp-json\/wp\/v2\/pages\/7675\/revisions\/9007"}],"wp:featuredmedia":[{"embeddable":true,"href":"https:\/\/blogsaverroes.juntadeandalucia.es\/etpoepcordoba\/wp-json\/wp\/v2\/media\/7681"}],"wp:attachment":[{"href":"https:\/\/blogsaverroes.juntadeandalucia.es\/etpoepcordoba\/wp-json\/wp\/v2\/media?parent=7675"}],"curies":[{"name":"wp","href":"https:\/\/api.w.org\/{rel}","templated":true}]}}