{"id":1115,"date":"2022-05-25T12:14:14","date_gmt":"2022-05-25T11:14:14","guid":{"rendered":"https:\/\/blogsaverroes.juntadeandalucia.es\/etpoepsevilla\/?page_id=1115"},"modified":"2022-05-25T12:58:50","modified_gmt":"2022-05-25T11:58:50","slug":"protocolos-deteccion-altas-capacidades","status":"publish","type":"page","link":"https:\/\/blogsaverroes.juntadeandalucia.es\/etpoepsevilla\/protocolos-deteccion-altas-capacidades\/","title":{"rendered":"PROTOCOLOS  DETECCI\u00d3N ALTAS CAPACIDADES"},"content":{"rendered":"<p>[et_pb_section fb_built=&#8221;1&#8243; _builder_version=&#8221;4.14.5&#8243; _module_preset=&#8221;default&#8221; global_colors_info=&#8221;{}&#8221; theme_builder_area=&#8221;post_content&#8221;][et_pb_row _builder_version=&#8221;4.14.5&#8243; _module_preset=&#8221;default&#8221; global_colors_info=&#8221;{}&#8221; theme_builder_area=&#8221;post_content&#8221;][et_pb_column type=&#8221;4_4&#8243; _builder_version=&#8221;4.14.5&#8243; _module_preset=&#8221;default&#8221; global_colors_info=&#8221;{}&#8221; theme_builder_area=&#8221;post_content&#8221;][et_pb_text _builder_version=&#8221;4.14.5&#8243; _module_preset=&#8221;default&#8221; min_height=&#8221;73px&#8221; hover_enabled=&#8221;0&#8243; global_colors_info=&#8221;{}&#8221; theme_builder_area=&#8221;post_content&#8221; sticky_enabled=&#8221;0&#8243;]<\/p>\n<h1><strong>PROTOCOLOS DETECCI\u00d3N E INTERVENCI\u00d3N ALUMNADO<\/strong><\/h1>\n<h1>Altas Capacidades<\/h1>\n<h4><a href=\"https:\/\/blogsaverroes.juntadeandalucia.es\/etpoepsevilla\/equiposespecializados\/\"><span style=\"color: #808080\">EQUIPOS ESPECIALIZADOS<\/span><\/a><\/h4>\n<h4><\/h4>\n<p>[\/et_pb_text][et_pb_sidebar _builder_version=&#8221;4.14.5&#8243; _module_preset=&#8221;default&#8221; background_image=&#8221;https:\/\/blogsaverroes.juntadeandalucia.es\/etpoepsevilla\/files\/2022\/04\/106903-ONCZPN-850.jpg&#8221; min_height=&#8221;230px&#8221; custom_margin=&#8221;||22px|||&#8221; global_colors_info=&#8221;{}&#8221; theme_builder_area=&#8221;post_content&#8221;][\/et_pb_sidebar][\/et_pb_column][\/et_pb_row][et_pb_row _builder_version=&#8221;4.14.5&#8243; _module_preset=&#8221;default&#8221; global_colors_info=&#8221;{}&#8221; theme_builder_area=&#8221;post_content&#8221;][et_pb_column type=&#8221;4_4&#8243; _builder_version=&#8221;4.14.5&#8243; _module_preset=&#8221;default&#8221; global_colors_info=&#8221;{}&#8221; theme_builder_area=&#8221;post_content&#8221;][et_pb_button button_url=&#8221;https:\/\/drive.google.com\/file\/d\/13CgdLBw1P-j5F4tjIRIMG_AeorU30IOl\/view?usp=sharing&#8221; url_new_window=&#8221;on&#8221; button_text=&#8221;Instrucciones Flexibilizar Escolarizaci\u00f3n Alumnado Sobredotado&#8221; _builder_version=&#8221;4.14.5&#8243; _module_preset=&#8221;default&#8221; hover_enabled=&#8221;0&#8243; global_colors_info=&#8221;{}&#8221; theme_builder_area=&#8221;post_content&#8221; sticky_enabled=&#8221;0&#8243;][\/et_pb_button][et_pb_button button_url=&#8221;https:\/\/drive.google.com\/file\/d\/1RXsEKcGPck8MsAXxZYzYdw5r08KlSptU\/view?usp=sharing&#8221; url_new_window=&#8221;on&#8221; button_text=&#8221;Instrucciones Actualizaci\u00f3n Protocolo Detecci\u00f3n e Identificaci\u00f3n Alumnado NEAE&#8221; _builder_version=&#8221;4.14.5&#8243; _module_preset=&#8221;default&#8221; hover_enabled=&#8221;0&#8243; global_colors_info=&#8221;{}&#8221; theme_builder_area=&#8221;post_content&#8221; sticky_enabled=&#8221;0&#8243;][\/et_pb_button][et_pb_button button_url=&#8221;https:\/\/drive.google.com\/file\/d\/1XNTarreuTYRupe6HqmyCQRyno8bRNJLZ\/view?usp=sharing&#8221; url_new_window=&#8221;on&#8221; button_text=&#8221;Instrucciones  Protocolo  Detecci\u00f3n y Evaluaci\u00f3n del Alumnado de Altas Capacidades Intelectuales&#8221; _builder_version=&#8221;4.14.5&#8243; _module_preset=&#8221;default&#8221; hover_enabled=&#8221;0&#8243; global_colors_info=&#8221;{}&#8221; theme_builder_area=&#8221;post_content&#8221; sticky_enabled=&#8221;0&#8243;][\/et_pb_button][et_pb_button button_url=&#8221;https:\/\/drive.google.com\/file\/d\/1Yaa5eEliJPqfV4dwmpoExv5gEBp8147e\/view?usp=sharing&#8221; url_new_window=&#8221;on&#8221; button_text=&#8221;Correcci\u00f3n de Errores Instrucciones  Protocolo  Detecci\u00f3n y Evaluaci\u00f3n del Alumnado de Altas Capacidades Intelectuales&#8221; _builder_version=&#8221;4.14.5&#8243; _module_preset=&#8221;default&#8221; hover_enabled=&#8221;0&#8243; global_colors_info=&#8221;{}&#8221; theme_builder_area=&#8221;post_content&#8221; sticky_enabled=&#8221;0&#8243;][\/et_pb_button][\/et_pb_column][\/et_pb_row][\/et_pb_section]<\/p>\n","protected":false},"excerpt":{"rendered":"<p>PROTOCOLOS DETECCI\u00d3N E INTERVENCI\u00d3N ALUMNADO Altas Capacidades EQUIPOS ESPECIALIZADOS<\/p>\n","protected":false},"author":14835,"featured_media":0,"parent":0,"menu_order":0,"comment_status":"closed","ping_status":"closed","template":"","meta":{"_et_pb_use_builder":"on","_et_pb_old_content":"","_et_gb_content_width":"","ngg_post_thumbnail":0,"footnotes":""},"aioseo_notices":[],"_links":{"self":[{"href":"https:\/\/blogsaverroes.juntadeandalucia.es\/etpoepsevilla\/wp-json\/wp\/v2\/pages\/1115"}],"collection":[{"href":"https:\/\/blogsaverroes.juntadeandalucia.es\/etpoepsevilla\/wp-json\/wp\/v2\/pages"}],"about":[{"href":"https:\/\/blogsaverroes.juntadeandalucia.es\/etpoepsevilla\/wp-json\/wp\/v2\/types\/page"}],"author":[{"embeddable":true,"href":"https:\/\/blogsaverroes.juntadeandalucia.es\/etpoepsevilla\/wp-json\/wp\/v2\/users\/14835"}],"replies":[{"embeddable":true,"href":"https:\/\/blogsaverroes.juntadeandalucia.es\/etpoepsevilla\/wp-json\/wp\/v2\/comments?post=1115"}],"version-history":[{"count":5,"href":"https:\/\/blogsaverroes.juntadeandalucia.es\/etpoepsevilla\/wp-json\/wp\/v2\/pages\/1115\/revisions"}],"predecessor-version":[{"id":1126,"href":"https:\/\/blogsaverroes.juntadeandalucia.es\/etpoepsevilla\/wp-json\/wp\/v2\/pages\/1115\/revisions\/1126"}],"wp:attachment":[{"href":"https:\/\/blogsaverroes.juntadeandalucia.es\/etpoepsevilla\/wp-json\/wp\/v2\/media?parent=1115"}],"curies":[{"name":"wp","href":"https:\/\/api.w.org\/{rel}","templated":true}]}}