{"id":1574,"date":"2022-12-22T09:49:12","date_gmt":"2022-12-22T08:49:12","guid":{"rendered":"https:\/\/blogsaverroes.juntadeandalucia.es\/etpoepsevilla\/?page_id=1574"},"modified":"2023-11-21T18:21:15","modified_gmt":"2023-11-21T17:21:15","slug":"salud","status":"publish","type":"page","link":"https:\/\/blogsaverroes.juntadeandalucia.es\/etpoepsevilla\/salud\/","title":{"rendered":"Salud"},"content":{"rendered":"<p>[et_pb_section fb_built=&#8221;1&#8243; _builder_version=&#8221;3.23.3&#8243; custom_margin=&#8221;||66px|||&#8221; custom_padding=&#8221;0px||0px|&#8221; z_index_tablet=&#8221;500&#8243; box_shadow_horizontal_tablet=&#8221;0px&#8221; box_shadow_vertical_tablet=&#8221;0px&#8221; box_shadow_blur_tablet=&#8221;40px&#8221; box_shadow_spread_tablet=&#8221;0px&#8221; global_colors_info=&#8221;{}&#8221;][et_pb_row _builder_version=&#8221;4.14.5&#8243; background_size=&#8221;initial&#8221; background_position=&#8221;top_left&#8221; background_repeat=&#8221;repeat&#8221; min_height=&#8221;83px&#8221; height=&#8221;82px&#8221; max_height=&#8221;1000px&#8221; global_colors_info=&#8221;{}&#8221;][et_pb_column type=&#8221;4_4&#8243; _builder_version=&#8221;3.0.47&#8243; custom_padding=&#8221;|||&#8221; global_colors_info=&#8221;{}&#8221; custom_padding__hover=&#8221;|||&#8221;][et_pb_text admin_label=&#8221;Texto descriptivo&#8221; _builder_version=&#8221;4.14.5&#8243; text_font=&#8221;Atma||||||||&#8221; header_3_font=&#8221;Actor||||||||&#8221; min_height=&#8221;37px&#8221; custom_margin=&#8221;||-8px|||&#8221; custom_padding=&#8221;0px|||||&#8221; z_index_tablet=&#8221;500&#8243; text_text_shadow_horizontal_length_tablet=&#8221;0px&#8221; text_text_shadow_vertical_length_tablet=&#8221;0px&#8221; text_text_shadow_blur_strength_tablet=&#8221;1px&#8221; link_text_shadow_horizontal_length_tablet=&#8221;0px&#8221; link_text_shadow_vertical_length_tablet=&#8221;0px&#8221; link_text_shadow_blur_strength_tablet=&#8221;1px&#8221; ul_text_shadow_horizontal_length_tablet=&#8221;0px&#8221; ul_text_shadow_vertical_length_tablet=&#8221;0px&#8221; ul_text_shadow_blur_strength_tablet=&#8221;1px&#8221; ol_text_shadow_horizontal_length_tablet=&#8221;0px&#8221; ol_text_shadow_vertical_length_tablet=&#8221;0px&#8221; ol_text_shadow_blur_strength_tablet=&#8221;1px&#8221; quote_text_shadow_horizontal_length_tablet=&#8221;0px&#8221; quote_text_shadow_vertical_length_tablet=&#8221;0px&#8221; quote_text_shadow_blur_strength_tablet=&#8221;1px&#8221; header_text_shadow_horizontal_length_tablet=&#8221;0px&#8221; header_text_shadow_vertical_length_tablet=&#8221;0px&#8221; header_text_shadow_blur_strength_tablet=&#8221;1px&#8221; header_2_text_shadow_horizontal_length_tablet=&#8221;0px&#8221; header_2_text_shadow_vertical_length_tablet=&#8221;0px&#8221; header_2_text_shadow_blur_strength_tablet=&#8221;1px&#8221; header_3_text_shadow_horizontal_length_tablet=&#8221;0px&#8221; header_3_text_shadow_vertical_length_tablet=&#8221;0px&#8221; header_3_text_shadow_blur_strength_tablet=&#8221;1px&#8221; header_4_text_shadow_horizontal_length_tablet=&#8221;0px&#8221; header_4_text_shadow_vertical_length_tablet=&#8221;0px&#8221; header_4_text_shadow_blur_strength_tablet=&#8221;1px&#8221; header_5_text_shadow_horizontal_length_tablet=&#8221;0px&#8221; header_5_text_shadow_vertical_length_tablet=&#8221;0px&#8221; header_5_text_shadow_blur_strength_tablet=&#8221;1px&#8221; header_6_text_shadow_horizontal_length_tablet=&#8221;0px&#8221; header_6_text_shadow_vertical_length_tablet=&#8221;0px&#8221; header_6_text_shadow_blur_strength_tablet=&#8221;1px&#8221; box_shadow_horizontal_tablet=&#8221;0px&#8221; box_shadow_vertical_tablet=&#8221;0px&#8221; box_shadow_blur_tablet=&#8221;40px&#8221; box_shadow_spread_tablet=&#8221;0px&#8221; global_colors_info=&#8221;{}&#8221;]<\/p>\n<h1><strong><span style=\"color: #333333\">\u00c1rea de APOYO ACCI\u00d3N TUTOR\u00cdA Y CONVIVENCIA<\/span><\/strong><\/h1>\n<h2><\/h2>\n<p>[\/et_pb_text][\/et_pb_column][\/et_pb_row][et_pb_row _builder_version=&#8221;4.14.5&#8243; _module_preset=&#8221;default&#8221; min_height=&#8221;593px&#8221; custom_margin=&#8221;-6px|auto||auto||&#8221; custom_padding=&#8221;||0px|||&#8221; global_colors_info=&#8221;{}&#8221;][et_pb_column type=&#8221;4_4&#8243; _builder_version=&#8221;4.14.5&#8243; _module_preset=&#8221;default&#8221; global_colors_info=&#8221;{}&#8221;][et_pb_toggle title=&#8221;Alumnado con Enfermedades Cr\u00f3nicas&#8221; open_toggle_text_color=&#8221;#FFFFFF&#8221; open_toggle_background_color=&#8221;#FFFFFF&#8221; closed_toggle_background_color=&#8221;RGBA(255,255,255,0)&#8221; icon_color=&#8221;#FFFFFF&#8221; toggle_icon=&#8221;&#xe04c;||divi||400&#8243; use_icon_font_size=&#8221;on&#8221; icon_font_size=&#8221;20px&#8221; open_icon_color=&#8221;#FFFFFF&#8221; open_toggle_icon=&#8221;&#xe04b;||divi||400&#8243; open_use_icon_font_size=&#8221;on&#8221; open_icon_font_size=&#8221;20px&#8221; _builder_version=&#8221;4.14.5&#8243; _module_preset=&#8221;default&#8221; title_text_color=&#8221;#FFFFFF&#8221; title_level=&#8221;h3&#8243; title_font=&#8221;|600|||||||&#8221; title_text_align=&#8221;right&#8221; title_font_size=&#8221;30px&#8221; body_font=&#8221;||||||||&#8221; body_text_align=&#8221;left&#8221; body_text_color=&#8221;#000000&#8243; body_font_size=&#8221;18px&#8221; body_line_height=&#8221;2.7em&#8221; body_ol_line_height=&#8221;3em&#8221; body_quote_line_height=&#8221;3em&#8221; background_color=&#8221;#161613&#8243; background_image=&#8221;https:\/\/blogsaverroes.juntadeandalucia.es\/etpoepsevilla\/files\/2022\/12\/5-scaled.jpg&#8221; parallax=&#8221;on&#8221; text_orientation=&#8221;left&#8221; min_height=&#8221;175px&#8221; title_text_shadow_style=&#8221;preset1&#8243; body_text_shadow_style=&#8221;preset3&#8243; body_text_shadow_vertical_length=&#8221;0.13em&#8221; body_text_shadow_color=&#8221;#FFFFFF&#8221; text_shadow_style=&#8221;preset3&#8243; text_shadow_color=&#8221;#FFFFFF&#8221; global_colors_info=&#8221;{}&#8221;]<\/p>\n<p><span style=\"color: #ffffff\"><a href=\"https:\/\/www.juntadeandalucia.es\/educacion\/portals\/web\/escolarizacion-segura\" style=\"color: #ffffff\">-Enlace de Inter\u00e9s<\/a><\/span><\/p>\n<p><span style=\"color: #ffffff\">&#8211;<a href=\"https:\/\/drive.google.com\/file\/d\/1RJSEjM8C_lNC-3rcSG0rg1W4XsVtZ729\/view?usp=sharing\" style=\"color: #ffffff\">Pautas de Actuaci\u00f3n Alumnado con c\u00e1ncer<\/a><\/span><\/p>\n<p><span style=\"text-decoration: underline\"><a href=\"https:\/\/drive.google.com\/file\/d\/1liNRx81TycLAeQ_Kz_dl6EXrngZkUaL-\/view?usp=sharing\"><span style=\"color: #ffffff;text-decoration: underline\">-Prevenci\u00f3n Intervenci\u00f3n Educativa en Trastornos de la Conducta Alimentaria<\/span><\/a><\/span><\/p>\n<p>[\/et_pb_toggle][et_pb_toggle title=&#8221;Prevenci\u00f3n del Suicidio y Conductas Autol\u00edticas&#8221; open_toggle_text_color=&#8221;#FFFFFF&#8221; icon_color=&#8221;#FFFFFF&#8221; toggle_icon=&#8221;&#xe04c;||divi||400&#8243; use_icon_font_size=&#8221;on&#8221; icon_font_size=&#8221;20px&#8221; open_icon_color=&#8221;#FFFFFF&#8221; open_toggle_icon=&#8221;&#xe04b;||divi||400&#8243; open_use_icon_font_size=&#8221;on&#8221; open_icon_font_size=&#8221;20px&#8221; _builder_version=&#8221;4.14.5&#8243; _module_preset=&#8221;default&#8221; title_text_color=&#8221;#FFFFFF&#8221; title_level=&#8221;h3&#8243; title_font=&#8221;|600|||||||&#8221; title_text_align=&#8221;right&#8221; title_font_size=&#8221;30px&#8221; body_text_color=&#8221;#000000&#8243; body_font_size=&#8221;18px&#8221; body_line_height=&#8221;2.1em&#8221; background_image=&#8221;https:\/\/blogsaverroes.juntadeandalucia.es\/etpoepsevilla\/files\/2022\/12\/3-scaled.jpg&#8221; parallax=&#8221;on&#8221; min_height=&#8221;175px&#8221; hover_enabled=&#8221;0&#8243; title_text_shadow_style=&#8221;preset1&#8243; body_text_shadow_style=&#8221;preset3&#8243; body_text_shadow_color=&#8221;#FFFFFF&#8221; text_shadow_style=&#8221;preset1&#8243; text_shadow_color=&#8221;#000000&#8243; global_colors_info=&#8221;{}&#8221; sticky_enabled=&#8221;0&#8243;]<\/p>\n<blockquote>\n<p><span style=\"color: #000000\"><a href=\"https:\/\/drive.google.com\/file\/d\/1OdgP7u0jbyYFFahZpAr1NVQ0YAtPbwrV\/view?usp=drive_link\" style=\"color: #000000\">-Protocolo prevenci\u00f3n conductas suicidas<\/a><\/span><\/p>\n<p><span style=\"color: #000000\">&#8211;<a href=\"https:\/\/drive.google.com\/file\/d\/1_7WER6MQm8fTfIsF6ne_kbFoFBvfXtpd\/view?usp=share_link\" style=\"color: #000000\">Gu\u00edas<\/a><\/span><\/p>\n<p><span style=\"color: #000000\"><a href=\"https:\/\/drive.google.com\/file\/d\/1r6dj3SJrFv1jWlWPwS_dijFUFs2O1PDr\/view?usp=share_link\" style=\"color: #000000\">-Pautas Prevenci\u00f3n Suicidio<\/a><\/span><\/p>\n<p><span style=\"color: #000000\"><a href=\"https:\/\/drive.google.com\/file\/d\/18nqZ4lGh6lPgk5ERpIoFg1mX7WHN7Zdh\/view?usp=share_link\" style=\"color: #000000\">-Proyecto Euregenas Entorno Escolar\u00a0<\/a><\/span><\/p>\n<p>&nbsp;<\/p>\n<\/blockquote>\n<p><span style=\"color: #000000\">\u00a0<\/span><\/p>\n<p>[\/et_pb_toggle][et_pb_toggle title=&#8221;Gu\u00edas de Autoayuda&#8221; open_toggle_text_color=&#8221;#FFFFFF&#8221; icon_color=&#8221;#FFFFFF&#8221; toggle_icon=&#8221;&#xe04c;||divi||400&#8243; use_icon_font_size=&#8221;on&#8221; icon_font_size=&#8221;20px&#8221; open_icon_color=&#8221;#FFFFFF&#8221; open_toggle_icon=&#8221;&#xe04b;||divi||400&#8243; open_use_icon_font_size=&#8221;on&#8221; open_icon_font_size=&#8221;20px&#8221; _builder_version=&#8221;4.14.5&#8243; _module_preset=&#8221;default&#8221; title_text_color=&#8221;#FFFFFF&#8221; title_level=&#8221;h3&#8243; title_font=&#8221;|600|||||||&#8221; title_text_align=&#8221;right&#8221; title_font_size=&#8221;30px&#8221; body_text_color=&#8221;#000000&#8243; body_font_size=&#8221;18px&#8221; body_line_height=&#8221;2.6em&#8221; background_image=&#8221;https:\/\/blogsaverroes.juntadeandalucia.es\/etpoepsevilla\/files\/2022\/12\/4-scaled.jpg&#8221; min_height=&#8221;175px&#8221; title_text_shadow_style=&#8221;preset3&#8243; global_colors_info=&#8221;{}&#8221;]<\/p>\n<p><span style=\"color: #ffffff\">&#8211;<a href=\"https:\/\/drive.google.com\/file\/d\/1jnIADwxrdGXCkykfAfhN22bxFFnjuPb4\/view?usp=share_link\" style=\"color: #ffffff\">Qu\u00e9 puedo hacer para dormir mejor<\/a><\/span><\/p>\n<p><span style=\"color: #ffffff\"><a href=\"https:\/\/drive.google.com\/file\/d\/1TkcfOUX2U3SyMOcLy8vKekqRvIkLojuv\/view?usp=share_link\" style=\"color: #ffffff\">-Mejore su estado de \u00e1nimo con la actividad f\u00edsica<\/a><\/span><\/p>\n<p><span style=\"color: #ffffff\"><a href=\"https:\/\/drive.google.com\/file\/d\/1DmSkbgN4Pp9qpuN1NvGKo6Z7Mju_tYFb\/view?usp=share_link\" style=\"color: #ffffff\">-Mejore su Autoestima<\/a><\/span><\/p>\n<p><span style=\"color: #ffffff\"><a href=\"https:\/\/drive.google.com\/file\/d\/1tenSL_zZILcQ_5n8uSX814z0V6h-hAej\/view?usp=share_link\" style=\"color: #ffffff\">-Consejos para dormir mejor<\/a><\/span><\/p>\n<p><span style=\"color: #ffffff\"><a href=\"https:\/\/drive.google.com\/file\/d\/1NRhgcNcQYK1B2om9gOBmEx6YjXf3Fhe-\/view?usp=share_link\" style=\"color: #ffffff\">-Comprendiendo la ansiedad<\/a><\/span><\/p>\n<p><span style=\"color: #ffffff\"><a href=\"https:\/\/drive.google.com\/file\/d\/1xeMm-KD_N4IVh6u0LImgWyTSbr3UTl7m\/view?usp=share_link\" style=\"color: #ffffff\">-C\u00f3mo resolver problemas<\/a><\/span><\/p>\n<p><span style=\"color: #ffffff\"><a href=\"https:\/\/drive.google.com\/file\/d\/1Cd2hb95ZHUG9EM1ta4UgAZlzk2BW8ms3\/view?usp=share_link\" style=\"color: #ffffff\">-C\u00f3mo hacer frente a las preocupaciones<\/a><\/span><\/p>\n<p><span style=\"color: #ffffff\"><a href=\"https:\/\/drive.google.com\/file\/d\/17OCk9bDcHkG7c5EtVKOmgXPDfBq8XoHR\/view?usp=share_link\" style=\"color: #ffffff\">-Aprenda a relajarse<\/a><\/span><\/p>\n<p><span style=\"color: #ffffff\"><a href=\"https:\/\/drive.google.com\/file\/d\/1CU9J7GHV41udzCi8URiHV5dNQZK6hYlz\/view?usp=share_link\" style=\"color: #ffffff\">-Aprenda a relacionarse mejor con los dem\u00e1s<\/a><\/span><\/p>\n<p><span style=\"color: #ffffff\"><a href=\"https:\/\/drive.google.com\/file\/d\/1PuNSTkN0B98jUUD3RWB0_gY3FPiqeMLn\/view?usp=share_link\" style=\"color: #ffffff\">-Aprenda a organizar sus actividades<\/a><\/span><\/p>\n<p><span style=\"color: #ffffff\"><a href=\"https:\/\/drive.google.com\/file\/d\/1lRSm-LaF8RCaMMAU3U1NsjO8ATLBfqel\/view?usp=share_link\" style=\"color: #ffffff\">-Aprenda a controlar sus pensamientos negativos<\/a><\/span><\/p>\n<p><span style=\"color: #ffffff\"><a href=\"https:\/\/drive.google.com\/file\/d\/1dTGhHTK2CiQcnWKXguszi6WoY-gurbsC\/view?usp=share_link\" style=\"color: #ffffff\">-Aprenda a controlar sus pensamientos ansiosos<\/a><\/span><\/p>\n<p><span style=\"color: #ffffff\"><a href=\"https:\/\/drive.google.com\/file\/d\/1dAvSxl6UjhsdPwY7nwIMlX0uOKopb4D0\/view?usp=share_link\" style=\"color: #ffffff\">-Aprenda a controlar la irritabilidad<\/a><\/span><\/p>\n<p><span style=\"color: #ffffff\"><a href=\"https:\/\/drive.google.com\/file\/d\/1WmqxSRLkAeG8vPFSWnPx9C4AM_obaVxO\/view?usp=share_link\" style=\"color: #ffffff\">-Afrontando el estr\u00e9s<\/a><\/span><\/p>\n<p>&nbsp;<\/p>\n<p>&nbsp;<\/p>\n<p>[\/et_pb_toggle][et_pb_toggle title=&#8221;Enlaces de Inter\u00e9s&#8221; open_toggle_text_color=&#8221;#FFFFFF&#8221; open_toggle_background_color=&#8221;#FFFFFF&#8221; icon_color=&#8221;#FFFFFF&#8221; toggle_icon=&#8221;&#xe04c;||divi||400&#8243; use_icon_font_size=&#8221;on&#8221; icon_font_size=&#8221;20px&#8221; open_icon_color=&#8221;#FFFFFF&#8221; open_toggle_icon=&#8221;&#xe04b;||divi||400&#8243; open_use_icon_font_size=&#8221;on&#8221; open_icon_font_size=&#8221;20px&#8221; _builder_version=&#8221;4.14.5&#8243; _module_preset=&#8221;default&#8221; title_text_color=&#8221;#FFFFFF&#8221; title_level=&#8221;h3&#8243; title_font=&#8221;|600|||||||&#8221; title_text_align=&#8221;right&#8221; title_font_size=&#8221;30px&#8221; body_font=&#8221;||||||||&#8221; body_text_color=&#8221;#000000&#8243; body_font_size=&#8221;18px&#8221; body_line_height=&#8221;2em&#8221; background_image=&#8221;https:\/\/blogsaverroes.juntadeandalucia.es\/etpoepsevilla\/files\/2022\/12\/7-scaled.jpg&#8221; parallax=&#8221;on&#8221; min_height=&#8221;175px&#8221; title_text_shadow_style=&#8221;preset3&#8243; body_text_shadow_style=&#8221;preset5&#8243; body_text_shadow_horizontal_length=&#8221;0.07em&#8221; body_text_shadow_color=&#8221;#FFFFFF&#8221; text_shadow_style=&#8221;preset3&#8243; text_shadow_color=&#8221;#000000&#8243; global_colors_info=&#8221;{}&#8221;]<\/p>\n<p><span style=\"color: #ffffff\"><a href=\"https:\/\/www.juntadeandalucia.es\/educacion\/portals\/web\/habitos-vida-saludable\" style=\"color: #ffffff\">-\u00dasame 1<\/a><\/span><\/p>\n<p><span style=\"color: #ffffff\"><a href=\"https:\/\/saludmentalods.org\/\" style=\"color: #ffffff\">-\u00dasame 2<\/a><\/span><\/p>\n<p>[\/et_pb_toggle][\/et_pb_column][\/et_pb_row][\/et_pb_section]<\/p>\n","protected":false},"excerpt":{"rendered":"<p>\u00c1rea de APOYO ACCI\u00d3N TUTOR\u00cdA Y CONVIVENCIA -Enlace de Inter\u00e9s -Pautas de Actuaci\u00f3n Alumnado con c\u00e1ncer -Prevenci\u00f3n Intervenci\u00f3n Educativa en Trastornos de la Conducta Alimentaria -Protocolo prevenci\u00f3n conductas suicidas -Gu\u00edas -Pautas Prevenci\u00f3n Suicidio -Proyecto Euregenas Entorno Escolar\u00a0 &nbsp; \u00a0-Qu\u00e9 puedo hacer para dormir mejor -Mejore su estado de \u00e1nimo con la actividad f\u00edsica -Mejore su [&hellip;]<\/p>\n","protected":false},"author":14835,"featured_media":0,"parent":0,"menu_order":0,"comment_status":"closed","ping_status":"closed","template":"","meta":{"_et_pb_use_builder":"on","_et_pb_old_content":"","_et_gb_content_width":"","ngg_post_thumbnail":0,"footnotes":""},"aioseo_notices":[],"_links":{"self":[{"href":"https:\/\/blogsaverroes.juntadeandalucia.es\/etpoepsevilla\/wp-json\/wp\/v2\/pages\/1574"}],"collection":[{"href":"https:\/\/blogsaverroes.juntadeandalucia.es\/etpoepsevilla\/wp-json\/wp\/v2\/pages"}],"about":[{"href":"https:\/\/blogsaverroes.juntadeandalucia.es\/etpoepsevilla\/wp-json\/wp\/v2\/types\/page"}],"author":[{"embeddable":true,"href":"https:\/\/blogsaverroes.juntadeandalucia.es\/etpoepsevilla\/wp-json\/wp\/v2\/users\/14835"}],"replies":[{"embeddable":true,"href":"https:\/\/blogsaverroes.juntadeandalucia.es\/etpoepsevilla\/wp-json\/wp\/v2\/comments?post=1574"}],"version-history":[{"count":30,"href":"https:\/\/blogsaverroes.juntadeandalucia.es\/etpoepsevilla\/wp-json\/wp\/v2\/pages\/1574\/revisions"}],"predecessor-version":[{"id":2212,"href":"https:\/\/blogsaverroes.juntadeandalucia.es\/etpoepsevilla\/wp-json\/wp\/v2\/pages\/1574\/revisions\/2212"}],"wp:attachment":[{"href":"https:\/\/blogsaverroes.juntadeandalucia.es\/etpoepsevilla\/wp-json\/wp\/v2\/media?parent=1574"}],"curies":[{"name":"wp","href":"https:\/\/api.w.org\/{rel}","templated":true}]}}