{"id":113,"date":"2024-10-31T10:37:32","date_gmt":"2024-10-31T09:37:32","guid":{"rendered":"https:\/\/blogsaverroes.juntadeandalucia.es\/fadehorca\/?page_id=113"},"modified":"2026-02-04T12:15:47","modified_gmt":"2026-02-04T11:15:47","slug":"oboteando-vol-2-audios-de-acompanamiento","status":"publish","type":"page","link":"https:\/\/blogsaverroes.juntadeandalucia.es\/fadehorca\/oboteando-vol-2-audios-de-acompanamiento\/","title":{"rendered":"Oboteando, vol 2. Audios de acompa\u00f1amiento"},"content":{"rendered":"<h1>Oboteando, volumen 2<\/h1>\n<p>Aqu\u00ed ten\u00e9is los enlaces a las pistas de acompa\u00f1amiento. No olvid\u00e9is que en la rueda dentada del reproductor de YouTube pod\u00e9is cambiar la velocidad.<\/p>\n<h3>Colecci\u00f3n 2<\/h3>\n<ul>\n<li><a title=\"Campanas Pentat\u00f3nicas\" href=\"https:\/\/blogsaverroes.juntadeandalucia.es\/fadehorca\/2024\/11\/12\/campanas-pentatonicas-pista-de-acompanamiento\/\" target=\"_blank\" rel=\"noopener\">Campanas Pentat\u00f3nicas<\/a><\/li>\n<li><a title=\"Zapateo\" href=\"https:\/\/blogsaverroes.juntadeandalucia.es\/fadehorca\/2024\/12\/03\/zapateo-pista-de-acompanamiento\/\" target=\"_blank\" rel=\"noopener\">Zapateo<\/a><\/li>\n<li><a title=\"Tan Lejos\" href=\"https:\/\/blogsaverroes.juntadeandalucia.es\/fadehorca\/2024\/12\/03\/tan-lejos-pista-de-acompanamiento\/\" target=\"_blank\" rel=\"noopener\">Tan Lejos<\/a><\/li>\n<li><a title=\"Sin Parar\" href=\"https:\/\/blogsaverroes.juntadeandalucia.es\/fadehorca\/2025\/01\/10\/sin-parar-pista-de-acompanamiento\/\" target=\"_blank\" rel=\"noopener\">Sin Parar<\/a><\/li>\n<li><a title=\"\u00a1Pop!\" href=\"https:\/\/blogsaverroes.juntadeandalucia.es\/fadehorca\/2024\/12\/03\/pop-pista-de-acompanamiento\/\" target=\"_blank\" rel=\"noopener\">\u00a1Pop!<\/a><\/li>\n<li><a title=\"Kookaburra\" href=\"https:\/\/blogsaverroes.juntadeandalucia.es\/fadehorca\/?p=267&amp;preview=true\" target=\"_blank\" rel=\"noopener\">Kookaburra<\/a><\/li>\n<\/ul>\n<h3>Colecci\u00f3n 3<\/h3>\n<ul>\n<li><a title=\"Cautela\" href=\"https:\/\/blogsaverroes.juntadeandalucia.es\/fadehorca\/?p=149&amp;preview=true\" target=\"_blank\" rel=\"noopener\">Cautela<\/a><\/li>\n<li><a href=\"https:\/\/blogsaverroes.juntadeandalucia.es\/fadehorca\/2024\/10\/31\/resolucion-pista-de-acompanamiento\/\" target=\"_blank\" rel=\"noopener\">Resoluci\u00f3n<\/a><\/li>\n<\/ul>\n<h3>Colecci\u00f3n 4<\/h3>\n<ul>\n<li><a title=\"Triplet\" href=\"https:\/\/blogsaverroes.juntadeandalucia.es\/fadehorca\/?p=300&amp;amp;preview=true\" target=\"_blank\" rel=\"noopener\">Triplet<\/a><\/li>\n<li><a title=\"La Rueda de San Miguel\" href=\"https:\/\/blogsaverroes.juntadeandalucia.es\/fadehorca\/2025\/01\/28\/la-rueda-de-san-miguel-pista-de-acompanamiento\/\" target=\"_blank\" rel=\"noopener\">La Rueda de San Miguel<\/a><\/li>\n<\/ul>\n<h3>Colecci\u00f3n 5<\/h3>\n<ul>\n<li><a title=\"Tibur\u00f3n D\u00f3rico\" href=\"https:\/\/blogsaverroes.juntadeandalucia.es\/fadehorca\/2025\/02\/06\/tiburon-dorico-pista-de-acompanamiento\/\" target=\"_blank\" rel=\"noopener\">Tibur\u00f3n D\u00f3rico<\/a><\/li>\n<li><a title=\"Gotitas\" href=\"https:\/\/blogsaverroes.juntadeandalucia.es\/fadehorca\/2025\/02\/07\/gotitas-pista-de-acompanamiento\/\" target=\"_blank\" rel=\"noopener\">Gotitas<\/a><\/li>\n<li><a title=\"El Concierto\" href=\"https:\/\/blogsaverroes.juntadeandalucia.es\/fadehorca\/2025\/02\/14\/el-concierto-pista-de-acompanamiento\/\" target=\"_blank\" rel=\"noopener\">El Concierto<\/a><\/li>\n<li><a title=\"\u00a1Patina!\" href=\"https:\/\/blogsaverroes.juntadeandalucia.es\/fadehorca\/2025\/02\/04\/patina-pista-de-acompanamiento\/\" target=\"_blank\" rel=\"noopener\">\u00a1Patina!<\/a><\/li>\n<\/ul>\n<h3>Colecci\u00f3n 6<\/h3>\n<ul>\n<li><a title=\"Explorando\" href=\"https:\/\/blogsaverroes.juntadeandalucia.es\/fadehorca\/2025\/04\/02\/explorando-pista-de-acompanamiento\/\" target=\"_blank\" rel=\"noopener\">Explorando<\/a><\/li>\n<\/ul>\n<h3>Colecci\u00f3n 8<\/h3>\n<ul>\n<li><a title=\"Lanzamiento de Jabalina\" href=\"https:\/\/blogsaverroes.juntadeandalucia.es\/fadehorca\/2025\/06\/04\/lanzamiento-de-jabalina-pista-de-acompanamiento\/\" target=\"_blank\" rel=\"noopener\">Lanzamiento de Jabalina<\/a><\/li>\n<li><a title=\"Calentando\" href=\"https:\/\/blogsaverroes.juntadeandalucia.es\/fadehorca\/2025\/06\/04\/calentando-pista-de-acompanamiento\/\" target=\"_blank\" rel=\"noopener\">Calentando<\/a><\/li>\n<li><a title=\"Otro Elefante\" href=\"https:\/\/blogsaverroes.juntadeandalucia.es\/fadehorca\/2025\/06\/04\/otro-elefante-pista-de-acompanamiento\/\" target=\"_blank\" rel=\"noopener\">Otro Elefante<\/a><\/li>\n<li><a title=\"Aprendiendo Magia\" href=\"https:\/\/blogsaverroes.juntadeandalucia.es\/fadehorca\/2025\/06\/04\/aprendiendo-magia-pista-de-acompanamiento\/\" target=\"_blank\" rel=\"noopener\">Aprendiendo Magia<\/a><\/li>\n<\/ul>\n<h3>Colecci\u00f3n 9<\/h3>\n<ul>\n<li><a title=\"Los Leones Cobardes\" href=\"https:\/\/blogsaverroes.juntadeandalucia.es\/fadehorca\/2025\/09\/17\/los-leones-cobardes-pista-de-ejemplo\/\" target=\"_blank\" rel=\"noopener\">Los Leones Cobardes<\/a><\/li>\n<\/ul>\n<h3>Colecci\u00f3n 10<\/h3>\n<ul>\n<li><a title=\"El Reloj de Cuerda\" href=\"https:\/\/blogsaverroes.juntadeandalucia.es\/fadehorca\/2025\/09\/30\/el-reloj-de-cuerda-pista-de-acompanamiento\/\" target=\"_blank\" rel=\"noopener\">El Reloj de Cuerda<\/a><\/li>\n<li><a title=\"El Viejo Guardi\u00e1n\" href=\"https:\/\/blogsaverroes.juntadeandalucia.es\/fadehorca\/2025\/09\/30\/el-viejo-guardian-pista-de-acompanamiento\/\" target=\"_blank\" rel=\"noopener\">El Viejo Guardi\u00e1n<\/a><\/li>\n<li><a title=\"El Color del Oro\" href=\"https:\/\/blogsaverroes.juntadeandalucia.es\/fadehorca\/2025\/10\/10\/el-color-del-oro-pista-de-acompanamiento\/\" target=\"_blank\" rel=\"noopener\">El Color del Oro<\/a><\/li>\n<li><a title=\"C\u00f3digos I\" href=\"https:\/\/blogsaverroes.juntadeandalucia.es\/fadehorca\/2025\/10\/10\/codigos-i-pista-de-acompanamiento\/\" target=\"_blank\" rel=\"noopener\">C\u00f3digos I<\/a><\/li>\n<li><a title=\"C\u00f3digos II\" href=\"https:\/\/blogsaverroes.juntadeandalucia.es\/fadehorca\/2025\/10\/10\/codigos-ii-pista-de-acompanamiento\/\" target=\"_blank\" rel=\"noopener\">C\u00f3digos II<\/a><\/li>\n<li><a title=\"C\u00f3digos III\" href=\"https:\/\/blogsaverroes.juntadeandalucia.es\/fadehorca\/2025\/10\/10\/codigos-iii-pista-de-acompanamiento\/\" target=\"_blank\" rel=\"noopener\">C\u00f3digos III<\/a><\/li>\n<\/ul>\n<h3>Colecci\u00f3n 12<\/h3>\n<ul>\n<li><a title=\"El Otro Viaje\" href=\"https:\/\/blogsaverroes.juntadeandalucia.es\/fadehorca\/2025\/12\/03\/el-otro-viaje\/\" target=\"_blank\" rel=\"noopener\">El Otro Viaje<\/a><\/li>\n<li><a title=\"Se Escap\u00f3\" href=\"https:\/\/blogsaverroes.juntadeandalucia.es\/fadehorca\/2025\/12\/03\/se-escapo\/\" target=\"_blank\" rel=\"noopener\">Se Escap\u00f3<\/a><\/li>\n<\/ul>\n<h3>Colecci\u00f3n 13<\/h3>\n<ul>\n<li><a title=\"Ella's Voice\" href=\"https:\/\/blogsaverroes.juntadeandalucia.es\/fadehorca\/2025\/12\/03\/ellas-voice-pista-de-acompanamiento\/\" target=\"_blank\" rel=\"noopener\">Ella&#8217;s Voice<\/a><\/li>\n<li><a title=\"Cholito\" href=\"https:\/\/blogsaverroes.juntadeandalucia.es\/fadehorca\/2025\/12\/09\/cholito-pista-de-acompanamiento\/\" target=\"_blank\" rel=\"noopener\">Cholito<\/a><\/li>\n<\/ul>\n<h3>Colecci\u00f3n 14<\/h3>\n<ul>\n<li><a title=\"Lleno o Vac\u00edo\" href=\"https:\/\/blogsaverroes.juntadeandalucia.es\/fadehorca\/2026\/02\/04\/lleno-o-vacio-pista-de-acompanamiento\/\" target=\"_blank\" rel=\"noopener\">Lleno o Vac\u00edo<\/a><\/li>\n<li><a title=\"\u00a1Pillados!\" href=\"https:\/\/blogsaverroes.juntadeandalucia.es\/fadehorca\/2024\/11\/14\/pillados-pista-de-acompanamiento\/\" target=\"_blank\" rel=\"noopener\">\u00a1Pillados!<\/a><\/li>\n<\/ul>\n<h3>Colecci\u00f3n 15<\/h3>\n<ul>\n<li><a title=\"Meu Barco \u00e9 Veleiro\" href=\"https:\/\/blogsaverroes.juntadeandalucia.es\/fadehorca\/2024\/11\/26\/meu-barco-e-veleiro-pista-de-acompanamiento\/\" target=\"_blank\" rel=\"noopener\">Meu Barco \u00e9 Veleiro<\/a><\/li>\n<\/ul>\n<h3>Colecci\u00f3n 16<\/h3>\n<ul>\n<li><a title=\"Gentilmente\" href=\"https:\/\/blogsaverroes.juntadeandalucia.es\/fadehorca\/?p=310&amp;preview=true\" target=\"_blank\" rel=\"noopener\">Gentilmente<\/a><\/li>\n<li><a title=\"La Escuela\" href=\"https:\/\/blogsaverroes.juntadeandalucia.es\/fadehorca\/?p=311&amp;preview=true\" target=\"_blank\" rel=\"noopener\">La Escuela<\/a><\/li>\n<li><a title=\"Juegos Saltarines\" href=\"https:\/\/blogsaverroes.juntadeandalucia.es\/fadehorca\/2025\/01\/17\/juegos-saltarines-pista-de-acompanamiento\/\" target=\"_blank\" rel=\"noopener\">Juegos Saltarines<\/a><\/li>\n<li><a title=\"Sarabande\" href=\"https:\/\/blogsaverroes.juntadeandalucia.es\/fadehorca\/?p=312&amp;preview=true\" target=\"_blank\" rel=\"noopener\">Sarabande<\/a><\/li>\n<\/ul>\n<h3>Colecci\u00f3n 17<\/h3>\n<ul>\n<li><a title=\"Hilando\" href=\"https:\/\/blogsaverroes.juntadeandalucia.es\/fadehorca\/2025\/03\/01\/hilando-pista-de-acompanamiento\/\" target=\"_blank\" rel=\"noopener\">Hilando<\/a><\/li>\n<\/ul>\n","protected":false},"excerpt":{"rendered":"<p>Oboteando, volumen 2 Aqu\u00ed ten\u00e9is los enlaces a las pistas de acompa\u00f1amiento. No olvid\u00e9is que en la rueda dentada del reproductor de YouTube pod\u00e9is cambiar la velocidad. Colecci\u00f3n 2 Campanas Pentat\u00f3nicas Zapateo Tan Lejos Sin Parar \u00a1Pop! Kookaburra Colecci\u00f3n 3 Cautela Resoluci\u00f3n Colecci\u00f3n 4 Triplet La Rueda de San Miguel Colecci\u00f3n 5 Tibur\u00f3n D\u00f3rico Gotitas [&hellip;]<\/p>\n","protected":false},"author":20013,"featured_media":0,"parent":0,"menu_order":0,"comment_status":"closed","ping_status":"closed","template":"","meta":{"_exactmetrics_skip_tracking":false,"_exactmetrics_sitenote_active":false,"_exactmetrics_sitenote_note":"","_exactmetrics_sitenote_category":0,"footnotes":""},"aioseo_notices":[],"post_mailing_queue_ids":[],"_links":{"self":[{"href":"https:\/\/blogsaverroes.juntadeandalucia.es\/fadehorca\/wp-json\/wp\/v2\/pages\/113"}],"collection":[{"href":"https:\/\/blogsaverroes.juntadeandalucia.es\/fadehorca\/wp-json\/wp\/v2\/pages"}],"about":[{"href":"https:\/\/blogsaverroes.juntadeandalucia.es\/fadehorca\/wp-json\/wp\/v2\/types\/page"}],"author":[{"embeddable":true,"href":"https:\/\/blogsaverroes.juntadeandalucia.es\/fadehorca\/wp-json\/wp\/v2\/users\/20013"}],"replies":[{"embeddable":true,"href":"https:\/\/blogsaverroes.juntadeandalucia.es\/fadehorca\/wp-json\/wp\/v2\/comments?post=113"}],"version-history":[{"count":44,"href":"https:\/\/blogsaverroes.juntadeandalucia.es\/fadehorca\/wp-json\/wp\/v2\/pages\/113\/revisions"}],"predecessor-version":[{"id":1062,"href":"https:\/\/blogsaverroes.juntadeandalucia.es\/fadehorca\/wp-json\/wp\/v2\/pages\/113\/revisions\/1062"}],"wp:attachment":[{"href":"https:\/\/blogsaverroes.juntadeandalucia.es\/fadehorca\/wp-json\/wp\/v2\/media?parent=113"}],"curies":[{"name":"wp","href":"https:\/\/api.w.org\/{rel}","templated":true}]}}